{"id":4774,"date":"2025-10-06T11:30:25","date_gmt":"2025-10-06T11:30:25","guid":{"rendered":"https:\/\/kraftiapet.com\/?post_type=product&#038;p=4774"},"modified":"2026-03-20T11:05:17","modified_gmt":"2026-03-20T11:05:17","slug":"wm-weight-management-2","status":"publish","type":"product","link":"https:\/\/kraftiapet.com\/hr\/proizvod\/wm-weight-management-2\/","title":{"rendered":"WM Weight Management"},"content":{"rendered":"","protected":false},"excerpt":{"rendered":"<p>WM Weight Management \u2013 Craftia Galena Veterinary je potpuna dijetetska hrana za ma\u010dke, razvijena kao veterinarska hrana za ma\u010dke za kontrolu te\u017eine i pretilosti. Formulirana je za promicanje sigurnog i u\u010dinkovitog smanjenja te\u017eine kroz preciznu kontrolu kalorija i optimalan balans hranjivih tvari. Ova veterinarska dijeta podr\u017eava metabolizam masti, poma\u017ee u odr\u017eavanju mi\u0161i\u0107ne mase i doprinosi ukupnoj metaboli\u010dkoj stabilnosti.  <\/p>\n<p><strong>KADA GALENA KONTROLA TE\u017dINE?<\/strong><\/p>\n<ul>\n<li>Za smanjenje i kontrolu prekomjerne tjelesne te\u017eine<\/li>\n<li>Podr\u017eava metabolizam masti i o\u010duvanje mi\u0161i\u0107ne mase<\/li>\n<li>Promi\u010de zdrav energetski balans i osje\u0107aj sitosti<\/li>\n<li>Preporu\u010deno za ma\u010dke s prekomjernom te\u017einom i pretile ma\u010dke<\/li>\n<li>Poma\u017ee u odr\u017eavanju idealne tjelesne kondicije nakon gubitka te\u017eine<\/li>\n<\/ul>\n","protected":false},"featured_media":4775,"comment_status":"open","ping_status":"closed","template":"","meta":{"_acf_changed":false},"pwb-brand":[],"product_brand":[344],"product_cat":[336,337],"product_tag":[],"class_list":{"0":"post-4774","1":"product","2":"type-product","3":"status-publish","4":"has-post-thumbnail","6":"product_brand-craftia-galena","7":"product_cat-cat-food","8":"product_cat-adult-cat","10":"first","11":"instock","12":"taxable","13":"shipping-taxable","14":"product-type-variable"},"acf":[],"brands":[],"_links":{"self":[{"href":"https:\/\/kraftiapet.com\/hr\/wp-json\/wp\/v2\/product\/4774","targetHints":{"allow":["GET"]}}],"collection":[{"href":"https:\/\/kraftiapet.com\/hr\/wp-json\/wp\/v2\/product"}],"about":[{"href":"https:\/\/kraftiapet.com\/hr\/wp-json\/wp\/v2\/types\/product"}],"replies":[{"embeddable":true,"href":"https:\/\/kraftiapet.com\/hr\/wp-json\/wp\/v2\/comments?post=4774"}],"wp:featuredmedia":[{"embeddable":true,"href":"https:\/\/kraftiapet.com\/hr\/wp-json\/wp\/v2\/media\/4775"}],"wp:attachment":[{"href":"https:\/\/kraftiapet.com\/hr\/wp-json\/wp\/v2\/media?parent=4774"}],"wp:term":[{"taxonomy":"pwb-brand","embeddable":true,"href":"https:\/\/kraftiapet.com\/hr\/wp-json\/wp\/v2\/pwb-brand?post=4774"},{"taxonomy":"product_brand","embeddable":true,"href":"https:\/\/kraftiapet.com\/hr\/wp-json\/wp\/v2\/product_brand?post=4774"},{"taxonomy":"product_cat","embeddable":true,"href":"https:\/\/kraftiapet.com\/hr\/wp-json\/wp\/v2\/product_cat?post=4774"},{"taxonomy":"product_tag","embeddable":true,"href":"https:\/\/kraftiapet.com\/hr\/wp-json\/wp\/v2\/product_tag?post=4774"}],"curies":[{"name":"wp","href":"https:\/\/api.w.org\/{rel}","templated":true}]}}