{"id":4778,"date":"2025-10-06T11:58:33","date_gmt":"2025-10-06T11:58:33","guid":{"rendered":"https:\/\/kraftiapet.com\/?post_type=product&#038;p=4778"},"modified":"2026-03-20T11:05:17","modified_gmt":"2026-03-20T11:05:17","slug":"gc-gastrointestinal-care-2","status":"publish","type":"product","link":"https:\/\/kraftiapet.com\/hr\/proizvod\/gc-gastrointestinal-care-2\/","title":{"rendered":"GC Gastrointestinal Care"},"content":{"rendered":"","protected":false},"excerpt":{"rendered":"<p>&lt;p&gt;GC Gastrointestinal Care \u2013 Craftia Galena Veterinary je potpuna dijetetska hrana za ma\u010dke, formulirana kao veterinarska hrana za ma\u010dke za probavnu podr\u0161ku i gastrointestinalnu njegu. Namijenjena je smanjenju poreme\u0107aja apsorpcije u crijevima te kao kompenzacija za maldigestiju i egzokrinu insuficijenciju gu\u0161tera\u010de. Dijeta uklju\u010duje lako probavljive sastojke s povi\u0161enim razinama natrija i kalija za stabilizaciju ravnote\u017ee elektrolita, podr\u0161ku oporavku crijeva i pobolj\u0161anje asimilacije hranjivih tvari.  &lt;\/p&gt;<br \/>\n&lt;p&gt;&lt;strong&gt;KADA KORISTITI GALENA GASTROINTESTINAL CARE?&lt;\/strong&gt;&lt;\/p&gt;<br \/>\n&lt;ul&gt;<br \/>\n&lt;li&gt;Za smanjenje poreme\u0107aja apsorpcije u crijevima&lt;\/li&gt;<br \/>\n&lt;li&gt;Kao kompenzacija za maldigestiju ili insuficijenciju gu\u0161tera\u010de&lt;\/li&gt;<br \/>\n&lt;li&gt;Podr\u017eava probavnu u\u010dinkovitost i apsorpciju hranjivih tvari&lt;\/li&gt;<br \/>\n&lt;li&gt;Pove\u0107ava stabilnost elektrolita s natrijem i kalijem&lt;\/li&gt;<br \/>\n&lt;li&gt;Preporu\u010duje se ma\u010dkama s kroni\u010dnim ili akutnim gastrointestinalnim problemima&lt;\/li&gt;<br \/>\n&lt;\/ul&gt;<\/p>\n","protected":false},"featured_media":4779,"comment_status":"open","ping_status":"closed","template":"","meta":{"_acf_changed":false},"pwb-brand":[],"product_brand":[344],"product_cat":[336,337],"product_tag":[],"class_list":{"0":"post-4778","1":"product","2":"type-product","3":"status-publish","4":"has-post-thumbnail","6":"product_brand-craftia-galena","7":"product_cat-cat-food","8":"product_cat-adult-cat","10":"first","11":"instock","12":"taxable","13":"shipping-taxable","14":"product-type-variable"},"acf":[],"brands":[],"_links":{"self":[{"href":"https:\/\/kraftiapet.com\/hr\/wp-json\/wp\/v2\/product\/4778","targetHints":{"allow":["GET"]}}],"collection":[{"href":"https:\/\/kraftiapet.com\/hr\/wp-json\/wp\/v2\/product"}],"about":[{"href":"https:\/\/kraftiapet.com\/hr\/wp-json\/wp\/v2\/types\/product"}],"replies":[{"embeddable":true,"href":"https:\/\/kraftiapet.com\/hr\/wp-json\/wp\/v2\/comments?post=4778"}],"wp:featuredmedia":[{"embeddable":true,"href":"https:\/\/kraftiapet.com\/hr\/wp-json\/wp\/v2\/media\/4779"}],"wp:attachment":[{"href":"https:\/\/kraftiapet.com\/hr\/wp-json\/wp\/v2\/media?parent=4778"}],"wp:term":[{"taxonomy":"pwb-brand","embeddable":true,"href":"https:\/\/kraftiapet.com\/hr\/wp-json\/wp\/v2\/pwb-brand?post=4778"},{"taxonomy":"product_brand","embeddable":true,"href":"https:\/\/kraftiapet.com\/hr\/wp-json\/wp\/v2\/product_brand?post=4778"},{"taxonomy":"product_cat","embeddable":true,"href":"https:\/\/kraftiapet.com\/hr\/wp-json\/wp\/v2\/product_cat?post=4778"},{"taxonomy":"product_tag","embeddable":true,"href":"https:\/\/kraftiapet.com\/hr\/wp-json\/wp\/v2\/product_tag?post=4778"}],"curies":[{"name":"wp","href":"https:\/\/api.w.org\/{rel}","templated":true}]}}