{"id":4782,"date":"2025-10-07T05:48:17","date_gmt":"2025-10-07T05:48:17","guid":{"rendered":"https:\/\/kraftiapet.com\/?post_type=product&#038;p=4782"},"modified":"2026-03-20T11:05:16","modified_gmt":"2026-03-20T11:05:16","slug":"wjmc-weight-joint-mobility-care","status":"publish","type":"product","link":"https:\/\/kraftiapet.com\/hr\/proizvod\/wjmc-weight-joint-mobility-care\/","title":{"rendered":"WJMC Weight &amp; Joint Mobility Care"},"content":{"rendered":"","protected":false},"excerpt":{"rendered":"<p>WJMC Weight &amp; Joint Mobility Care \u2013 Craftia Galena Veterinary je potpuna dijetetska hrana za ma\u010dke, formulirana kao veterinarska hrana za ma\u010dke za kontrolu te\u017eine i potporu zglobovima. Poma\u017ee u smanjenju prekomjerne tjelesne te\u017eine i podr\u017eava metabolizam zglobova u slu\u010dajevima osteoartritisa. Uravnote\u017eena receptura uklju\u010duje kontrolirane razine energije i esencijalne hranjive tvari za o\u010duvanje mi\u0161i\u0107ne mase, odr\u017eavanje fleksibilnosti i promicanje udobnosti kod ma\u010daka s prekomjernom te\u017einom ili starijih ma\u010daka.  <\/p>\n<p><strong>KADA KORISTITI GALENA WJMC Weight &amp; Joint Mobility Care?<\/strong><\/p>\n<ul>\n<li>Za smanjenje i kontrolu prekomjerne tjelesne te\u017eine<\/li>\n<li>Podr\u017eava metabolizam zglobova kod osteoartritisa<\/li>\n<li>Pobolj\u0161ava pokretljivost i fleksibilnost<\/li>\n<li>Poma\u017ee u odr\u017eavanju \u010diste mi\u0161i\u0107ne mase tijekom mr\u0161avljenja<\/li>\n<li>Preporu\u010duje se za ma\u010dke s prekomjernom te\u017einom, starije ili manje aktivne ma\u010dke<\/li>\n<\/ul>\n","protected":false},"featured_media":4783,"comment_status":"open","ping_status":"closed","template":"","meta":{"_acf_changed":false},"pwb-brand":[],"product_brand":[344],"product_cat":[336,337],"product_tag":[],"class_list":{"0":"post-4782","1":"product","2":"type-product","3":"status-publish","4":"has-post-thumbnail","6":"product_brand-craftia-galena","7":"product_cat-cat-food","8":"product_cat-adult-cat","10":"first","11":"instock","12":"taxable","13":"shipping-taxable","14":"product-type-variable"},"acf":[],"brands":[],"_links":{"self":[{"href":"https:\/\/kraftiapet.com\/hr\/wp-json\/wp\/v2\/product\/4782","targetHints":{"allow":["GET"]}}],"collection":[{"href":"https:\/\/kraftiapet.com\/hr\/wp-json\/wp\/v2\/product"}],"about":[{"href":"https:\/\/kraftiapet.com\/hr\/wp-json\/wp\/v2\/types\/product"}],"replies":[{"embeddable":true,"href":"https:\/\/kraftiapet.com\/hr\/wp-json\/wp\/v2\/comments?post=4782"}],"wp:featuredmedia":[{"embeddable":true,"href":"https:\/\/kraftiapet.com\/hr\/wp-json\/wp\/v2\/media\/4783"}],"wp:attachment":[{"href":"https:\/\/kraftiapet.com\/hr\/wp-json\/wp\/v2\/media?parent=4782"}],"wp:term":[{"taxonomy":"pwb-brand","embeddable":true,"href":"https:\/\/kraftiapet.com\/hr\/wp-json\/wp\/v2\/pwb-brand?post=4782"},{"taxonomy":"product_brand","embeddable":true,"href":"https:\/\/kraftiapet.com\/hr\/wp-json\/wp\/v2\/product_brand?post=4782"},{"taxonomy":"product_cat","embeddable":true,"href":"https:\/\/kraftiapet.com\/hr\/wp-json\/wp\/v2\/product_cat?post=4782"},{"taxonomy":"product_tag","embeddable":true,"href":"https:\/\/kraftiapet.com\/hr\/wp-json\/wp\/v2\/product_tag?post=4782"}],"curies":[{"name":"wp","href":"https:\/\/api.w.org\/{rel}","templated":true}]}}