{"id":4786,"date":"2025-10-07T11:22:08","date_gmt":"2025-10-07T11:22:08","guid":{"rendered":"https:\/\/kraftiapet.com\/?post_type=product&#038;p=4786"},"modified":"2026-03-20T11:05:55","modified_gmt":"2026-03-20T11:05:55","slug":"hdc-hypoallergenic-derm-care-2","status":"publish","type":"product","link":"https:\/\/kraftiapet.com\/hr\/proizvod\/hdc-hypoallergenic-derm-care-2\/","title":{"rendered":"HDC Hypoallergenic Derm Care"},"content":{"rendered":"","protected":false},"excerpt":{"rendered":"<p>HDC Hypoallergenic Derm Care \u2013 Galena Veterinary je potpuna dijetetska hrana za pse, formulirana kao veterinarska hrana za pse za ko\u017ene alergije i dermatoze. Poma\u017ee u smanjenju intolerancije na sastojke i hranjive tvari, istovremeno podr\u017eavaju\u0107i funkciju ko\u017ee u slu\u010dajevima dermatoze i prekomjernog gubitka dlake. Oboga\u0107ena linolnom kiselinom (LA), eikozapentaenskom kiselinom (EPA) i dokozaheksaenskom kiselinom (DHA), poti\u010de zdravu regeneraciju ko\u017ee, pobolj\u0161ava kvalitetu dlake i poma\u017ee u obnavljanju prirodne ko\u017ene barijere.  <\/p>\n<p><strong>KADA KORISTITI HDC Hypoallergenic Derm Care?<\/strong><\/p>\n<ul>\n<li>Za pse s intolerancijom na hranu ili hranjive tvari<\/li>\n<li>U slu\u010dajevima dermatoze ili prekomjernog gubitka dlake<\/li>\n<li>Podr\u017eava ko\u017enu barijeru i regeneraciju<\/li>\n<li>Poma\u017ee u smanjenju svrbe\u017ea i iritacije<\/li>\n<li>Pobolj\u0161ava sjaj i teksturu dlake<\/li>\n<li>Preporu\u010duje se za pse sklone alergijskim ko\u017enim reakcijama<\/li>\n<\/ul>\n","protected":false},"featured_media":4787,"comment_status":"open","ping_status":"closed","template":"","meta":{"_acf_changed":false},"pwb-brand":[],"product_brand":[344],"product_cat":[320,325],"product_tag":[],"class_list":{"0":"post-4786","1":"product","2":"type-product","3":"status-publish","4":"has-post-thumbnail","6":"product_brand-craftia-galena","7":"product_cat-dog-food","8":"product_cat-adult-dog","10":"first","11":"instock","12":"taxable","13":"shipping-taxable","14":"product-type-variable"},"acf":[],"brands":[],"_links":{"self":[{"href":"https:\/\/kraftiapet.com\/hr\/wp-json\/wp\/v2\/product\/4786","targetHints":{"allow":["GET"]}}],"collection":[{"href":"https:\/\/kraftiapet.com\/hr\/wp-json\/wp\/v2\/product"}],"about":[{"href":"https:\/\/kraftiapet.com\/hr\/wp-json\/wp\/v2\/types\/product"}],"replies":[{"embeddable":true,"href":"https:\/\/kraftiapet.com\/hr\/wp-json\/wp\/v2\/comments?post=4786"}],"wp:featuredmedia":[{"embeddable":true,"href":"https:\/\/kraftiapet.com\/hr\/wp-json\/wp\/v2\/media\/4787"}],"wp:attachment":[{"href":"https:\/\/kraftiapet.com\/hr\/wp-json\/wp\/v2\/media?parent=4786"}],"wp:term":[{"taxonomy":"pwb-brand","embeddable":true,"href":"https:\/\/kraftiapet.com\/hr\/wp-json\/wp\/v2\/pwb-brand?post=4786"},{"taxonomy":"product_brand","embeddable":true,"href":"https:\/\/kraftiapet.com\/hr\/wp-json\/wp\/v2\/product_brand?post=4786"},{"taxonomy":"product_cat","embeddable":true,"href":"https:\/\/kraftiapet.com\/hr\/wp-json\/wp\/v2\/product_cat?post=4786"},{"taxonomy":"product_tag","embeddable":true,"href":"https:\/\/kraftiapet.com\/hr\/wp-json\/wp\/v2\/product_tag?post=4786"}],"curies":[{"name":"wp","href":"https:\/\/api.w.org\/{rel}","templated":true}]}}