{"id":4790,"date":"2025-10-07T11:34:35","date_gmt":"2025-10-07T11:34:35","guid":{"rendered":"https:\/\/kraftiapet.com\/?post_type=product&#038;p=4790"},"modified":"2026-03-20T11:05:55","modified_gmt":"2026-03-20T11:05:55","slug":"cc-calming-care","status":"publish","type":"product","link":"https:\/\/kraftiapet.com\/hr\/proizvod\/cc-calming-care\/","title":{"rendered":"CC Calming Care"},"content":{"rendered":"","protected":false},"excerpt":{"rendered":"<p>Galena Calming Care je potpuna dijetetska hrana za pse, formulirana kao veterinarska hrana za pse za smirenje i potporu pri stresu. Poma\u017ee psima da se nose sa stresnim situacijama i smanjuje povezane probleme u pona\u0161anju kao \u0161to su anksioznost, nemir ili hiperaktivnost. Ova veterinarska formula podr\u017eava emocionalnu ravnote\u017eu i poti\u010de smirenost bez uporabe sedativa.  <\/p>\n<p><strong>KADA GALENA CALMING CARE?<\/strong><\/p>\n<ul>\n<li>Tijekom stresnih situacija kao \u0161to su putovanja, posjeti veterinaru ili glasne buke<\/li>\n<li>Za pse koji pokazuju znakove anksioznosti ili hiperaktivnosti<\/li>\n<li>Za potporu emocionalnoj ravnote\u017ei i opu\u0161tanju<\/li>\n<li>Kao dopunska pomo\u0107 bihevioralnoj terapiji<\/li>\n<li>Za dugoro\u010dnu prevenciju stresa i dobrobit<\/li>\n<\/ul>\n","protected":false},"featured_media":4791,"comment_status":"open","ping_status":"closed","template":"","meta":{"_acf_changed":false},"pwb-brand":[],"product_brand":[344],"product_cat":[320,325],"product_tag":[],"class_list":{"0":"post-4790","1":"product","2":"type-product","3":"status-publish","4":"has-post-thumbnail","6":"product_brand-craftia-galena","7":"product_cat-dog-food","8":"product_cat-adult-dog","10":"first","11":"instock","12":"taxable","13":"shipping-taxable","14":"product-type-variable"},"acf":[],"brands":[],"_links":{"self":[{"href":"https:\/\/kraftiapet.com\/hr\/wp-json\/wp\/v2\/product\/4790","targetHints":{"allow":["GET"]}}],"collection":[{"href":"https:\/\/kraftiapet.com\/hr\/wp-json\/wp\/v2\/product"}],"about":[{"href":"https:\/\/kraftiapet.com\/hr\/wp-json\/wp\/v2\/types\/product"}],"replies":[{"embeddable":true,"href":"https:\/\/kraftiapet.com\/hr\/wp-json\/wp\/v2\/comments?post=4790"}],"wp:featuredmedia":[{"embeddable":true,"href":"https:\/\/kraftiapet.com\/hr\/wp-json\/wp\/v2\/media\/4791"}],"wp:attachment":[{"href":"https:\/\/kraftiapet.com\/hr\/wp-json\/wp\/v2\/media?parent=4790"}],"wp:term":[{"taxonomy":"pwb-brand","embeddable":true,"href":"https:\/\/kraftiapet.com\/hr\/wp-json\/wp\/v2\/pwb-brand?post=4790"},{"taxonomy":"product_brand","embeddable":true,"href":"https:\/\/kraftiapet.com\/hr\/wp-json\/wp\/v2\/product_brand?post=4790"},{"taxonomy":"product_cat","embeddable":true,"href":"https:\/\/kraftiapet.com\/hr\/wp-json\/wp\/v2\/product_cat?post=4790"},{"taxonomy":"product_tag","embeddable":true,"href":"https:\/\/kraftiapet.com\/hr\/wp-json\/wp\/v2\/product_tag?post=4790"}],"curies":[{"name":"wp","href":"https:\/\/api.w.org\/{rel}","templated":true}]}}