{"id":4794,"date":"2025-10-07T08:55:42","date_gmt":"2025-10-07T08:55:42","guid":{"rendered":"https:\/\/kraftiapet.com\/?post_type=product&#038;p=4794"},"modified":"2026-03-20T11:05:15","modified_gmt":"2026-03-20T11:05:15","slug":"gc-gastrointestinal-care","status":"publish","type":"product","link":"https:\/\/kraftiapet.com\/hr\/proizvod\/gc-gastrointestinal-care\/","title":{"rendered":"GC Gastrointestinal Care"},"content":{"rendered":"","protected":false},"excerpt":{"rendered":"<p>GC Gastrointestinal Care \u2013 Craftia Galena Veterinary je potpuna dijetetska hrana za pse, formulirana kao veterinarska hrana za pse za potporu probave i gastrointestinalnu skrb. Namijenjena je smanjenju poreme\u0107aja crijevne apsorpcije te kao kompenzacija za maldigestiju i egzokrinu insuficijenciju gu\u0161tera\u010de. Ova lako probavljiva formula osigurava pove\u0107ane razine natrija i kalija za potporu ravnote\u017ee elektrolita, obnavljanje apsorpcije hranjivih tvari i promicanje zdrave probave.  <\/p>\n<p><strong>KADA KORISTITI GALENA GC Gastrointestinal Care?<\/strong><\/p>\n<ul>\n<li>Za poreme\u0107aje crijevne apsorpcije i maldigestiju<\/li>\n<li>Podr\u017eava pse s egzokrinom insuficijencijom gu\u0161tera\u010de<\/li>\n<li>Lako probavljivo s uravnote\u017eenim elektrolitima<\/li>\n<li>Pobolj\u0161ava apsorpciju hranjivih tvari i kvalitetu stolice<\/li>\n<li>Preporu\u010duje se za pse s osjetljivom ili poreme\u0107enom probavom<\/li>\n<\/ul>\n","protected":false},"featured_media":4795,"comment_status":"open","ping_status":"closed","template":"","meta":{"_acf_changed":false},"pwb-brand":[],"product_brand":[344],"product_cat":[320,325],"product_tag":[],"class_list":{"0":"post-4794","1":"product","2":"type-product","3":"status-publish","4":"has-post-thumbnail","6":"product_brand-craftia-galena","7":"product_cat-dog-food","8":"product_cat-adult-dog","10":"first","11":"instock","12":"taxable","13":"shipping-taxable","14":"product-type-variable"},"acf":[],"brands":[],"_links":{"self":[{"href":"https:\/\/kraftiapet.com\/hr\/wp-json\/wp\/v2\/product\/4794","targetHints":{"allow":["GET"]}}],"collection":[{"href":"https:\/\/kraftiapet.com\/hr\/wp-json\/wp\/v2\/product"}],"about":[{"href":"https:\/\/kraftiapet.com\/hr\/wp-json\/wp\/v2\/types\/product"}],"replies":[{"embeddable":true,"href":"https:\/\/kraftiapet.com\/hr\/wp-json\/wp\/v2\/comments?post=4794"}],"wp:featuredmedia":[{"embeddable":true,"href":"https:\/\/kraftiapet.com\/hr\/wp-json\/wp\/v2\/media\/4795"}],"wp:attachment":[{"href":"https:\/\/kraftiapet.com\/hr\/wp-json\/wp\/v2\/media?parent=4794"}],"wp:term":[{"taxonomy":"pwb-brand","embeddable":true,"href":"https:\/\/kraftiapet.com\/hr\/wp-json\/wp\/v2\/pwb-brand?post=4794"},{"taxonomy":"product_brand","embeddable":true,"href":"https:\/\/kraftiapet.com\/hr\/wp-json\/wp\/v2\/product_brand?post=4794"},{"taxonomy":"product_cat","embeddable":true,"href":"https:\/\/kraftiapet.com\/hr\/wp-json\/wp\/v2\/product_cat?post=4794"},{"taxonomy":"product_tag","embeddable":true,"href":"https:\/\/kraftiapet.com\/hr\/wp-json\/wp\/v2\/product_tag?post=4794"}],"curies":[{"name":"wp","href":"https:\/\/api.w.org\/{rel}","templated":true}]}}