{"id":4798,"date":"2025-10-07T10:32:58","date_gmt":"2025-10-07T10:32:58","guid":{"rendered":"https:\/\/kraftiapet.com\/?post_type=product&#038;p=4798"},"modified":"2026-03-20T11:05:15","modified_gmt":"2026-03-20T11:05:15","slug":"jc-joint-mobility-care","status":"publish","type":"product","link":"https:\/\/kraftiapet.com\/hr\/proizvod\/jc-joint-mobility-care\/","title":{"rendered":"JC Joint &amp; Mobility Care"},"content":{"rendered":"","protected":false},"excerpt":{"rendered":"<p>JC Joint &amp; Mobility Care \u2013 Galena Veterinary je potpuna dijetetska hrana za odrasle pse, formulirana kao veterinarska hrana za pse za potporu zglobovima i pokretljivost. Poma\u017ee u odr\u017eavanju metabolizma zglobova u slu\u010dajevima osteoartritisa i podr\u017eava fleksibilnost, regeneraciju hrskavice i op\u0107u udobnost zglobova. Idealno za odrasle i starije pse koji osje\u0107aju uko\u010denost ili smanjenu pokretljivost zbog starosti ili optere\u0107enja zglobova.  <\/p>\n<p><strong>KADA KORISTITI GALENA JC Joint &amp; Mobility Care?<\/strong><\/p>\n<ul>\n<li>Podr\u017eava metabolizam zglobova kod osteoartritisa<\/li>\n<li>Poti\u010de regeneraciju hrskavice i fleksibilnost<\/li>\n<li>Pobolj\u0161ava pokretljivost i udobnost kod odraslih pasa<\/li>\n<li>Preporu\u010duje se za pse s uko\u010deno\u0161\u0107u ili bolovima u zglobovima<\/li>\n<li>Poma\u017ee u odr\u017eavanju dugoro\u010dnog zdravlja zglobova i pokretljivosti<\/li>\n<\/ul>\n","protected":false},"featured_media":4799,"comment_status":"open","ping_status":"closed","template":"","meta":{"_acf_changed":false},"pwb-brand":[],"product_brand":[344],"product_cat":[320,325],"product_tag":[],"class_list":{"0":"post-4798","1":"product","2":"type-product","3":"status-publish","4":"has-post-thumbnail","6":"product_brand-craftia-galena","7":"product_cat-dog-food","8":"product_cat-adult-dog","10":"first","11":"instock","12":"taxable","13":"shipping-taxable","14":"product-type-variable"},"acf":[],"brands":[],"_links":{"self":[{"href":"https:\/\/kraftiapet.com\/hr\/wp-json\/wp\/v2\/product\/4798","targetHints":{"allow":["GET"]}}],"collection":[{"href":"https:\/\/kraftiapet.com\/hr\/wp-json\/wp\/v2\/product"}],"about":[{"href":"https:\/\/kraftiapet.com\/hr\/wp-json\/wp\/v2\/types\/product"}],"replies":[{"embeddable":true,"href":"https:\/\/kraftiapet.com\/hr\/wp-json\/wp\/v2\/comments?post=4798"}],"wp:featuredmedia":[{"embeddable":true,"href":"https:\/\/kraftiapet.com\/hr\/wp-json\/wp\/v2\/media\/4799"}],"wp:attachment":[{"href":"https:\/\/kraftiapet.com\/hr\/wp-json\/wp\/v2\/media?parent=4798"}],"wp:term":[{"taxonomy":"pwb-brand","embeddable":true,"href":"https:\/\/kraftiapet.com\/hr\/wp-json\/wp\/v2\/pwb-brand?post=4798"},{"taxonomy":"product_brand","embeddable":true,"href":"https:\/\/kraftiapet.com\/hr\/wp-json\/wp\/v2\/product_brand?post=4798"},{"taxonomy":"product_cat","embeddable":true,"href":"https:\/\/kraftiapet.com\/hr\/wp-json\/wp\/v2\/product_cat?post=4798"},{"taxonomy":"product_tag","embeddable":true,"href":"https:\/\/kraftiapet.com\/hr\/wp-json\/wp\/v2\/product_tag?post=4798"}],"curies":[{"name":"wp","href":"https:\/\/api.w.org\/{rel}","templated":true}]}}