{"id":4806,"date":"2025-10-07T07:12:42","date_gmt":"2025-10-07T07:12:42","guid":{"rendered":"https:\/\/kraftiapet.com\/?post_type=product&#038;p=4806"},"modified":"2026-03-20T11:05:16","modified_gmt":"2026-03-20T11:05:16","slug":"dc-diabetic-care","status":"publish","type":"product","link":"https:\/\/kraftiapet.com\/hr\/proizvod\/dc-diabetic-care\/","title":{"rendered":"DC Diabetic Care"},"content":{"rendered":"","protected":false},"excerpt":{"rendered":"<p>DC Diabetic Care \u2013 Craftia Galena Veterinary je potpuna dijetetska hrana za ma\u010dke, formulirana kao veterinarska hrana za ma\u010dke za dijabetes i regulaciju glukoze. Poma\u017ee u kontroli opskrbe glukozom kod ma\u010daka s dijabetesom melitusom kroz uravnote\u017een nutritivni profil. Formulacija se odlikuje niskom razinom mono- i disaharida, \u0161to poti\u010de stabilnu razinu \u0161e\u0107era u krvi i podr\u017eava cjelokupnu metaboli\u010dku ravnote\u017eu.  <\/p>\n<p><strong>KADA KORISTITI GALENA DIABETIC CARE?<\/strong><\/p>\n<ul>\n<li>Za ma\u010dke s dijabetesom melitusom<\/li>\n<li>Poma\u017ee u regulaciji opskrbe glukozom<\/li>\n<li>Podr\u017eava stabilnu razinu \u0161e\u0107era u krvi<\/li>\n<li>Nizak udio mono- i disaharida<\/li>\n<li>Preporu\u010duje se za dugotrajno dijetetsko lije\u010denje dijabeti\u010dnih ma\u010daka<\/li>\n<\/ul>\n","protected":false},"featured_media":4807,"comment_status":"open","ping_status":"closed","template":"","meta":{"_acf_changed":false},"pwb-brand":[],"product_brand":[344],"product_cat":[336,337],"product_tag":[],"class_list":{"0":"post-4806","1":"product","2":"type-product","3":"status-publish","4":"has-post-thumbnail","6":"product_brand-craftia-galena","7":"product_cat-cat-food","8":"product_cat-adult-cat","10":"first","11":"instock","12":"taxable","13":"shipping-taxable","14":"product-type-variable"},"acf":[],"brands":[],"_links":{"self":[{"href":"https:\/\/kraftiapet.com\/hr\/wp-json\/wp\/v2\/product\/4806","targetHints":{"allow":["GET"]}}],"collection":[{"href":"https:\/\/kraftiapet.com\/hr\/wp-json\/wp\/v2\/product"}],"about":[{"href":"https:\/\/kraftiapet.com\/hr\/wp-json\/wp\/v2\/types\/product"}],"replies":[{"embeddable":true,"href":"https:\/\/kraftiapet.com\/hr\/wp-json\/wp\/v2\/comments?post=4806"}],"wp:featuredmedia":[{"embeddable":true,"href":"https:\/\/kraftiapet.com\/hr\/wp-json\/wp\/v2\/media\/4807"}],"wp:attachment":[{"href":"https:\/\/kraftiapet.com\/hr\/wp-json\/wp\/v2\/media?parent=4806"}],"wp:term":[{"taxonomy":"pwb-brand","embeddable":true,"href":"https:\/\/kraftiapet.com\/hr\/wp-json\/wp\/v2\/pwb-brand?post=4806"},{"taxonomy":"product_brand","embeddable":true,"href":"https:\/\/kraftiapet.com\/hr\/wp-json\/wp\/v2\/product_brand?post=4806"},{"taxonomy":"product_cat","embeddable":true,"href":"https:\/\/kraftiapet.com\/hr\/wp-json\/wp\/v2\/product_cat?post=4806"},{"taxonomy":"product_tag","embeddable":true,"href":"https:\/\/kraftiapet.com\/hr\/wp-json\/wp\/v2\/product_tag?post=4806"}],"curies":[{"name":"wp","href":"https:\/\/api.w.org\/{rel}","templated":true}]}}