{"id":4814,"date":"2025-10-07T09:18:46","date_gmt":"2025-10-07T09:18:46","guid":{"rendered":"https:\/\/kraftiapet.com\/?post_type=product&#038;p=4814"},"modified":"2026-03-20T11:05:15","modified_gmt":"2026-03-20T11:05:15","slug":"rc-renal-care","status":"publish","type":"product","link":"https:\/\/kraftiapet.com\/hr\/proizvod\/rc-renal-care\/","title":{"rendered":"RC Renal Care"},"content":{"rendered":"","protected":false},"excerpt":{"rendered":"<p>RC Renal Care \u2013 Craftia Galena Veterinary je potpuna dijetetska hrana za pse, razvijena kao veterinarska hrana za pse za podr\u0161ku bubrezima i njegu bubrega. Formulirana je za podr\u0161ku bubre\u017enoj funkciji u slu\u010dajevima kroni\u010dne ili privremene bubre\u017ene insuficijencije. Ova specijalizirana dijeta poma\u017ee smanjiti optere\u0107enje bubrega, odr\u017eava uravnote\u017eene razine minerala i podr\u017eava op\u0107u vitalnost pasa s naru\u0161enom bubre\u017enom funkcijom.  <\/p>\n<p><strong>KADA GALENA RENAL CARE?<\/strong><\/p>\n<ul>\n<li>Za kroni\u010dnu ili privremenu bubre\u017enu insuficijenciju<\/li>\n<li>Podr\u017eava funkciju bubrega i detoksikaciju<\/li>\n<li>Poma\u017ee uravnote\u017eiti razine fosfora i natrija<\/li>\n<li>Poti\u010de apetit i hidrataciju<\/li>\n<li>Preporu\u010duje se za pse s bubre\u017enim stanjima ili bubre\u017enim problemima povezanim sa starenjem<\/li>\n<\/ul>\n","protected":false},"featured_media":4815,"comment_status":"open","ping_status":"closed","template":"","meta":{"_acf_changed":false},"pwb-brand":[],"product_brand":[344],"product_cat":[320,325],"product_tag":[],"class_list":{"0":"post-4814","1":"product","2":"type-product","3":"status-publish","4":"has-post-thumbnail","6":"product_brand-craftia-galena","7":"product_cat-dog-food","8":"product_cat-adult-dog","10":"first","11":"instock","12":"taxable","13":"shipping-taxable","14":"product-type-variable"},"acf":[],"brands":[],"_links":{"self":[{"href":"https:\/\/kraftiapet.com\/hr\/wp-json\/wp\/v2\/product\/4814","targetHints":{"allow":["GET"]}}],"collection":[{"href":"https:\/\/kraftiapet.com\/hr\/wp-json\/wp\/v2\/product"}],"about":[{"href":"https:\/\/kraftiapet.com\/hr\/wp-json\/wp\/v2\/types\/product"}],"replies":[{"embeddable":true,"href":"https:\/\/kraftiapet.com\/hr\/wp-json\/wp\/v2\/comments?post=4814"}],"wp:featuredmedia":[{"embeddable":true,"href":"https:\/\/kraftiapet.com\/hr\/wp-json\/wp\/v2\/media\/4815"}],"wp:attachment":[{"href":"https:\/\/kraftiapet.com\/hr\/wp-json\/wp\/v2\/media?parent=4814"}],"wp:term":[{"taxonomy":"pwb-brand","embeddable":true,"href":"https:\/\/kraftiapet.com\/hr\/wp-json\/wp\/v2\/pwb-brand?post=4814"},{"taxonomy":"product_brand","embeddable":true,"href":"https:\/\/kraftiapet.com\/hr\/wp-json\/wp\/v2\/product_brand?post=4814"},{"taxonomy":"product_cat","embeddable":true,"href":"https:\/\/kraftiapet.com\/hr\/wp-json\/wp\/v2\/product_cat?post=4814"},{"taxonomy":"product_tag","embeddable":true,"href":"https:\/\/kraftiapet.com\/hr\/wp-json\/wp\/v2\/product_tag?post=4814"}],"curies":[{"name":"wp","href":"https:\/\/api.w.org\/{rel}","templated":true}]}}