{"id":4822,"date":"2025-10-04T21:59:57","date_gmt":"2025-10-04T21:59:57","guid":{"rendered":"https:\/\/kraftiapet.com\/?post_type=product&#038;p=4822"},"modified":"2026-03-20T11:05:18","modified_gmt":"2026-03-20T11:05:18","slug":"salmon-with-butternut-squash-3","status":"publish","type":"product","link":"https:\/\/kraftiapet.com\/hr\/proizvod\/salmon-with-butternut-squash-3\/","title":{"rendered":"Salmon with Butternut Squash"},"content":{"rendered":"","protected":false},"excerpt":{"rendered":"<p>Vida Nativa Salmon with Butternut Squash je premium prirodna hrana za \u0161tenad srednjih i velikih pasmina s lososom i mu\u0161katnom tikvom. Losos i mu\u0161katna tikva prava su poslastica i podr\u017eavaju zdravlje va\u0161eg ljubimca na mnogo na\u010dina: losos je izvrstan izvor lako probavljivih proteina i odli\u010dan je za zdravlje ko\u017ee i sjajnu dlaku, dok tikva buternat i jabuke pru\u017eaju osnovu za zdrav probavni sustav i op\u0107u dobrobit. <\/p>\n","protected":false},"featured_media":4823,"comment_status":"open","ping_status":"closed","template":"","meta":{"_acf_changed":false},"pwb-brand":[],"product_brand":[348],"product_cat":[321,320],"product_tag":[],"class_list":{"0":"post-4822","1":"product","2":"type-product","3":"status-publish","4":"has-post-thumbnail","6":"product_brand-vida-nativa","7":"product_cat-puppy","8":"product_cat-dog-food","10":"first","11":"instock","12":"taxable","13":"shipping-taxable","14":"product-type-variable"},"acf":[],"brands":[],"_links":{"self":[{"href":"https:\/\/kraftiapet.com\/hr\/wp-json\/wp\/v2\/product\/4822","targetHints":{"allow":["GET"]}}],"collection":[{"href":"https:\/\/kraftiapet.com\/hr\/wp-json\/wp\/v2\/product"}],"about":[{"href":"https:\/\/kraftiapet.com\/hr\/wp-json\/wp\/v2\/types\/product"}],"replies":[{"embeddable":true,"href":"https:\/\/kraftiapet.com\/hr\/wp-json\/wp\/v2\/comments?post=4822"}],"wp:featuredmedia":[{"embeddable":true,"href":"https:\/\/kraftiapet.com\/hr\/wp-json\/wp\/v2\/media\/4823"}],"wp:attachment":[{"href":"https:\/\/kraftiapet.com\/hr\/wp-json\/wp\/v2\/media?parent=4822"}],"wp:term":[{"taxonomy":"pwb-brand","embeddable":true,"href":"https:\/\/kraftiapet.com\/hr\/wp-json\/wp\/v2\/pwb-brand?post=4822"},{"taxonomy":"product_brand","embeddable":true,"href":"https:\/\/kraftiapet.com\/hr\/wp-json\/wp\/v2\/product_brand?post=4822"},{"taxonomy":"product_cat","embeddable":true,"href":"https:\/\/kraftiapet.com\/hr\/wp-json\/wp\/v2\/product_cat?post=4822"},{"taxonomy":"product_tag","embeddable":true,"href":"https:\/\/kraftiapet.com\/hr\/wp-json\/wp\/v2\/product_tag?post=4822"}],"curies":[{"name":"wp","href":"https:\/\/api.w.org\/{rel}","templated":true}]}}