{"id":4830,"date":"2025-10-04T21:42:47","date_gmt":"2025-10-04T21:42:47","guid":{"rendered":"https:\/\/kraftiapet.com\/?post_type=product&#038;p=4830"},"modified":"2026-03-20T11:05:19","modified_gmt":"2026-03-20T11:05:19","slug":"lamb-with-brown-rice-2","status":"publish","type":"product","link":"https:\/\/kraftiapet.com\/hr\/proizvod\/lamb-with-brown-rice-2\/","title":{"rendered":"Lamb with Brown Rice"},"content":{"rendered":"","protected":false},"excerpt":{"rendered":"<p>Vida Nativa Lamb with Brown Rice je premium prirodna hrana za \u0161tence malih i patuljastih pasmina s janjetinom i sme\u0111om ri\u017eom. Janjetina i sme\u0111a ri\u017ea su iznimna nutritivna kombinacija za ku\u0107ne ljubimce. S janjetinom klju\u010dnom za izgradnju i odr\u017eavanje zdravih mi\u0161i\u0107a, ko\u017ee i dlake, te sme\u0111om ri\u017eom koja podr\u017eava metabolizam ljubimca, ovaj recept je pravi izbor, ali i ukusan.  <\/p>\n","protected":false},"featured_media":4831,"comment_status":"open","ping_status":"closed","template":"","meta":{"_acf_changed":false},"pwb-brand":[],"product_brand":[348],"product_cat":[321,320],"product_tag":[],"class_list":{"0":"post-4830","1":"product","2":"type-product","3":"status-publish","4":"has-post-thumbnail","6":"product_brand-vida-nativa","7":"product_cat-puppy","8":"product_cat-dog-food","10":"first","11":"instock","12":"taxable","13":"shipping-taxable","14":"product-type-variable"},"acf":[],"brands":[],"_links":{"self":[{"href":"https:\/\/kraftiapet.com\/hr\/wp-json\/wp\/v2\/product\/4830","targetHints":{"allow":["GET"]}}],"collection":[{"href":"https:\/\/kraftiapet.com\/hr\/wp-json\/wp\/v2\/product"}],"about":[{"href":"https:\/\/kraftiapet.com\/hr\/wp-json\/wp\/v2\/types\/product"}],"replies":[{"embeddable":true,"href":"https:\/\/kraftiapet.com\/hr\/wp-json\/wp\/v2\/comments?post=4830"}],"wp:featuredmedia":[{"embeddable":true,"href":"https:\/\/kraftiapet.com\/hr\/wp-json\/wp\/v2\/media\/4831"}],"wp:attachment":[{"href":"https:\/\/kraftiapet.com\/hr\/wp-json\/wp\/v2\/media?parent=4830"}],"wp:term":[{"taxonomy":"pwb-brand","embeddable":true,"href":"https:\/\/kraftiapet.com\/hr\/wp-json\/wp\/v2\/pwb-brand?post=4830"},{"taxonomy":"product_brand","embeddable":true,"href":"https:\/\/kraftiapet.com\/hr\/wp-json\/wp\/v2\/product_brand?post=4830"},{"taxonomy":"product_cat","embeddable":true,"href":"https:\/\/kraftiapet.com\/hr\/wp-json\/wp\/v2\/product_cat?post=4830"},{"taxonomy":"product_tag","embeddable":true,"href":"https:\/\/kraftiapet.com\/hr\/wp-json\/wp\/v2\/product_tag?post=4830"}],"curies":[{"name":"wp","href":"https:\/\/api.w.org\/{rel}","templated":true}]}}