{"id":4863,"date":"2025-10-02T09:33:47","date_gmt":"2025-10-02T09:33:47","guid":{"rendered":"https:\/\/kraftiapet.com\/?post_type=product&#038;p=4863"},"modified":"2026-03-20T11:04:31","modified_gmt":"2026-03-20T11:04:31","slug":"chicken-with-lamb-super-veggies","status":"publish","type":"product","link":"https:\/\/kraftiapet.com\/hr\/proizvod\/chicken-with-lamb-super-veggies\/","title":{"rendered":"Chicken With Lamb &amp; Super Veggies"},"content":{"rendered":"","protected":false},"excerpt":{"rendered":"<p>Vida Super Chicken, Lamb &amp; Veggies je premium hrana za \u0161tenad srednjih i velikih pasmina s piletinom, janjetinom i povr\u0107em. Piletina i janjetina \u010dine ukusnu i zdravu kombinaciju. Ova mje\u0161avina je odli\u010dan izvor proteina, neophodnih za jake kosti i zdrave zglobove, dok supernamirnice poput povr\u0107a tako\u0111er pru\u017eaju vlaknine i antioksidanse koji ja\u010daju imunolo\u0161ki sustav.  <\/p>\n","protected":false},"featured_media":4864,"comment_status":"open","ping_status":"closed","template":"","meta":{"_acf_changed":false},"pwb-brand":[],"product_brand":[351],"product_cat":[321,320],"product_tag":[],"class_list":{"0":"post-4863","1":"product","2":"type-product","3":"status-publish","4":"has-post-thumbnail","6":"product_brand-vida-super","7":"product_cat-puppy","8":"product_cat-dog-food","10":"first","11":"instock","12":"taxable","13":"shipping-taxable","14":"product-type-variable"},"acf":[],"brands":[],"_links":{"self":[{"href":"https:\/\/kraftiapet.com\/hr\/wp-json\/wp\/v2\/product\/4863","targetHints":{"allow":["GET"]}}],"collection":[{"href":"https:\/\/kraftiapet.com\/hr\/wp-json\/wp\/v2\/product"}],"about":[{"href":"https:\/\/kraftiapet.com\/hr\/wp-json\/wp\/v2\/types\/product"}],"replies":[{"embeddable":true,"href":"https:\/\/kraftiapet.com\/hr\/wp-json\/wp\/v2\/comments?post=4863"}],"wp:featuredmedia":[{"embeddable":true,"href":"https:\/\/kraftiapet.com\/hr\/wp-json\/wp\/v2\/media\/4864"}],"wp:attachment":[{"href":"https:\/\/kraftiapet.com\/hr\/wp-json\/wp\/v2\/media?parent=4863"}],"wp:term":[{"taxonomy":"pwb-brand","embeddable":true,"href":"https:\/\/kraftiapet.com\/hr\/wp-json\/wp\/v2\/pwb-brand?post=4863"},{"taxonomy":"product_brand","embeddable":true,"href":"https:\/\/kraftiapet.com\/hr\/wp-json\/wp\/v2\/product_brand?post=4863"},{"taxonomy":"product_cat","embeddable":true,"href":"https:\/\/kraftiapet.com\/hr\/wp-json\/wp\/v2\/product_cat?post=4863"},{"taxonomy":"product_tag","embeddable":true,"href":"https:\/\/kraftiapet.com\/hr\/wp-json\/wp\/v2\/product_tag?post=4863"}],"curies":[{"name":"wp","href":"https:\/\/api.w.org\/{rel}","templated":true}]}}