{"id":4871,"date":"2025-10-02T10:37:20","date_gmt":"2025-10-02T10:37:20","guid":{"rendered":"https:\/\/kraftiapet.com\/?post_type=product&#038;p=4871"},"modified":"2026-03-20T11:04:29","modified_gmt":"2026-03-20T11:04:29","slug":"with-chicken-lamb-super-veggies-hunting","status":"publish","type":"product","link":"https:\/\/kraftiapet.com\/hr\/proizvod\/with-chicken-lamb-super-veggies-hunting\/","title":{"rendered":"With Chicken, Lamb &amp; Super Veggies (Hunting)"},"content":{"rendered":"","protected":false},"excerpt":{"rendered":"<p>Vida Super with Chicken, Lamb &amp; Super Veggies (Hunting)je premium hrana za pse srednjih i velikih pasmina s piletinom, janjetinom i povr\u0107em. Piletina i janjetina savr\u0161eno su uravnote\u017eene za sretne ljubimce pune energije. Osim proteina klju\u010dnih za odr\u017eavanje sna\u017enih i zdravih kostiju, tu su i \u0161pinat i borovnice koji su puni vitamina, minerala i antioksidansa.  <\/p>\n","protected":false},"featured_media":4872,"comment_status":"open","ping_status":"closed","template":"","meta":{"_acf_changed":false},"pwb-brand":[],"product_brand":[351],"product_cat":[320,325],"product_tag":[],"class_list":{"0":"post-4871","1":"product","2":"type-product","3":"status-publish","4":"has-post-thumbnail","6":"product_brand-vida-super","7":"product_cat-dog-food","8":"product_cat-adult-dog","10":"first","11":"instock","12":"taxable","13":"shipping-taxable","14":"product-type-variable"},"acf":[],"brands":[],"_links":{"self":[{"href":"https:\/\/kraftiapet.com\/hr\/wp-json\/wp\/v2\/product\/4871","targetHints":{"allow":["GET"]}}],"collection":[{"href":"https:\/\/kraftiapet.com\/hr\/wp-json\/wp\/v2\/product"}],"about":[{"href":"https:\/\/kraftiapet.com\/hr\/wp-json\/wp\/v2\/types\/product"}],"replies":[{"embeddable":true,"href":"https:\/\/kraftiapet.com\/hr\/wp-json\/wp\/v2\/comments?post=4871"}],"wp:featuredmedia":[{"embeddable":true,"href":"https:\/\/kraftiapet.com\/hr\/wp-json\/wp\/v2\/media\/4872"}],"wp:attachment":[{"href":"https:\/\/kraftiapet.com\/hr\/wp-json\/wp\/v2\/media?parent=4871"}],"wp:term":[{"taxonomy":"pwb-brand","embeddable":true,"href":"https:\/\/kraftiapet.com\/hr\/wp-json\/wp\/v2\/pwb-brand?post=4871"},{"taxonomy":"product_brand","embeddable":true,"href":"https:\/\/kraftiapet.com\/hr\/wp-json\/wp\/v2\/product_brand?post=4871"},{"taxonomy":"product_cat","embeddable":true,"href":"https:\/\/kraftiapet.com\/hr\/wp-json\/wp\/v2\/product_cat?post=4871"},{"taxonomy":"product_tag","embeddable":true,"href":"https:\/\/kraftiapet.com\/hr\/wp-json\/wp\/v2\/product_tag?post=4871"}],"curies":[{"name":"wp","href":"https:\/\/api.w.org\/{rel}","templated":true}]}}