{"id":4875,"date":"2025-10-02T07:43:10","date_gmt":"2025-10-02T07:43:10","guid":{"rendered":"https:\/\/kraftiapet.com\/?post_type=product&#038;p=4875"},"modified":"2026-03-20T11:04:32","modified_gmt":"2026-03-20T11:04:32","slug":"salmon-with-butternut-squash-for-sterilised-cats","status":"publish","type":"product","link":"https:\/\/kraftiapet.com\/hr\/proizvod\/salmon-with-butternut-squash-for-sterilised-cats\/","title":{"rendered":"Salmon with Butternut Squash for Sterilised Cats"},"content":{"rendered":"","protected":false},"excerpt":{"rendered":"<p>Vida Nativa Salmon &amp; Butternut je vrhunska prirodna hrana za sterilizirane ma\u010dke s lososom i mu\u0161katnom tikvom. Losos i mu\u0161katna tikva \u010dine pravu poslasticu i podr\u017eavaju zdravlje Va\u0161eg ljubimca na mnogo na\u010dina: losos je izvrstan izvor lako probavljivih proteina i odli\u010dan je za zdravlje ko\u017ee i sjajnu dlaku, dok mu\u0161katna tikva i jabuke pru\u017eaju temelj za zdrav probavni sustav i cjelokupno blagostanje. <\/p>\n","protected":false},"featured_media":4876,"comment_status":"open","ping_status":"closed","template":"","meta":{"_acf_changed":false},"pwb-brand":[],"product_brand":[348],"product_cat":[336,337],"product_tag":[],"class_list":{"0":"post-4875","1":"product","2":"type-product","3":"status-publish","4":"has-post-thumbnail","6":"product_brand-vida-nativa","7":"product_cat-cat-food","8":"product_cat-adult-cat","10":"first","11":"instock","12":"taxable","13":"shipping-taxable","14":"product-type-variable"},"acf":[],"brands":[],"_links":{"self":[{"href":"https:\/\/kraftiapet.com\/hr\/wp-json\/wp\/v2\/product\/4875","targetHints":{"allow":["GET"]}}],"collection":[{"href":"https:\/\/kraftiapet.com\/hr\/wp-json\/wp\/v2\/product"}],"about":[{"href":"https:\/\/kraftiapet.com\/hr\/wp-json\/wp\/v2\/types\/product"}],"replies":[{"embeddable":true,"href":"https:\/\/kraftiapet.com\/hr\/wp-json\/wp\/v2\/comments?post=4875"}],"wp:featuredmedia":[{"embeddable":true,"href":"https:\/\/kraftiapet.com\/hr\/wp-json\/wp\/v2\/media\/4876"}],"wp:attachment":[{"href":"https:\/\/kraftiapet.com\/hr\/wp-json\/wp\/v2\/media?parent=4875"}],"wp:term":[{"taxonomy":"pwb-brand","embeddable":true,"href":"https:\/\/kraftiapet.com\/hr\/wp-json\/wp\/v2\/pwb-brand?post=4875"},{"taxonomy":"product_brand","embeddable":true,"href":"https:\/\/kraftiapet.com\/hr\/wp-json\/wp\/v2\/product_brand?post=4875"},{"taxonomy":"product_cat","embeddable":true,"href":"https:\/\/kraftiapet.com\/hr\/wp-json\/wp\/v2\/product_cat?post=4875"},{"taxonomy":"product_tag","embeddable":true,"href":"https:\/\/kraftiapet.com\/hr\/wp-json\/wp\/v2\/product_tag?post=4875"}],"curies":[{"name":"wp","href":"https:\/\/api.w.org\/{rel}","templated":true}]}}