{"id":4967,"date":"2025-10-02T10:57:46","date_gmt":"2025-10-02T10:57:46","guid":{"rendered":"https:\/\/kraftiapet.com\/?post_type=product&#038;p=4967"},"modified":"2026-03-20T11:04:29","modified_gmt":"2026-03-20T11:04:29","slug":"rich-in-chicken-with-rice","status":"publish","type":"product","link":"https:\/\/kraftiapet.com\/hr\/proizvod\/rich-in-chicken-with-rice\/","title":{"rendered":"Rich in Chicken with Rice"},"content":{"rendered":"","protected":false},"excerpt":{"rendered":"<p>Mysticat Rich in Chicken with Rice je hrana za ma\u010dke s piletinom i ri\u017eom. Piletina s ri\u017eom i borovnicama bogatim antioksidansima nje\u017ean je, ukusan recept koji je lagan za \u017eeludac va\u0161e ma\u010dke. Bogata visokokvalitetnim proteinima i esencijalnim hranjivim tvarima, podr\u017eava vitke mi\u0161i\u0107e i svakodnevnu vitalnost: savr\u0161ena za predenje, igru i mirne drijeme\u017ee.  <\/p>\n","protected":false},"featured_media":4968,"comment_status":"open","ping_status":"closed","template":"","meta":{"_acf_changed":false},"pwb-brand":[],"product_brand":[358],"product_cat":[336,337],"product_tag":[],"class_list":{"0":"post-4967","1":"product","2":"type-product","3":"status-publish","4":"has-post-thumbnail","6":"product_brand-mysticat","7":"product_cat-cat-food","8":"product_cat-adult-cat","10":"first","11":"instock","12":"taxable","13":"shipping-taxable","14":"product-type-variable"},"acf":[],"brands":[],"_links":{"self":[{"href":"https:\/\/kraftiapet.com\/hr\/wp-json\/wp\/v2\/product\/4967","targetHints":{"allow":["GET"]}}],"collection":[{"href":"https:\/\/kraftiapet.com\/hr\/wp-json\/wp\/v2\/product"}],"about":[{"href":"https:\/\/kraftiapet.com\/hr\/wp-json\/wp\/v2\/types\/product"}],"replies":[{"embeddable":true,"href":"https:\/\/kraftiapet.com\/hr\/wp-json\/wp\/v2\/comments?post=4967"}],"wp:featuredmedia":[{"embeddable":true,"href":"https:\/\/kraftiapet.com\/hr\/wp-json\/wp\/v2\/media\/4968"}],"wp:attachment":[{"href":"https:\/\/kraftiapet.com\/hr\/wp-json\/wp\/v2\/media?parent=4967"}],"wp:term":[{"taxonomy":"pwb-brand","embeddable":true,"href":"https:\/\/kraftiapet.com\/hr\/wp-json\/wp\/v2\/pwb-brand?post=4967"},{"taxonomy":"product_brand","embeddable":true,"href":"https:\/\/kraftiapet.com\/hr\/wp-json\/wp\/v2\/product_brand?post=4967"},{"taxonomy":"product_cat","embeddable":true,"href":"https:\/\/kraftiapet.com\/hr\/wp-json\/wp\/v2\/product_cat?post=4967"},{"taxonomy":"product_tag","embeddable":true,"href":"https:\/\/kraftiapet.com\/hr\/wp-json\/wp\/v2\/product_tag?post=4967"}],"curies":[{"name":"wp","href":"https:\/\/api.w.org\/{rel}","templated":true}]}}