{"id":4971,"date":"2025-10-02T11:27:38","date_gmt":"2025-10-02T11:27:38","guid":{"rendered":"https:\/\/kraftiapet.com\/?post_type=product&#038;p=4971"},"modified":"2026-03-20T11:04:28","modified_gmt":"2026-03-20T11:04:28","slug":"rich-in-chicken-with-carrot-rice","status":"publish","type":"product","link":"https:\/\/kraftiapet.com\/hr\/proizvod\/rich-in-chicken-with-carrot-rice\/","title":{"rendered":"Rich in Chicken with Carrot &amp; Rice"},"content":{"rendered":"","protected":false},"excerpt":{"rendered":"<p>Dogsy Rich in Chicken with Carrot &amp; Rice je hrana za pse s piletinom, mrkvom i ri\u017eom. Cjelovita mje\u0161avina piletine, mrkve i ri\u017ee \u2013 lako probavljiva i puna esencijalnih hranjivih tvari. Bogata proteinima, vlaknima i vitaminima za poticanje zdrave probave i sjajne dlake. Mrkva dodaje obilje beta karotena za bolji vid, dok njezina hrskavost poma\u017ee u odr\u017eavanju \u010disto\u0107e zuba i redovite probave. Uravnote\u017een, niskokalori\u010dan obrok koji svakodnevno podr\u017eava vitalnost i dobrobit Va\u0161eg ljubimca.    <\/p>\n","protected":false},"featured_media":4972,"comment_status":"open","ping_status":"closed","template":"","meta":{"_acf_changed":false},"pwb-brand":[],"product_brand":[361],"product_cat":[320,325],"product_tag":[],"class_list":{"0":"post-4971","1":"product","2":"type-product","3":"status-publish","4":"has-post-thumbnail","6":"product_brand-dogsy","7":"product_cat-dog-food","8":"product_cat-adult-dog","10":"first","11":"instock","12":"taxable","13":"shipping-taxable","14":"product-type-variable"},"acf":[],"brands":[],"_links":{"self":[{"href":"https:\/\/kraftiapet.com\/hr\/wp-json\/wp\/v2\/product\/4971","targetHints":{"allow":["GET"]}}],"collection":[{"href":"https:\/\/kraftiapet.com\/hr\/wp-json\/wp\/v2\/product"}],"about":[{"href":"https:\/\/kraftiapet.com\/hr\/wp-json\/wp\/v2\/types\/product"}],"replies":[{"embeddable":true,"href":"https:\/\/kraftiapet.com\/hr\/wp-json\/wp\/v2\/comments?post=4971"}],"wp:featuredmedia":[{"embeddable":true,"href":"https:\/\/kraftiapet.com\/hr\/wp-json\/wp\/v2\/media\/4972"}],"wp:attachment":[{"href":"https:\/\/kraftiapet.com\/hr\/wp-json\/wp\/v2\/media?parent=4971"}],"wp:term":[{"taxonomy":"pwb-brand","embeddable":true,"href":"https:\/\/kraftiapet.com\/hr\/wp-json\/wp\/v2\/pwb-brand?post=4971"},{"taxonomy":"product_brand","embeddable":true,"href":"https:\/\/kraftiapet.com\/hr\/wp-json\/wp\/v2\/product_brand?post=4971"},{"taxonomy":"product_cat","embeddable":true,"href":"https:\/\/kraftiapet.com\/hr\/wp-json\/wp\/v2\/product_cat?post=4971"},{"taxonomy":"product_tag","embeddable":true,"href":"https:\/\/kraftiapet.com\/hr\/wp-json\/wp\/v2\/product_tag?post=4971"}],"curies":[{"name":"wp","href":"https:\/\/api.w.org\/{rel}","templated":true}]}}