{"id":4975,"date":"2025-10-02T11:11:05","date_gmt":"2025-10-02T11:11:05","guid":{"rendered":"https:\/\/kraftiapet.com\/?post_type=product&#038;p=4975"},"modified":"2026-03-20T11:04:29","modified_gmt":"2026-03-20T11:04:29","slug":"rich-in-fish-with-rice","status":"publish","type":"product","link":"https:\/\/kraftiapet.com\/hr\/proizvod\/rich-in-fish-with-rice\/","title":{"rendered":"Rich in Fish with Rice"},"content":{"rendered":"","protected":false},"excerpt":{"rendered":"<p>Mysticat Rich in Fish with Rice je hrana za ma\u010dke s ribom i ri\u017eom. Riba s ri\u017eom je lagan i hranjiv recept, prepun omega-3 masnih kiselina za sjajnu dlaku i zdravu ko\u017eu. U kombinaciji s lako probavljivom ri\u017eom, idealna je za odr\u017eavanje Va\u0161e ma\u010dke sretnom, aktivnom i blistavom iznutra prema van. Borovnice su ukusan i zdrav dodatak, bogate antioksidansima i vlaknima, podr\u017eavaju cjelokupno zdravlje i probavu Va\u0161e ma\u010dke, istovremeno pobolj\u0161avaju\u0107i njezin metabolizam.   <\/p>\n","protected":false},"featured_media":4976,"comment_status":"open","ping_status":"closed","template":"","meta":{"_acf_changed":false},"pwb-brand":[],"product_brand":[358],"product_cat":[336,337],"product_tag":[],"class_list":{"0":"post-4975","1":"product","2":"type-product","3":"status-publish","4":"has-post-thumbnail","6":"product_brand-mysticat","7":"product_cat-cat-food","8":"product_cat-adult-cat","10":"first","11":"instock","12":"taxable","13":"shipping-taxable","14":"product-type-variable"},"acf":[],"brands":[],"_links":{"self":[{"href":"https:\/\/kraftiapet.com\/hr\/wp-json\/wp\/v2\/product\/4975","targetHints":{"allow":["GET"]}}],"collection":[{"href":"https:\/\/kraftiapet.com\/hr\/wp-json\/wp\/v2\/product"}],"about":[{"href":"https:\/\/kraftiapet.com\/hr\/wp-json\/wp\/v2\/types\/product"}],"replies":[{"embeddable":true,"href":"https:\/\/kraftiapet.com\/hr\/wp-json\/wp\/v2\/comments?post=4975"}],"wp:featuredmedia":[{"embeddable":true,"href":"https:\/\/kraftiapet.com\/hr\/wp-json\/wp\/v2\/media\/4976"}],"wp:attachment":[{"href":"https:\/\/kraftiapet.com\/hr\/wp-json\/wp\/v2\/media?parent=4975"}],"wp:term":[{"taxonomy":"pwb-brand","embeddable":true,"href":"https:\/\/kraftiapet.com\/hr\/wp-json\/wp\/v2\/pwb-brand?post=4975"},{"taxonomy":"product_brand","embeddable":true,"href":"https:\/\/kraftiapet.com\/hr\/wp-json\/wp\/v2\/product_brand?post=4975"},{"taxonomy":"product_cat","embeddable":true,"href":"https:\/\/kraftiapet.com\/hr\/wp-json\/wp\/v2\/product_cat?post=4975"},{"taxonomy":"product_tag","embeddable":true,"href":"https:\/\/kraftiapet.com\/hr\/wp-json\/wp\/v2\/product_tag?post=4975"}],"curies":[{"name":"wp","href":"https:\/\/api.w.org\/{rel}","templated":true}]}}