{"id":4983,"date":"2025-10-13T09:25:32","date_gmt":"2025-10-13T09:25:32","guid":{"rendered":"https:\/\/kraftiapet.com\/?post_type=product&#038;p=4983"},"modified":"2026-03-20T10:58:22","modified_gmt":"2026-03-20T10:58:22","slug":"stress-free","status":"publish","type":"product","link":"https:\/\/kraftiapet.com\/hr\/proizvod\/stress-free\/","title":{"rendered":"Stress Free"},"content":{"rendered":"<p data-start=\"249\" data-end=\"352\"><strong>Upute za uporabu<\/strong> : 1 tableta na 10 kg tjelesne mase (BM) dnevno.<\/p>\n<p data-start=\"249\" data-end=\"352\">Tabletu\/e za \u017evakanje uzimajte <strong data-start=\"280\" data-end=\"294\">jednom dnevno<\/strong> prema preporu\u010denoj dozi. Tableta se mo\u017ee: <\/p>\n<ul data-start=\"353\" data-end=\"529\">\n<li data-start=\"353\" data-end=\"398\">\n<p data-start=\"355\" data-end=\"398\"><strong data-start=\"355\" data-end=\"373\">Daje se direktno<\/strong> psu kao poslastica.<\/p>\n<\/li>\n<li data-start=\"399\" data-end=\"448\">\n<p data-start=\"401\" data-end=\"448\"><strong data-start=\"401\" data-end=\"420\">Pomije\u0161ano s hranom<\/strong> radi lak\u0161eg prihva\u0107anja.<\/p>\n<\/li>\n<li data-start=\"449\" data-end=\"529\">\n<p data-start=\"451\" data-end=\"529\"><strong data-start=\"451\" data-end=\"487\">Postavlja se na korijen jezika<\/strong> kako bi se osiguralo potpuno gutanje, ako je potrebno.<\/p>\n<\/li>\n<\/ul>\n<p data-start=\"531\" data-end=\"682\">Osigurajte da pas u svakom trenutku ima pristup svje\u017eoj vodi za pi\u0107e. Slijedite preporuke veterinara za optimalno doziranje i trajanje kori\u0161tenja. <\/p>\n","protected":false},"excerpt":{"rendered":"<p>Ba\u0161 kao i ljudi, i psi su podlo\u017eni stresu i njegovim \u0161tetnim u\u010dincima na psihofizi\u010dko zdravlje. Na\u0161 dodatak prehrani za pse protiv stresa poma\u017ee im da ostanu mirni i uravnote\u017eeni, ali za razliku od nas, psi ne mogu racionalno percipirati izvor stresa i smanjiti nelagodu smiruju\u0107im mislima. <\/p>\n<p>Psi reagiraju na stresne situacije strahom i hiperaktivno\u0161\u0107u, dok neki imaju razdoblje anksioznosti ili depresije.<\/p>\n<p><strong>KADA Stress Free?<\/strong><\/p>\n<ul>\n<li>Hiperaktivnost<\/li>\n<li>Anksioznost<\/li>\n<li>Odvojenost od vlasnika (odlazak u pansion, boravak sam kod ku\u0107e)<\/li>\n<li>Stresne situacije poput ekstremnih temperatura, odlazak veterinaru<\/li>\n<li>Izolirane stresne aktivnosti (petarde, vatromet, buka)<\/li>\n<li>Putovati<\/li>\n<li>Bez sedativa, lijekova i bez nuspojava<\/li>\n<li>Nije za gravidne i dojilje<\/li>\n<\/ul>\n","protected":false},"featured_media":4984,"comment_status":"open","ping_status":"closed","template":"","meta":{"_acf_changed":false},"pwb-brand":[],"product_brand":[363],"product_cat":[364,320],"product_tag":[],"class_list":{"0":"post-4983","1":"product","2":"type-product","3":"status-publish","4":"has-post-thumbnail","6":"product_brand-regalena","7":"product_cat-dog-supplements","8":"product_cat-dog-food","10":"first","11":"instock","12":"taxable","13":"shipping-taxable","14":"product-type-variable"},"acf":[],"brands":[],"_links":{"self":[{"href":"https:\/\/kraftiapet.com\/hr\/wp-json\/wp\/v2\/product\/4983","targetHints":{"allow":["GET"]}}],"collection":[{"href":"https:\/\/kraftiapet.com\/hr\/wp-json\/wp\/v2\/product"}],"about":[{"href":"https:\/\/kraftiapet.com\/hr\/wp-json\/wp\/v2\/types\/product"}],"replies":[{"embeddable":true,"href":"https:\/\/kraftiapet.com\/hr\/wp-json\/wp\/v2\/comments?post=4983"}],"wp:featuredmedia":[{"embeddable":true,"href":"https:\/\/kraftiapet.com\/hr\/wp-json\/wp\/v2\/media\/4984"}],"wp:attachment":[{"href":"https:\/\/kraftiapet.com\/hr\/wp-json\/wp\/v2\/media?parent=4983"}],"wp:term":[{"taxonomy":"pwb-brand","embeddable":true,"href":"https:\/\/kraftiapet.com\/hr\/wp-json\/wp\/v2\/pwb-brand?post=4983"},{"taxonomy":"product_brand","embeddable":true,"href":"https:\/\/kraftiapet.com\/hr\/wp-json\/wp\/v2\/product_brand?post=4983"},{"taxonomy":"product_cat","embeddable":true,"href":"https:\/\/kraftiapet.com\/hr\/wp-json\/wp\/v2\/product_cat?post=4983"},{"taxonomy":"product_tag","embeddable":true,"href":"https:\/\/kraftiapet.com\/hr\/wp-json\/wp\/v2\/product_tag?post=4983"}],"curies":[{"name":"wp","href":"https:\/\/api.w.org\/{rel}","templated":true}]}}