{"id":4986,"date":"2025-10-13T07:18:25","date_gmt":"2025-10-13T07:18:25","guid":{"rendered":"https:\/\/kraftiapet.com\/?post_type=product&#038;p=4986"},"modified":"2026-03-20T10:58:23","modified_gmt":"2026-03-20T10:58:23","slug":"allergy-relief","status":"publish","type":"product","link":"https:\/\/kraftiapet.com\/hr\/proizvod\/allergy-relief\/","title":{"rendered":"Allergy Relief"},"content":{"rendered":"<p data-start=\"249\" data-end=\"352\"><strong>Upute za uporabu<\/strong> : 1 tableta na 15 kg tjelesne mase (BM) dnevno.<\/p>\n<p data-start=\"249\" data-end=\"352\">Tabletu\/e za \u017evakanje uzimajte <strong data-start=\"280\" data-end=\"294\">jednom dnevno<\/strong> prema preporu\u010denoj dozi. Tableta se mo\u017ee: <\/p>\n<ul data-start=\"353\" data-end=\"529\">\n<li data-start=\"353\" data-end=\"398\">\n<p data-start=\"355\" data-end=\"398\"><strong data-start=\"355\" data-end=\"373\">Daje se direktno<\/strong> psu kao poslastica.<\/p>\n<\/li>\n<li data-start=\"399\" data-end=\"448\">\n<p data-start=\"401\" data-end=\"448\"><strong data-start=\"401\" data-end=\"420\">Pomije\u0161ano s hranom<\/strong> radi lak\u0161eg prihva\u0107anja.<\/p>\n<\/li>\n<li data-start=\"449\" data-end=\"529\">\n<p data-start=\"451\" data-end=\"529\"><strong data-start=\"451\" data-end=\"487\">Postavlja se na korijen jezika<\/strong> kako bi se osiguralo potpuno gutanje, ako je potrebno.<\/p>\n<\/li>\n<\/ul>\n<p data-start=\"531\" data-end=\"682\">Osigurajte da pas u svakom trenutku ima pristup svje\u017eoj vodi za pi\u0107e. Slijedite preporuke veterinara za optimalno doziranje i trajanje kori\u0161tenja. <\/p>\n","protected":false},"excerpt":{"rendered":"<p>Ba\u0161 kao i ljudi, neki psi imaju preaktivan imunolo\u0161ki sustav, \u0161to rezultira jakom reakcijom na relativno bezopasne \u010dimbenike poput peludi, grinja, sunca ili hrane. Na\u0161 dodatak prehrani za pse protiv alergija podr\u017eava imunitet i poma\u017ee tijelu da smirenije reagira na alergene. Antihistaminici i imunomodulatori \u010desto su potrebni za ubla\u017eavanje alergija, a primije\u0107eno je da ja\u010danje imuniteta tako\u0111er igra va\u017enu ulogu u otpornosti tijela na problemati\u010dne alergene.  <\/p>\n<p><strong>KADA Allergy Relief?<\/strong><\/p>\n<ul>\n<li>Kod svih vrsta atopije \u2013 sistemske i lokalne<\/li>\n<li>Ubla\u017eava svrbe\u017e, suzenje o\u010diju, curenje iz nosa, oticanje<\/li>\n<li>Smiruje nadra\u017eeni imunolo\u0161ki sustav<\/li>\n<li>Smanjuje upalne procese<\/li>\n<li>Preventivne mjere, prije izlaganja alergenima<\/li>\n<\/ul>\n","protected":false},"featured_media":4987,"comment_status":"open","ping_status":"closed","template":"","meta":{"_acf_changed":false},"pwb-brand":[],"product_brand":[363],"product_cat":[364,320],"product_tag":[],"class_list":{"0":"post-4986","1":"product","2":"type-product","3":"status-publish","4":"has-post-thumbnail","6":"product_brand-regalena","7":"product_cat-dog-supplements","8":"product_cat-dog-food","10":"first","11":"instock","12":"taxable","13":"shipping-taxable","14":"product-type-variable"},"acf":[],"brands":[],"_links":{"self":[{"href":"https:\/\/kraftiapet.com\/hr\/wp-json\/wp\/v2\/product\/4986","targetHints":{"allow":["GET"]}}],"collection":[{"href":"https:\/\/kraftiapet.com\/hr\/wp-json\/wp\/v2\/product"}],"about":[{"href":"https:\/\/kraftiapet.com\/hr\/wp-json\/wp\/v2\/types\/product"}],"replies":[{"embeddable":true,"href":"https:\/\/kraftiapet.com\/hr\/wp-json\/wp\/v2\/comments?post=4986"}],"wp:featuredmedia":[{"embeddable":true,"href":"https:\/\/kraftiapet.com\/hr\/wp-json\/wp\/v2\/media\/4987"}],"wp:attachment":[{"href":"https:\/\/kraftiapet.com\/hr\/wp-json\/wp\/v2\/media?parent=4986"}],"wp:term":[{"taxonomy":"pwb-brand","embeddable":true,"href":"https:\/\/kraftiapet.com\/hr\/wp-json\/wp\/v2\/pwb-brand?post=4986"},{"taxonomy":"product_brand","embeddable":true,"href":"https:\/\/kraftiapet.com\/hr\/wp-json\/wp\/v2\/product_brand?post=4986"},{"taxonomy":"product_cat","embeddable":true,"href":"https:\/\/kraftiapet.com\/hr\/wp-json\/wp\/v2\/product_cat?post=4986"},{"taxonomy":"product_tag","embeddable":true,"href":"https:\/\/kraftiapet.com\/hr\/wp-json\/wp\/v2\/product_tag?post=4986"}],"curies":[{"name":"wp","href":"https:\/\/api.w.org\/{rel}","templated":true}]}}