{"id":4991,"date":"2025-10-13T08:59:55","date_gmt":"2025-10-13T08:59:55","guid":{"rendered":"https:\/\/kraftiapet.com\/?post_type=product&#038;p=4991"},"modified":"2026-03-20T10:58:23","modified_gmt":"2026-03-20T10:58:23","slug":"senior","status":"publish","type":"product","link":"https:\/\/kraftiapet.com\/hr\/proizvod\/senior\/","title":{"rendered":"Senior +"},"content":{"rendered":"<p data-start=\"249\" data-end=\"352\"><strong>Upute za uporabu<\/strong> : 1 doza (2,7 g) na 15 kg tjelesne mase dnevno, pomije\u0161ana s hranom.<\/p>\n<p data-start=\"249\" data-end=\"352\">Tabletu\/e za \u017evakanje uzimajte <strong data-start=\"280\" data-end=\"294\">jednom dnevno<\/strong> prema preporu\u010denoj dozi. Tableta se mo\u017ee: <\/p>\n<ul data-start=\"353\" data-end=\"529\">\n<li data-start=\"353\" data-end=\"398\">\n<p data-start=\"355\" data-end=\"398\"><strong data-start=\"355\" data-end=\"373\">Daje se direktno<\/strong> psu kao poslastica.<\/p>\n<\/li>\n<li data-start=\"399\" data-end=\"448\">\n<p data-start=\"401\" data-end=\"448\"><strong data-start=\"401\" data-end=\"420\">Pomije\u0161ano s hranom<\/strong> radi lak\u0161eg prihva\u0107anja.<\/p>\n<\/li>\n<li data-start=\"449\" data-end=\"529\">\n<p data-start=\"451\" data-end=\"529\"><strong data-start=\"451\" data-end=\"487\">Postavlja se na korijen jezika<\/strong> kako bi se osiguralo potpuno gutanje, ako je potrebno.<\/p>\n<\/li>\n<\/ul>\n<p data-start=\"531\" data-end=\"682\">Osigurajte da pas u svakom trenutku ima pristup svje\u017eoj vodi za pi\u0107e. Slijedite preporuke veterinara za optimalno doziranje i trajanje kori\u0161tenja. <\/p>\n","protected":false},"excerpt":{"rendered":"<p>Starenje je postupan i kontinuiran proces tijekom kojeg psi prolaze kroz specifi\u010dne unutarnje i vanjske promjene. Na\u0161 dodatak prehrani za starije pse podr\u017eava pokretljivost, kognitivne sposobnosti, funkciju srca i ukupnu vitalnost kod starijih pasa. Sivo krzno, debljanje, displazija kuka ili lakta, ali i oslabljeno srce, dezorijentacija i smanjena imunolo\u0161ka funkcija samo su neke od pote\u0161ko\u0107a s kojima se suo\u010davaju stariji psi.  <\/p>\n<p><strong>KADA SENIOR PLUS?<\/strong><\/p>\n<ul>\n<li>Kod starijih pasa (7+ godina) s problemima zglobova<\/li>\n<li>Za pse s ote\u017eanim kretanjem i uko\u010deno\u0161\u0107u<\/li>\n<li>U slu\u010daju oslabljene sr\u010dane funkcije zbog kardiomiopatije<\/li>\n<li>Kod zbunjenih i dezorijentiranih pasa<\/li>\n<li>Za pobolj\u0161anje imunolo\u0161kog sustava<\/li>\n<\/ul>\n","protected":false},"featured_media":4992,"comment_status":"open","ping_status":"closed","template":"","meta":{"_acf_changed":false},"pwb-brand":[],"product_brand":[363],"product_cat":[364,320],"product_tag":[],"class_list":{"0":"post-4991","1":"product","2":"type-product","3":"status-publish","4":"has-post-thumbnail","6":"product_brand-regalena","7":"product_cat-dog-supplements","8":"product_cat-dog-food","10":"first","11":"instock","12":"taxable","13":"shipping-taxable","14":"product-type-variable"},"acf":[],"brands":[],"_links":{"self":[{"href":"https:\/\/kraftiapet.com\/hr\/wp-json\/wp\/v2\/product\/4991","targetHints":{"allow":["GET"]}}],"collection":[{"href":"https:\/\/kraftiapet.com\/hr\/wp-json\/wp\/v2\/product"}],"about":[{"href":"https:\/\/kraftiapet.com\/hr\/wp-json\/wp\/v2\/types\/product"}],"replies":[{"embeddable":true,"href":"https:\/\/kraftiapet.com\/hr\/wp-json\/wp\/v2\/comments?post=4991"}],"wp:featuredmedia":[{"embeddable":true,"href":"https:\/\/kraftiapet.com\/hr\/wp-json\/wp\/v2\/media\/4992"}],"wp:attachment":[{"href":"https:\/\/kraftiapet.com\/hr\/wp-json\/wp\/v2\/media?parent=4991"}],"wp:term":[{"taxonomy":"pwb-brand","embeddable":true,"href":"https:\/\/kraftiapet.com\/hr\/wp-json\/wp\/v2\/pwb-brand?post=4991"},{"taxonomy":"product_brand","embeddable":true,"href":"https:\/\/kraftiapet.com\/hr\/wp-json\/wp\/v2\/product_brand?post=4991"},{"taxonomy":"product_cat","embeddable":true,"href":"https:\/\/kraftiapet.com\/hr\/wp-json\/wp\/v2\/product_cat?post=4991"},{"taxonomy":"product_tag","embeddable":true,"href":"https:\/\/kraftiapet.com\/hr\/wp-json\/wp\/v2\/product_tag?post=4991"}],"curies":[{"name":"wp","href":"https:\/\/api.w.org\/{rel}","templated":true}]}}