{"id":5009,"date":"2025-10-13T07:09:13","date_gmt":"2025-10-13T07:09:13","guid":{"rendered":"https:\/\/kraftiapet.com\/?post_type=product&#038;p=5009"},"modified":"2026-03-20T10:58:23","modified_gmt":"2026-03-20T10:58:23","slug":"urinary-care","status":"publish","type":"product","link":"https:\/\/kraftiapet.com\/hr\/proizvod\/urinary-care\/","title":{"rendered":"Urinary Care"},"content":{"rendered":"<p data-start=\"249\" data-end=\"352\"><strong>Upute za uporabu<\/strong> : 1 tableta na 15 tjelesne mase (BM) dnevno tijekom 6 mjeseci.<\/p>\n<p data-start=\"249\" data-end=\"352\">Tabletu\/e za \u017evakanje uzimajte <strong data-start=\"280\" data-end=\"294\">jednom dnevno<\/strong> prema preporu\u010denoj dozi. Tableta se mo\u017ee: <\/p>\n<ul data-start=\"353\" data-end=\"529\">\n<li data-start=\"353\" data-end=\"398\">\n<p data-start=\"355\" data-end=\"398\"><strong data-start=\"355\" data-end=\"373\">Daje se direktno<\/strong> psu kao poslastica.<\/p>\n<\/li>\n<li data-start=\"399\" data-end=\"448\">\n<p data-start=\"401\" data-end=\"448\"><strong data-start=\"401\" data-end=\"420\">Pomije\u0161ano s hranom<\/strong> radi lak\u0161eg prihva\u0107anja.<\/p>\n<\/li>\n<li data-start=\"449\" data-end=\"529\">\n<p data-start=\"451\" data-end=\"529\"><strong data-start=\"451\" data-end=\"487\">Postavlja se na korijen jezika<\/strong> kako bi se osiguralo potpuno gutanje, ako je potrebno.<\/p>\n<\/li>\n<\/ul>\n<p data-start=\"531\" data-end=\"682\">Osigurajte da pas u svakom trenutku ima pristup svje\u017eoj vodi za pi\u0107e. Slijedite preporuke veterinara za optimalno doziranje i trajanje kori\u0161tenja. <\/p>\n","protected":false},"excerpt":{"rendered":"<p>Infekcije mokra\u0107nog sustava \u010dest su problem kojem su psi izlo\u017eeni, a u 90% slu\u010dajeva uzrok infekcije je Escherichia coli. Na\u0161 dodatak prehrani za pse\u0107e urinarne infekcije podr\u017eava prirodno uklanjanje bakterija, ja\u010da imunitet i poma\u017ee u sprje\u010davanju ponovne infekcije. Antibiotici se koriste u lije\u010denju prirodnim putem za uklanjanje bakterija iz mokra\u0107nog sustava i ja\u010danje imuniteta, \u010dime se ku\u0107ni ljubimci \u0161tite od ponovne infekcije.  <\/p>\n<p><strong>KADA JE POTREBAN Urinary Care?<\/strong><\/p>\n<ul>\n<li>Za akutne, kroni\u010dne i ponavljaju\u0107e upale mokra\u0107nog sustava<\/li>\n<li>Kao prevencija protiv bubre\u017enih kamenaca<\/li>\n<li>Protiv kristala i kamenaca u mokra\u0107nom mjehuru<\/li>\n<li>Nakon kateterizacije i kirur\u0161kih zahvata<\/li>\n<li>Kao podr\u0161ka propisanoj konvencionalnoj terapiji<\/li>\n<li>Za uve\u0107anu prostatu<\/li>\n<li>Kao prevencija kod predisponiranih pasmina pasa<\/li>\n<li>Za bolju kvalitetu sperme<\/li>\n<\/ul>\n","protected":false},"featured_media":5010,"comment_status":"open","ping_status":"closed","template":"","meta":{"_acf_changed":false},"pwb-brand":[],"product_brand":[363],"product_cat":[364,320],"product_tag":[],"class_list":{"0":"post-5009","1":"product","2":"type-product","3":"status-publish","4":"has-post-thumbnail","6":"product_brand-regalena","7":"product_cat-dog-supplements","8":"product_cat-dog-food","10":"first","11":"instock","12":"taxable","13":"shipping-taxable","14":"product-type-variable"},"acf":[],"brands":[],"_links":{"self":[{"href":"https:\/\/kraftiapet.com\/hr\/wp-json\/wp\/v2\/product\/5009","targetHints":{"allow":["GET"]}}],"collection":[{"href":"https:\/\/kraftiapet.com\/hr\/wp-json\/wp\/v2\/product"}],"about":[{"href":"https:\/\/kraftiapet.com\/hr\/wp-json\/wp\/v2\/types\/product"}],"replies":[{"embeddable":true,"href":"https:\/\/kraftiapet.com\/hr\/wp-json\/wp\/v2\/comments?post=5009"}],"wp:featuredmedia":[{"embeddable":true,"href":"https:\/\/kraftiapet.com\/hr\/wp-json\/wp\/v2\/media\/5010"}],"wp:attachment":[{"href":"https:\/\/kraftiapet.com\/hr\/wp-json\/wp\/v2\/media?parent=5009"}],"wp:term":[{"taxonomy":"pwb-brand","embeddable":true,"href":"https:\/\/kraftiapet.com\/hr\/wp-json\/wp\/v2\/pwb-brand?post=5009"},{"taxonomy":"product_brand","embeddable":true,"href":"https:\/\/kraftiapet.com\/hr\/wp-json\/wp\/v2\/product_brand?post=5009"},{"taxonomy":"product_cat","embeddable":true,"href":"https:\/\/kraftiapet.com\/hr\/wp-json\/wp\/v2\/product_cat?post=5009"},{"taxonomy":"product_tag","embeddable":true,"href":"https:\/\/kraftiapet.com\/hr\/wp-json\/wp\/v2\/product_tag?post=5009"}],"curies":[{"name":"wp","href":"https:\/\/api.w.org\/{rel}","templated":true}]}}