{"id":5029,"date":"2025-10-13T05:32:00","date_gmt":"2025-10-13T05:32:00","guid":{"rendered":"https:\/\/kraftiapet.com\/?post_type=product&#038;p=5029"},"modified":"2026-03-20T10:58:24","modified_gmt":"2026-03-20T10:58:24","slug":"cardio","status":"publish","type":"product","link":"https:\/\/kraftiapet.com\/hr\/proizvod\/cardio\/","title":{"rendered":"Cardio +"},"content":{"rendered":"<p data-start=\"249\" data-end=\"352\"><strong>Upute za uporabu<\/strong> : 1 tableta na 20 kg tjelesne mase (BM) dnevno.<\/p>\n<p data-start=\"249\" data-end=\"352\">Tabletu\/e za \u017evakanje uzimajte <strong data-start=\"280\" data-end=\"294\">jednom dnevno<\/strong> prema preporu\u010denoj dozi. Tableta se mo\u017ee: <\/p>\n<ul data-start=\"353\" data-end=\"529\">\n<li data-start=\"353\" data-end=\"398\">\n<p data-start=\"355\" data-end=\"398\"><strong data-start=\"355\" data-end=\"373\">Daje se direktno<\/strong> psu kao poslastica.<\/p>\n<\/li>\n<li data-start=\"399\" data-end=\"448\">\n<p data-start=\"401\" data-end=\"448\"><strong data-start=\"401\" data-end=\"420\">Pomije\u0161ano s hranom<\/strong> radi lak\u0161eg prihva\u0107anja.<\/p>\n<\/li>\n<li data-start=\"449\" data-end=\"529\">\n<p data-start=\"451\" data-end=\"529\"><strong data-start=\"451\" data-end=\"487\">Postavlja se na korijen jezika<\/strong> kako bi se osiguralo potpuno gutanje, ako je potrebno.<\/p>\n<\/li>\n<\/ul>\n<p data-start=\"531\" data-end=\"682\">Osigurajte da pas u svakom trenutku ima pristup svje\u017eoj vodi za pi\u0107e. Slijedite preporuke veterinara za optimalno doziranje i trajanje kori\u0161tenja. <\/p>\n","protected":false},"excerpt":{"rendered":"<p>Srce ku\u0107nog ljubimca otvoreno je za svu ljubav ovoga svijeta, ali mu je i dalje potrebna podr\u0161ka u svakodnevnom funkcioniranju. Na\u0161 dodatak prehrani za srce za pse osigurava energiju i hranjive tvari potrebne za sna\u017eno i zdravo srce. Budu\u0107i da radi neprekidno, 24\/7, sr\u010danom mi\u0161i\u0107u s vremenom je potrebna dodatna energija, a osim faktora starenja, dodatak prehrani preporu\u010duje se i psima koji su, zbog svoje pasmine, predisponirani za razvoj sr\u010danih bolesti.  <\/p>\n<p><strong>KADA KARDIO PLUS?<\/strong><\/p>\n<ul>\n<li>Pobolj\u0161ava funkciju srca<\/li>\n<li>Regulira krvni tlak i cirkulaciju<\/li>\n<li>Kod kardiomiopatije i ateroskleroze<\/li>\n<li>Kod starijih pasa<\/li>\n<li>U razdobljima prekomjernog napora<\/li>\n<li>Prevencija traume CVS-a kod predisponiranih pasa<\/li>\n<li>Kod pasmina s nasljednim faktorom bolesti (jazav\u010dar, \u0161naucer, terijer, \u0161pic)<\/li>\n<\/ul>\n","protected":false},"featured_media":5030,"comment_status":"open","ping_status":"closed","template":"","meta":{"_acf_changed":false},"pwb-brand":[],"product_brand":[363],"product_cat":[364,320],"product_tag":[],"class_list":{"0":"post-5029","1":"product","2":"type-product","3":"status-publish","4":"has-post-thumbnail","6":"product_brand-regalena","7":"product_cat-dog-supplements","8":"product_cat-dog-food","10":"first","11":"instock","12":"taxable","13":"shipping-taxable","14":"product-type-variable"},"acf":[],"brands":[],"_links":{"self":[{"href":"https:\/\/kraftiapet.com\/hr\/wp-json\/wp\/v2\/product\/5029","targetHints":{"allow":["GET"]}}],"collection":[{"href":"https:\/\/kraftiapet.com\/hr\/wp-json\/wp\/v2\/product"}],"about":[{"href":"https:\/\/kraftiapet.com\/hr\/wp-json\/wp\/v2\/types\/product"}],"replies":[{"embeddable":true,"href":"https:\/\/kraftiapet.com\/hr\/wp-json\/wp\/v2\/comments?post=5029"}],"wp:featuredmedia":[{"embeddable":true,"href":"https:\/\/kraftiapet.com\/hr\/wp-json\/wp\/v2\/media\/5030"}],"wp:attachment":[{"href":"https:\/\/kraftiapet.com\/hr\/wp-json\/wp\/v2\/media?parent=5029"}],"wp:term":[{"taxonomy":"pwb-brand","embeddable":true,"href":"https:\/\/kraftiapet.com\/hr\/wp-json\/wp\/v2\/pwb-brand?post=5029"},{"taxonomy":"product_brand","embeddable":true,"href":"https:\/\/kraftiapet.com\/hr\/wp-json\/wp\/v2\/product_brand?post=5029"},{"taxonomy":"product_cat","embeddable":true,"href":"https:\/\/kraftiapet.com\/hr\/wp-json\/wp\/v2\/product_cat?post=5029"},{"taxonomy":"product_tag","embeddable":true,"href":"https:\/\/kraftiapet.com\/hr\/wp-json\/wp\/v2\/product_tag?post=5029"}],"curies":[{"name":"wp","href":"https:\/\/api.w.org\/{rel}","templated":true}]}}