{"id":5072,"date":"2025-09-29T09:02:03","date_gmt":"2025-09-29T09:02:03","guid":{"rendered":"https:\/\/kraftiapet.com\/?post_type=product&#038;p=5072"},"modified":"2026-03-20T11:03:29","modified_gmt":"2026-03-20T11:03:29","slug":"north-seas-finest-2","status":"publish","type":"product","link":"https:\/\/kraftiapet.com\/hr\/proizvod\/north-seas-finest-2\/","title":{"rendered":"North Sea\u2019s Finest"},"content":{"rendered":"","protected":false},"excerpt":{"rendered":"<p>North Sea&#8217;s Finest \u2013 Rawival je vrhunska hrana za \u0161tence malih pasmina s lososom i haringom. Svje\u017ee smrznuti losos i svje\u017ee smrznuta haringa savr\u0161ena su mje\u0161avina koja osigurava potrebne ukusne proteine \u200b\u200bza zdrav rast i razvoj. Mje\u0161avina zdravih \u017eitarica, uklju\u010duju\u0107i i one iz drevnih izvora, osigurava energiju za rast, a recept se mo\u017ee davati i trudnicama ili dojiljama.  <\/p>\n","protected":false},"featured_media":5073,"comment_status":"open","ping_status":"closed","template":"","meta":{"_acf_changed":false},"pwb-brand":[],"product_brand":[370],"product_cat":[321,320],"product_tag":[],"class_list":{"0":"post-5072","1":"product","2":"type-product","3":"status-publish","4":"has-post-thumbnail","6":"product_brand-rawival","7":"product_cat-puppy","8":"product_cat-dog-food","10":"first","11":"instock","12":"taxable","13":"shipping-taxable","14":"product-type-variable"},"acf":[],"brands":[],"_links":{"self":[{"href":"https:\/\/kraftiapet.com\/hr\/wp-json\/wp\/v2\/product\/5072","targetHints":{"allow":["GET"]}}],"collection":[{"href":"https:\/\/kraftiapet.com\/hr\/wp-json\/wp\/v2\/product"}],"about":[{"href":"https:\/\/kraftiapet.com\/hr\/wp-json\/wp\/v2\/types\/product"}],"replies":[{"embeddable":true,"href":"https:\/\/kraftiapet.com\/hr\/wp-json\/wp\/v2\/comments?post=5072"}],"wp:featuredmedia":[{"embeddable":true,"href":"https:\/\/kraftiapet.com\/hr\/wp-json\/wp\/v2\/media\/5073"}],"wp:attachment":[{"href":"https:\/\/kraftiapet.com\/hr\/wp-json\/wp\/v2\/media?parent=5072"}],"wp:term":[{"taxonomy":"pwb-brand","embeddable":true,"href":"https:\/\/kraftiapet.com\/hr\/wp-json\/wp\/v2\/pwb-brand?post=5072"},{"taxonomy":"product_brand","embeddable":true,"href":"https:\/\/kraftiapet.com\/hr\/wp-json\/wp\/v2\/product_brand?post=5072"},{"taxonomy":"product_cat","embeddable":true,"href":"https:\/\/kraftiapet.com\/hr\/wp-json\/wp\/v2\/product_cat?post=5072"},{"taxonomy":"product_tag","embeddable":true,"href":"https:\/\/kraftiapet.com\/hr\/wp-json\/wp\/v2\/product_tag?post=5072"}],"curies":[{"name":"wp","href":"https:\/\/api.w.org\/{rel}","templated":true}]}}