{"id":5092,"date":"2025-09-26T11:30:39","date_gmt":"2025-09-26T11:30:39","guid":{"rendered":"https:\/\/kraftiapet.com\/?post_type=product&#038;p=5092"},"modified":"2026-03-20T11:03:05","modified_gmt":"2026-03-20T11:03:05","slug":"wild-gifts-with-wings-2","status":"publish","type":"product","link":"https:\/\/kraftiapet.com\/hr\/proizvod\/wild-gifts-with-wings-2\/","title":{"rendered":"Wild Gifts with Wings"},"content":{"rendered":"","protected":false},"excerpt":{"rendered":"<p>Wild Gifts with Wings \u2013 Rawival je vrhunska hrana za odrasle pse srednjih i velikih pasmina s patkom i fazanom. Sirova patka bez kostiju i sirovi fazan bez kostiju pru\u017eaju izvrsnu ukusnu mje\u0161avinu koja osigurava hranjive proteine \u200b\u200bpotrebne aktivnom psu. Mje\u0161avina zdravih \u017eitarica, uklju\u010duju\u0107i i one iz drevnih izvora, pru\u017ea energiju za duge \u0161etnje. Prebiotici, vlakna, fitonutrijenti i vitamini poma\u017eu u odr\u017eavanju zdravlja crijevnog trakta.   <\/p>\n","protected":false},"featured_media":5094,"comment_status":"open","ping_status":"closed","template":"","meta":{"_acf_changed":false},"pwb-brand":[],"product_brand":[370],"product_cat":[320,325],"product_tag":[],"class_list":{"0":"post-5092","1":"product","2":"type-product","3":"status-publish","4":"has-post-thumbnail","6":"product_brand-rawival","7":"product_cat-dog-food","8":"product_cat-adult-dog","10":"first","11":"instock","12":"taxable","13":"shipping-taxable","14":"product-type-variable"},"acf":[],"brands":[],"_links":{"self":[{"href":"https:\/\/kraftiapet.com\/hr\/wp-json\/wp\/v2\/product\/5092","targetHints":{"allow":["GET"]}}],"collection":[{"href":"https:\/\/kraftiapet.com\/hr\/wp-json\/wp\/v2\/product"}],"about":[{"href":"https:\/\/kraftiapet.com\/hr\/wp-json\/wp\/v2\/types\/product"}],"replies":[{"embeddable":true,"href":"https:\/\/kraftiapet.com\/hr\/wp-json\/wp\/v2\/comments?post=5092"}],"wp:featuredmedia":[{"embeddable":true,"href":"https:\/\/kraftiapet.com\/hr\/wp-json\/wp\/v2\/media\/5094"}],"wp:attachment":[{"href":"https:\/\/kraftiapet.com\/hr\/wp-json\/wp\/v2\/media?parent=5092"}],"wp:term":[{"taxonomy":"pwb-brand","embeddable":true,"href":"https:\/\/kraftiapet.com\/hr\/wp-json\/wp\/v2\/pwb-brand?post=5092"},{"taxonomy":"product_brand","embeddable":true,"href":"https:\/\/kraftiapet.com\/hr\/wp-json\/wp\/v2\/product_brand?post=5092"},{"taxonomy":"product_cat","embeddable":true,"href":"https:\/\/kraftiapet.com\/hr\/wp-json\/wp\/v2\/product_cat?post=5092"},{"taxonomy":"product_tag","embeddable":true,"href":"https:\/\/kraftiapet.com\/hr\/wp-json\/wp\/v2\/product_tag?post=5092"}],"curies":[{"name":"wp","href":"https:\/\/api.w.org\/{rel}","templated":true}]}}