{"id":5112,"date":"2025-09-26T10:18:38","date_gmt":"2025-09-26T10:18:38","guid":{"rendered":"https:\/\/kraftiapet.com\/?post_type=product&#038;p=5112"},"modified":"2026-03-20T11:03:06","modified_gmt":"2026-03-20T11:03:06","slug":"finest-from-the-sky-za-sterilizirane-macke","status":"publish","type":"product","link":"https:\/\/kraftiapet.com\/hr\/proizvod\/finest-from-the-sky-za-sterilizirane-macke\/","title":{"rendered":"Finest From the Sky &#8211; za sterilizirane ma\u010dke"},"content":{"rendered":"","protected":false},"excerpt":{"rendered":"<p>Finest From the Sky \u2013 Rawival je vrhunska hrana za odrasle sterilizirane ma\u010dke s pa\u010detinom i puretinom. Sirova patka bez kostiju i sirova puretina bez kostiju vrlo su ukusna i zdrava kombinacija: obje osiguravaju esencijalne proteine \u200b\u200bpotrebne za zdrave mi\u0161i\u0107e. Kontrolirana i niska razina masti, uz L-karnitin koji sagorijeva masti, poma\u017ee u odr\u017eavanju zdrave te\u017eine kod steriliziranih ma\u010daka.  <\/p>\n","protected":false},"featured_media":5113,"comment_status":"open","ping_status":"closed","template":"","meta":{"_acf_changed":false},"pwb-brand":[],"product_brand":[370],"product_cat":[336,337],"product_tag":[],"class_list":{"0":"post-5112","1":"product","2":"type-product","3":"status-publish","4":"has-post-thumbnail","6":"product_brand-rawival","7":"product_cat-cat-food","8":"product_cat-adult-cat","10":"first","11":"instock","12":"taxable","13":"shipping-taxable","14":"product-type-variable"},"acf":[],"brands":[],"_links":{"self":[{"href":"https:\/\/kraftiapet.com\/hr\/wp-json\/wp\/v2\/product\/5112","targetHints":{"allow":["GET"]}}],"collection":[{"href":"https:\/\/kraftiapet.com\/hr\/wp-json\/wp\/v2\/product"}],"about":[{"href":"https:\/\/kraftiapet.com\/hr\/wp-json\/wp\/v2\/types\/product"}],"replies":[{"embeddable":true,"href":"https:\/\/kraftiapet.com\/hr\/wp-json\/wp\/v2\/comments?post=5112"}],"wp:featuredmedia":[{"embeddable":true,"href":"https:\/\/kraftiapet.com\/hr\/wp-json\/wp\/v2\/media\/5113"}],"wp:attachment":[{"href":"https:\/\/kraftiapet.com\/hr\/wp-json\/wp\/v2\/media?parent=5112"}],"wp:term":[{"taxonomy":"pwb-brand","embeddable":true,"href":"https:\/\/kraftiapet.com\/hr\/wp-json\/wp\/v2\/pwb-brand?post=5112"},{"taxonomy":"product_brand","embeddable":true,"href":"https:\/\/kraftiapet.com\/hr\/wp-json\/wp\/v2\/product_brand?post=5112"},{"taxonomy":"product_cat","embeddable":true,"href":"https:\/\/kraftiapet.com\/hr\/wp-json\/wp\/v2\/product_cat?post=5112"},{"taxonomy":"product_tag","embeddable":true,"href":"https:\/\/kraftiapet.com\/hr\/wp-json\/wp\/v2\/product_tag?post=5112"}],"curies":[{"name":"wp","href":"https:\/\/api.w.org\/{rel}","templated":true}]}}