{"id":5121,"date":"2025-09-26T10:45:37","date_gmt":"2025-09-26T10:45:37","guid":{"rendered":"https:\/\/kraftiapet.com\/?post_type=product&#038;p=5121"},"modified":"2026-03-20T11:03:06","modified_gmt":"2026-03-20T11:03:06","slug":"north-seas-finest","status":"publish","type":"product","link":"https:\/\/kraftiapet.com\/hr\/proizvod\/north-seas-finest\/","title":{"rendered":"North Sea&#8217;s Finest"},"content":{"rendered":"","protected":false},"excerpt":{"rendered":"<p>Najbolje iz Sjevernog mora \u2013 Rawival je vrhunska hrana za odrasle ma\u010dke s lososom i haringom. Svje\u017ee smrznuti losos i svje\u017ee smrznuta haringa ukusna su i po\u017eeljna mje\u0161avina visokokvalitetnih proteina koji poma\u017eu u odr\u017eavanju zdravlja cijelog tijela ma\u010daka. Uz ulje lososa, ovi proteini poma\u017eu u odr\u017eavanju zdrave ko\u017ee i sjajne dlake, a visoka probavljivost proteina poma\u017ee u odr\u017eavanju jakih i agilnih mi\u0161i\u0107a.  <\/p>\n","protected":false},"featured_media":5123,"comment_status":"open","ping_status":"closed","template":"","meta":{"_acf_changed":false},"pwb-brand":[],"product_brand":[370],"product_cat":[336,337],"product_tag":[],"class_list":{"0":"post-5121","1":"product","2":"type-product","3":"status-publish","4":"has-post-thumbnail","6":"product_brand-rawival","7":"product_cat-cat-food","8":"product_cat-adult-cat","10":"first","11":"instock","12":"taxable","13":"shipping-taxable","14":"product-type-variable"},"acf":[],"brands":[],"_links":{"self":[{"href":"https:\/\/kraftiapet.com\/hr\/wp-json\/wp\/v2\/product\/5121","targetHints":{"allow":["GET"]}}],"collection":[{"href":"https:\/\/kraftiapet.com\/hr\/wp-json\/wp\/v2\/product"}],"about":[{"href":"https:\/\/kraftiapet.com\/hr\/wp-json\/wp\/v2\/types\/product"}],"replies":[{"embeddable":true,"href":"https:\/\/kraftiapet.com\/hr\/wp-json\/wp\/v2\/comments?post=5121"}],"wp:featuredmedia":[{"embeddable":true,"href":"https:\/\/kraftiapet.com\/hr\/wp-json\/wp\/v2\/media\/5123"}],"wp:attachment":[{"href":"https:\/\/kraftiapet.com\/hr\/wp-json\/wp\/v2\/media?parent=5121"}],"wp:term":[{"taxonomy":"pwb-brand","embeddable":true,"href":"https:\/\/kraftiapet.com\/hr\/wp-json\/wp\/v2\/pwb-brand?post=5121"},{"taxonomy":"product_brand","embeddable":true,"href":"https:\/\/kraftiapet.com\/hr\/wp-json\/wp\/v2\/product_brand?post=5121"},{"taxonomy":"product_cat","embeddable":true,"href":"https:\/\/kraftiapet.com\/hr\/wp-json\/wp\/v2\/product_cat?post=5121"},{"taxonomy":"product_tag","embeddable":true,"href":"https:\/\/kraftiapet.com\/hr\/wp-json\/wp\/v2\/product_tag?post=5121"}],"curies":[{"name":"wp","href":"https:\/\/api.w.org\/{rel}","templated":true}]}}