{"id":9414,"date":"2026-05-08T12:01:52","date_gmt":"2026-05-08T12:01:52","guid":{"rendered":"https:\/\/kraftiapet.com\/?page_id=9414"},"modified":"2026-05-08T12:01:52","modified_gmt":"2026-05-08T12:01:52","slug":"","status":"publish","type":"page","link":"https:\/\/kraftiapet.com\/hu\/","title":{"rendered":"MI t\u00e1pl\u00e1lkoz\u00e1si szak\u00e9rt\u0151"},"content":{"rendered":"\n<div class=\"wp-block-columns is-layout-flex wp-container-core-columns-is-layout-363283f7 wp-block-columns-is-layout-flex\" style=\"padding-top:var(--wp--preset--spacing--60);padding-bottom:var(--wp--preset--spacing--30)\">\n<div class=\"wp-block-column is-layout-flow wp-block-column-is-layout-flow\" style=\"flex-basis:33.33%\">\n<figure class=\"wp-block-image size-full\"><img loading=\"lazy\" decoding=\"async\" width=\"770\" height=\"575\" src=\"https:\/\/kraftiapet.com\/wp-content\/uploads\/2025\/10\/ai-nutri-logo.webp\" alt=\"MI t&#xE1;pl&#xE1;lkoz&#xE1;si szak&#xE9;rt&#x151;\" class=\"wp-image-2485\" srcset=\"https:\/\/kraftiapet.com\/wp-content\/uploads\/2025\/10\/ai-nutri-logo.webp 770w, https:\/\/kraftiapet.com\/wp-content\/uploads\/2025\/10\/ai-nutri-logo-300x224.webp 300w, https:\/\/kraftiapet.com\/wp-content\/uploads\/2025\/10\/ai-nutri-logo-768x574.webp 768w, https:\/\/kraftiapet.com\/wp-content\/uploads\/2025\/10\/ai-nutri-logo-600x448.webp 600w\" sizes=\"auto, (max-width: 770px) 100vw, 770px\" \/><\/figure>\n<\/div>\n\n\n\n<div class=\"wp-block-column is-layout-flow wp-block-column-is-layout-flow\" style=\"flex-basis:66.66%\">\n<h2 class=\"wp-block-heading has-palette-color-3-color has-text-color has-link-color wp-elements-0abb7a2f4ec6e1176f665ee7b45914e8\"><strong>Fedezze fel kedvence szem\u00e9lyre szabott t\u00e1pl\u00e1lkoz\u00e1si terv\u00e9t <\/strong>az MI t\u00e1pl\u00e1lkoz\u00e1si szak\u00e9rt\u0151 seg\u00edts\u00e9g\u00e9vel<\/h2>\n<\/div>\n<\/div>\n\n<p>K\u00e9rj\u00fck, haszn\u00e1lja ki az <strong>MI t\u00e1pl\u00e1lkoz\u00e1si szak\u00e9rt\u0151<\/strong> el\u0151nyeit \u2014 egy intelligens asszisztenst, amelyet arra terveztek, hogy seg\u00edtsen meg\u00e9rteni kuty\u00e1ja vagy macsk\u00e1ja t\u00e1pl\u00e1lkoz\u00e1si sz\u00fcks\u00e9gleteit. Egyszer\u0171en adja meg kedvence alapvet\u0151 adatait (\u00e9letkor, tests\u00faly, aktivit\u00e1si szint \u00e9s b\u00e1rmilyen k\u00fcl\u00f6nleges szempont), \u00e9s megkapja: <\/p>\n\n<ul class=\"wp-block-list\">\n<li>A napi energia- \u00e9s t\u00e1panyagsz\u00fcks\u00e9gletek \u00e1ttekint\u00e9se<\/li>\n\n\n\n<li>Szem\u00e9lyre szabott etet\u00e9si aj\u00e1nl\u00e1sok adagokkal<\/li>\n\n\n\n<li>Gyakorlati tippek az eledelv\u00e1lt\u00e1shoz \u00e9s a megfelel\u0151 hidrat\u00e1lts\u00e1g fenntart\u00e1s\u00e1hoz<\/li>\n<\/ul>\n\n<p>Ez az eszk\u00f6z kiz\u00e1r\u00f3lag t\u00e1j\u00e9koztat\u00f3 \u00e9s oktat\u00e1si c\u00e9lokat szolg\u00e1l. Konkr\u00e9t eg\u00e9szs\u00e9g\u00fcgyi probl\u00e9m\u00e1k vagy betegs\u00e9gek eset\u00e9n mindig forduljon \u00e1llatorvos\u00e1hoz. <br\/><\/p>\n        <div class=\"kraftia-ai-card\" id=\"kraftia-ai-root\">\r\n            <h3>AI Nutritionist<\/h3>\r\n\r\n            <form id=\"kraftia-ai-form\">\r\n                <div class=\"grid\">\r\n\r\n                    <!-- row 1: Pet type | Weight -->\r\n                    <label>Pet type\r\n                        <select name=\"species\" id=\"kai-species\" required>\r\n                            <option value=\"dog\">Dog<\/option>\r\n                            <option value=\"cat\">Cat<\/option>\r\n                        <\/select>\r\n                    <\/label>\r\n\r\n                    <label>Weight (kg)\r\n                        <input type=\"number\" name=\"weight\" step=\"0.1\" min=\"0.1\" required \/>\r\n                    <\/label>\r\n\r\n                    <!-- row 2: Age years | Age months -->\r\n                    <label>Age \u2014 Years\r\n                        <input type=\"number\" name=\"age_years\" id=\"kai-age-years\" step=\"1\" min=\"0\" value=\"0\" required \/>\r\n                    <\/label>\r\n\r\n                    <label>Age \u2014 Months\r\n                        <input type=\"number\" name=\"age_months\" id=\"kai-age-months\" step=\"1\" min=\"0\" max=\"11\" value=\"0\" required \/>\r\n                    <\/label>\r\n\r\n                    <!-- row 3: Activity | Adult size -->\r\n                    <label>Activity level\r\n                        <select name=\"activity\" required>\r\n                            <option value=\"low\">Low<\/option>\r\n                            <option value=\"moderate\" selected>Moderate<\/option>\r\n                            <option value=\"high\">High<\/option>\r\n                        <\/select>\r\n                    <\/label>\r\n\r\n                    <label id=\"kai-size-wrap\">Adult size (dogs)\r\n                        <select name=\"adult_size\" id=\"kai-adult-size\">\r\n                            <option value=\"toy-small-breed\">Toy\/Small (\u226410 kg)<\/option>\r\n                            <option value=\"medium-large-breed\">Medium\/Large (>10 kg)<\/option>\r\n                        <\/select>\r\n                    <\/label>\r\n\r\n                    <!-- row 4: Preferred protein (single full row on desktop if odd count) -->\r\n                    <label>Preferred Protein Source (optional)\r\n                        <select name=\"preferred_protein\" id=\"kai-preferred-protein\">\r\n                            <option value=\"\">No preference<\/option>\r\n                                                            <option value=\"chicken\">\r\n                                    Chicken                                <\/option>\r\n                                                            <option value=\"fish\">\r\n                                    Fish                                <\/option>\r\n                                                            <option value=\"lamb\">\r\n                                    Lamb                                <\/option>\r\n                                                            <option value=\"salmon\">\r\n                                    Salmon                                <\/option>\r\n                                                            <option value=\"turkey\">\r\n                                    Turkey                                <\/option>\r\n                                                            <option value=\"quail\">\r\n                                    Quail                                <\/option>\r\n                                                            <option value=\"pheasant\">\r\n                                    Pheasant                                <\/option>\r\n                                                            <option value=\"herring\">\r\n                                    Herring                                <\/option>\r\n                                                            <option value=\"poultry\">\r\n                                    Poultry                                <\/option>\r\n                                                            <option value=\"venison\">\r\n                                    Venison                                <\/option>\r\n                                                    <\/select>\r\n                    <\/label>\r\n                <\/div>\r\n\r\n                <button type=\"submit\" class=\"btn-primary\">Get Recommendation<\/button>\r\n            <\/form>\r\n\r\n            <div class=\"kraftia-ai-result\" id=\"kraftia-ai-result\" hidden>\r\n                <div class=\"loader\" id=\"kraftia-ai-loader\" hidden><\/div>\r\n\r\n                <div id=\"kraftia-ai-output\"><\/div>\r\n\r\n                <h4 id=\"kai-topmatches-heading\" class=\"kai-topmatches-heading\" hidden>\r\n                    Top Matches for Your Pet\r\n                <\/h4>\r\n\r\n                <div id=\"kraftia-ai-cards\" class=\"kai-cards\" hidden><\/div>\r\n            <\/div>\r\n        <\/div>\r\n        \n\n<p><\/p>\n","protected":false},"excerpt":{"rendered":"<p>Fedezze fel kedvence szem\u00e9lyre szabott t\u00e1pl\u00e1lkoz\u00e1si terv\u00e9t az MI t\u00e1pl\u00e1lkoz\u00e1si szak\u00e9rt\u0151 seg\u00edts\u00e9g\u00e9vel K\u00e9rj\u00fck, haszn\u00e1lja ki az MI t\u00e1pl\u00e1lkoz\u00e1si szak\u00e9rt\u0151 el\u0151nyeit \u2014 egy intelligens asszisztenst, amelyet arra terveztek, hogy seg\u00edtsen meg\u00e9rteni kuty\u00e1ja vagy macsk\u00e1ja t\u00e1pl\u00e1lkoz\u00e1si sz\u00fcks\u00e9gleteit. Egyszer\u0171en adja meg kedvence alapvet\u0151 adatait (\u00e9letkor, tests\u00faly, aktivit\u00e1si szint \u00e9s b\u00e1rmilyen k\u00fcl\u00f6nleges szempont), \u00e9s megkapja: Ez az eszk\u00f6z kiz\u00e1r\u00f3lag [&hellip;]<\/p>\n","protected":false},"author":1,"featured_media":0,"parent":0,"menu_order":0,"comment_status":"closed","ping_status":"closed","template":"","meta":{"_acf_changed":false,"footnotes":""},"class_list":["post-9414","page","type-page","status-publish","hentry"],"blocksy_meta":[],"acf":[],"_links":{"self":[{"href":"https:\/\/kraftiapet.com\/hu\/wp-json\/wp\/v2\/pages\/9414","targetHints":{"allow":["GET"]}}],"collection":[{"href":"https:\/\/kraftiapet.com\/hu\/wp-json\/wp\/v2\/pages"}],"about":[{"href":"https:\/\/kraftiapet.com\/hu\/wp-json\/wp\/v2\/types\/page"}],"author":[{"embeddable":true,"href":"https:\/\/kraftiapet.com\/hu\/wp-json\/wp\/v2\/users\/1"}],"replies":[{"embeddable":true,"href":"https:\/\/kraftiapet.com\/hu\/wp-json\/wp\/v2\/comments?post=9414"}],"version-history":[{"count":4,"href":"https:\/\/kraftiapet.com\/hu\/wp-json\/wp\/v2\/pages\/9414\/revisions"}],"predecessor-version":[{"id":9464,"href":"https:\/\/kraftiapet.com\/hu\/wp-json\/wp\/v2\/pages\/9414\/revisions\/9464"}],"wp:attachment":[{"href":"https:\/\/kraftiapet.com\/hu\/wp-json\/wp\/v2\/media?parent=9414"}],"curies":[{"name":"wp","href":"https:\/\/api.w.org\/{rel}","templated":true}]}}