{"id":8027,"date":"2025-08-29T12:31:49","date_gmt":"2025-08-29T12:31:49","guid":{"rendered":"https:\/\/kraftiapet.com\/?page_id=8027"},"modified":"2026-05-04T17:54:20","modified_gmt":"2026-05-04T17:54:20","slug":"qualita-e-scienza","status":"publish","type":"page","link":"https:\/\/kraftiapet.com\/it\/qualita-e-scienza\/","title":{"rendered":"Qualit\u00e0 e scienza"},"content":{"rendered":"\n<h2 class=\"wp-block-heading has-vivid-cyan-blue-color has-text-color has-link-color wp-elements-9fe790b2209c52b8d6e6fa2bbb9682ad\" style=\"margin-top:var(--wp--preset--spacing--80);margin-bottom:var(--wp--preset--spacing--80)\">Sicurezza e standard alimentari<\/h2>\n\n<div class=\"wp-block-columns is-layout-flex wp-container-core-columns-is-layout-28f84493 wp-block-columns-is-layout-flex\">\n<div class=\"wp-block-column is-layout-flow wp-block-column-is-layout-flow\" style=\"flex-basis:33.33%\">\n<p class=\"has-palette-color-3-color has-palette-color-5-background-color has-text-color has-background has-link-color has-medium-font-size wp-elements-272133b06d4d2ccfc41fd58663fed4d7\" style=\"margin-top:var(--wp--preset--spacing--30);margin-bottom:var(--wp--preset--spacing--30)\"><strong>&#8220;Ogni prodotto che realizziamo \u00e8 sottoposto a rigorosi controlli di sicurezza per garantire la massima qualit\u00e0 e il valore nutrizionale per gli animali domestici.&#8221;<\/strong><\/p>\n<\/div>\n\n\n\n<div class=\"wp-block-column is-layout-flow wp-block-column-is-layout-flow\" style=\"flex-basis:66.66%\">\n<p style=\"margin-top:var(--wp--preset--spacing--30);margin-bottom:var(--wp--preset--spacing--30);font-size:clamp(14px, 0.875rem + ((1vw - 3.2px) * 0.469), 20px);\">Noi di Kraftia ci impegniamo a rispettare i pi\u00f9 alti protocolli di sicurezza, assicurando che ogni prodotto soddisfi rigorosi standard di qualit\u00e0. Ogni alimento viene sottoposto a controlli accurati per garantire qualit\u00e0 eccellente e nutrizione ottimale. <\/p>\n<\/div>\n<\/div>\n\n<figure class=\"wp-block-image alignright size-large is-resized\"><img loading=\"lazy\" decoding=\"async\" width=\"1024\" height=\"714\" src=\"https:\/\/kraftiapet.com\/wp-content\/uploads\/2025\/10\/quality-1024x714.webp\" alt=\"\" class=\"wp-image-2516\" style=\"width:370px;height:auto\" srcset=\"https:\/\/kraftiapet.com\/wp-content\/uploads\/2025\/10\/quality-1024x714.webp 1024w, https:\/\/kraftiapet.com\/wp-content\/uploads\/2025\/10\/quality-300x209.webp 300w, https:\/\/kraftiapet.com\/wp-content\/uploads\/2025\/10\/quality-768x536.webp 768w, https:\/\/kraftiapet.com\/wp-content\/uploads\/2025\/10\/quality-1536x1071.webp 1536w, https:\/\/kraftiapet.com\/wp-content\/uploads\/2025\/10\/quality-600x418.webp 600w, https:\/\/kraftiapet.com\/wp-content\/uploads\/2025\/10\/quality.webp 1920w\" sizes=\"auto, (max-width: 1024px) 100vw, 1024px\" \/><\/figure>\n\n<p class=\"has-medium-font-size\"><strong>Standard globali e conformit\u00e0<\/strong><\/p>\n\n<p class=\"has-palette-color-3-color has-text-color has-link-color wp-elements-d0fc9758f8bb035c63efe59693ed6486\">I pi\u00f9 rigorosi standard internazionali:<br\/>Standard integrati (<strong>ISO 9001, ISO 14001, ISO 45001<\/strong>)<br\/>Principi generali di igiene alimentare (GHP) e sistema <strong>HACCP<\/strong> (Quality Austria)<br\/><strong>FS 8.0<\/strong> &#8211; standard internazionale di sicurezza alimentare (Bureau Veritas), con un punteggio del 97,25% al livello superiore e lo status di IFS Star, confermato da un&#8217;ispezione senza preavviso.<br\/>Rispettiamo gli standard normativi di tutti i Paesi in cui esportiamo (non solo UE e locali). (I nostri prodotti sono sviluppati e realizzati in conformit\u00e0 alle leggi e ai regolamenti di esportazione di tutti i mercati di destinazione.<br\/>La nostra produzione rispetta gli standard veterinari nazionali e internazionali per garantire la sicurezza e la qualit\u00e0 dei prodotti. Rispettiamo rigorosamente le normative veterinarie e tutti i requisiti legali relativi alla sicurezza degli alimenti per animali domestici. <\/p>\n\n<h2 class=\"wp-block-heading has-palette-color-3-color has-text-color has-link-color has-medium-font-size wp-elements-0dcfe83931803c126c3684b28e670694\">Controllo delle materie prime<\/h2>\n\n<div class=\"wp-block-columns is-layout-flex wp-container-core-columns-is-layout-28f84493 wp-block-columns-is-layout-flex\">\n<div class=\"wp-block-column is-layout-flow wp-block-column-is-layout-flow\" style=\"flex-basis:33.33%\"><\/div>\n\n\n\n<div class=\"wp-block-column is-layout-flow wp-block-column-is-layout-flow\" style=\"flex-basis:66.67%\">\n<h2 class=\"wp-block-heading has-text-align-right has-palette-color-3-color has-palette-color-5-background-color has-text-color has-background has-link-color has-medium-font-size wp-elements-a8c7969bddade9923b46046649e4e678\">\u201cNessun compromesso sulla qualit\u00e0 degli ingredienti.\u201d<\/h2>\n<\/div>\n<\/div>\n\n<p>Lavoriamo esclusivamente con fornitori approvati, accuratamente selezionati attraverso un rigoroso processo di qualificazione interno. Tutte le materie prime sono sottoposte a controlli in accettazione rigorosi, inclusi test microbiologici, analisi nutrizionali e screening dei contaminanti. <\/p>\n\n<h2 class=\"wp-block-heading has-palette-color-3-color has-text-color has-link-color has-medium-font-size wp-elements-ef174ee57cb4b13a0fb5ae9c04d7ee1b\">Sicurezza del processo produttivo<\/h2>\n\n<p>Ogni fase del nostro processo produttivo \u00e8 monitorata e controllata attraverso <strong>punti di controllo <\/strong>(Control Points) chiaramente definiti, per garantire la sicurezza e la costanza del prodotto.<br\/><br\/>Il nostro sistema di controllo \u00e8 supportato da tecnologie automatizzate che monitorano e regolano i parametri chiave.<br\/><br\/>Gli impianti sono sottoposti a regolari audit interni e ispezioni di terze parti per garantire la conformit\u00e0 agli standard di sicurezza e promuovere il miglioramento continuo.<\/p>\n\n<h2 class=\"wp-block-heading has-palette-color-3-color has-text-color has-link-color has-medium-font-size wp-elements-60960503965d545ecb096ae54648733f\">Test e controllo qualit\u00e0<\/h2>\n\n<p>Tutti i prodotti finiti sono sottoposti ad analisi di laboratorio per garantire <strong>qualit\u00e0 e sicurezza<\/strong> costanti. I protocolli di analisi includono controlli sulla composizione nutrizionale, sulla sicurezza microbiologica, sui metalli pesanti e sulle micotossine, in pieno allineamento con gli standard normativi applicabili. Ogni lotto di produzione viene testato singolarmente ed \u00e8 accompagnato da un <strong>certificato specifico di lotto<\/strong>, che garantisce piena tracciabilit\u00e0 e assicurazione del prodotto.  <\/p>\n\n<h2 class=\"wp-block-heading has-palette-color-3-color has-text-color has-link-color has-medium-font-size wp-elements-9565e4f0316fa48d2eae49285e097897\">Tracciabilit\u00e0 e trasparenza<\/h2>\n\n<p>Crediamo nella massima trasparenza, dall\u2019approvvigionamento delle materie prime fino alla consegna del prodotto finale. I nostri sistemi digitali tracciano ogni fase del processo (SAP, WMS), mentre ogni confezione \u00e8 dotata di codice QR, codice EAN e numero di lotto per una tracciabilit\u00e0 completa e affidabile. <\/p>\n\n<h2 class=\"wp-block-heading has-palette-color-3-color has-text-color has-link-color has-medium-font-size wp-elements-3a7900d2abd824332bb91a774bda9f6f\">Certificazioni e audit<\/h2>\n\n<p>L\u2019elenco completo degli standard certificati e dei report pu\u00f2 essere richiesto alla nostra direttrice, Tatjana Spai\u0107.<\/p>\n\n<h2 class=\"wp-block-heading has-palette-color-3-color has-text-color has-link-color has-medium-font-size wp-elements-da82f0b2c2b92eb01ce5afab0b0a792a\">Miglioramento continuo<\/h2>\n\n<p>Noi di Kraftia ci impegniamo al miglioramento continuo attraverso investimenti costanti in tecnologia e nella formazione del personale. Collaborando a stretto contatto con veterinari, nutrizionisti e istituzioni scientifiche, garantiamo che i nostri prodotti e le nostre pratiche siano costantemente in evoluzione per soddisfare gli standard pi\u00f9 elevati. <\/p>\n\n<h2 class=\"wp-block-heading has-text-align-left has-vivid-cyan-blue-color has-text-color has-link-color wp-elements-2989ff1c70ebcfe84167c726db21f222\"><br\/>Ricerca e sviluppo (R&amp;S)<br\/><\/h2>\n\n<div class=\"wp-block-columns is-layout-flex wp-container-core-columns-is-layout-28f84493 wp-block-columns-is-layout-flex\">\n<div class=\"wp-block-column is-layout-flow wp-block-column-is-layout-flow\" style=\"flex-basis:66.66%\">\n<h2 class=\"wp-block-heading has-palette-color-3-color has-text-color has-link-color has-medium-font-size wp-elements-e4ca8677d159ee27604abdca3583e16c\">Squisite formulazioni realizzate da esperti<\/h2>\n\n\n\n<p>Al centro della nostra linea di alimenti premium per animali domestici c\u2019\u00e8 la dedizione all\u2019eccellenza scientifica. Il nostro team di veterinari, nutrizionisti e scienziati alimentari lavora in sinergia per creare ricette meticolosamente studiate, progettate per superare i pi\u00f9 alti standard di salute e benessere degli animali domestici. <\/p>\n<\/div>\n\n\n\n<div class=\"wp-block-column is-layout-flow wp-block-column-is-layout-flow\" style=\"flex-basis:33.33%\">\n<h2 class=\"wp-block-heading has-palette-color-3-color has-palette-color-5-background-color has-text-color has-background has-link-color has-medium-font-size wp-elements-0473add1cdfd4ee03d238e8edc90b2da\">\u201cIn Kraftia, l\u2019alimentazione \u00e8 guidata dalla scienza. Il nostro team di ricerca e sviluppo garantisce che ogni ricetta sia supportata dalla ricerca e adattata alle reali esigenze degli animali domestici.\u201d <\/h2>\n<\/div>\n<\/div>\n\n<h2 class=\"wp-block-heading has-palette-color-3-color has-text-color has-link-color has-medium-font-size wp-elements-2875d13a5c27294400ef7019c29d8297\">Precisione nutrizionale avanzata<\/h2>\n\n<p>Sfruttiamo la ricerca pi\u00f9 avanzata nel campo della nutrizione animale per sviluppare formule su misura e specifiche per specie. Che si tratti della delicata digestione del tuo gatto o del fabbisogno energetico ottimale del tuo cane, il nostro processo di ricerca e sviluppo garantisce che ogni ingrediente e ogni rapporto nutrizionale siano scelti come priorit\u00e0 per la salute del tuo animale. <\/p>\n\n<p><\/p>\n","protected":false},"excerpt":{"rendered":"<p>Sicurezza e standard alimentari &#8220;Ogni prodotto che realizziamo \u00e8 sottoposto a rigorosi controlli di sicurezza per garantire la massima qualit\u00e0 e il valore nutrizionale per gli animali domestici.&#8221; Noi di Kraftia ci impegniamo a rispettare i pi\u00f9 alti protocolli di sicurezza, assicurando che ogni prodotto soddisfi rigorosi standard di qualit\u00e0. Ogni alimento viene sottoposto a [&hellip;]<\/p>\n","protected":false},"author":1,"featured_media":0,"parent":0,"menu_order":0,"comment_status":"closed","ping_status":"closed","template":"","meta":{"_acf_changed":false,"footnotes":""},"class_list":["post-8027","page","type-page","status-publish","hentry"],"blocksy_meta":[],"acf":[],"_links":{"self":[{"href":"https:\/\/kraftiapet.com\/it\/wp-json\/wp\/v2\/pages\/8027","targetHints":{"allow":["GET"]}}],"collection":[{"href":"https:\/\/kraftiapet.com\/it\/wp-json\/wp\/v2\/pages"}],"about":[{"href":"https:\/\/kraftiapet.com\/it\/wp-json\/wp\/v2\/types\/page"}],"author":[{"embeddable":true,"href":"https:\/\/kraftiapet.com\/it\/wp-json\/wp\/v2\/users\/1"}],"replies":[{"embeddable":true,"href":"https:\/\/kraftiapet.com\/it\/wp-json\/wp\/v2\/comments?post=8027"}],"version-history":[{"count":4,"href":"https:\/\/kraftiapet.com\/it\/wp-json\/wp\/v2\/pages\/8027\/revisions"}],"predecessor-version":[{"id":8066,"href":"https:\/\/kraftiapet.com\/it\/wp-json\/wp\/v2\/pages\/8027\/revisions\/8066"}],"wp:attachment":[{"href":"https:\/\/kraftiapet.com\/it\/wp-json\/wp\/v2\/media?parent=8027"}],"curies":[{"name":"wp","href":"https:\/\/api.w.org\/{rel}","templated":true}]}}