{"id":8169,"date":"2025-09-26T12:07:18","date_gmt":"2025-09-26T12:07:18","guid":{"rendered":"https:\/\/kraftiapet.com\/?post_type=product&#038;p=8169"},"modified":"2026-04-30T12:43:11","modified_gmt":"2026-04-30T12:43:11","slug":"north-sea-fish","status":"publish","type":"product","link":"https:\/\/kraftiapet.com\/it\/product\/north-sea-fish\/","title":{"rendered":"North Sea Fish"},"content":{"rendered":"","protected":false},"excerpt":{"rendered":"<p>Craftia Harmona North Sea Fish \u00e8 un alimento secco ultra premium per gatti con pesce dei mari del Nord. North Sea Fish \u00e8 una miscela gustosa e altamente appetibile di proteine di alta qualit\u00e0 che aiuta a sostenere la salute generale dei gatti. Le proteine e l\u2019olio di pesce contribuiscono a mantenere una pelle sana e un pelo lucido, mentre l\u2019elevata digeribilit\u00e0 delle proteine aiuta a sostenere una muscolatura forte e agile.  <\/p>\n","protected":false},"featured_media":8170,"comment_status":"open","ping_status":"closed","template":"","meta":{"_acf_changed":false},"pwb-brand":[],"product_brand":[692],"product_cat":[678,679],"product_tag":[],"class_list":{"0":"post-8169","1":"product","2":"type-product","3":"status-publish","4":"has-post-thumbnail","6":"product_brand-craftia-harmona","7":"product_cat-cat-food","8":"product_cat-adult-cat","10":"first","11":"instock","12":"taxable","13":"shipping-taxable","14":"product-type-variable"},"acf":[],"brands":[],"_links":{"self":[{"href":"https:\/\/kraftiapet.com\/it\/wp-json\/wp\/v2\/product\/8169","targetHints":{"allow":["GET"]}}],"collection":[{"href":"https:\/\/kraftiapet.com\/it\/wp-json\/wp\/v2\/product"}],"about":[{"href":"https:\/\/kraftiapet.com\/it\/wp-json\/wp\/v2\/types\/product"}],"replies":[{"embeddable":true,"href":"https:\/\/kraftiapet.com\/it\/wp-json\/wp\/v2\/comments?post=8169"}],"wp:featuredmedia":[{"embeddable":true,"href":"https:\/\/kraftiapet.com\/it\/wp-json\/wp\/v2\/media\/8170"}],"wp:attachment":[{"href":"https:\/\/kraftiapet.com\/it\/wp-json\/wp\/v2\/media?parent=8169"}],"wp:term":[{"taxonomy":"pwb-brand","embeddable":true,"href":"https:\/\/kraftiapet.com\/it\/wp-json\/wp\/v2\/pwb-brand?post=8169"},{"taxonomy":"product_brand","embeddable":true,"href":"https:\/\/kraftiapet.com\/it\/wp-json\/wp\/v2\/product_brand?post=8169"},{"taxonomy":"product_cat","embeddable":true,"href":"https:\/\/kraftiapet.com\/it\/wp-json\/wp\/v2\/product_cat?post=8169"},{"taxonomy":"product_tag","embeddable":true,"href":"https:\/\/kraftiapet.com\/it\/wp-json\/wp\/v2\/product_tag?post=8169"}],"curies":[{"name":"wp","href":"https:\/\/api.w.org\/{rel}","templated":true}]}}