{"id":8362,"date":"2025-10-13T06:12:30","date_gmt":"2025-10-13T06:12:30","guid":{"rendered":"https:\/\/kraftiapet.com\/?post_type=product&#038;p=8362"},"modified":"2026-05-04T12:13:48","modified_gmt":"2026-05-04T12:13:48","slug":"mobility-hip-joint","status":"publish","type":"product","link":"https:\/\/kraftiapet.com\/it\/product\/mobility-hip-joint\/","title":{"rendered":"Mobility + Hip &amp; Joint"},"content":{"rendered":"<p data-start=\"249\" data-end=\"352\"><strong>Istruzioni per l&#8217;uso<\/strong>: 1 compressa per 20 kg di massa corporea al giorno.<\/p>\n<p data-start=\"249\" data-end=\"352\">Somministra la\/e compressa\/e masticabile\/i <strong data-start=\"280\" data-end=\"294\">una volta al giorno<\/strong> secondo il dosaggio raccomandato. La compressa pu\u00f2 essere: <\/p>\n<ul data-start=\"353\" data-end=\"529\">\n<li data-start=\"353\" data-end=\"398\">\n<p data-start=\"355\" data-end=\"398\"><strong data-start=\"355\" data-end=\"373\">Somministrato direttamente<\/strong> al cane come bocconcino.<\/p>\n<\/li>\n<li data-start=\"399\" data-end=\"448\">\n<p data-start=\"401\" data-end=\"448\">Da <strong data-start=\"401\" data-end=\"420\">mescolare con il cibo<\/strong> per facilitarne l&#8217;accettazione.<\/p>\n<\/li>\n<li data-start=\"449\" data-end=\"529\">\n<p data-start=\"451\" data-end=\"529\">Se necessario, <strong data-start=\"451\" data-end=\"487\">posizionalo alla base della lingua<\/strong> per assicurarne l&#8217;ingestione completa.<\/p>\n<\/li>\n<\/ul>\n<p data-start=\"531\" data-end=\"682\">Assicurati che il cane abbia sempre accesso ad acqua fresca da bere. Segui le raccomandazioni del tuo veterinario per il dosaggio ottimale e la durata dell&#8217;utilizzo. <\/p>\n","protected":false},"excerpt":{"rendered":"<p>Nel corso dell&#8217;invecchiamento, a causa del peso corporeo e dei sovraccarichi, la cartilagine articolare dei cani si consuma. Il nostro integratore per le articolazioni supporta la flessibilit\u00e0, ricostruisce la cartilagine e aiuta a ridurre il disagio nei cani anziani o attivi. Con la perdita di elasticit\u00e0 compaiono dolori di varia intensit\u00e0 che richiedono un trattamento, e la supplementazione risulta particolarmente indicata.  <\/p>\n<p><strong>QUANDO USARE MOBILITY PLUS Hip &amp; Joint?<\/strong><\/p>\n<ul>\n<li>Nell&#8217;osteoartrite<\/li>\n<li>Per le malattie degenerative delle articolazioni<\/li>\n<li>Per la displasia dell&#8217;articolazione dell&#8217;anca e del gomito<\/li>\n<li>Nel periodo post-operatorio, dopo le fratture<\/li>\n<li>Nelle articolazioni esposte a un&#8217;intensa attivit\u00e0 fisica<\/li>\n<li>In caso di lesioni articolari<\/li>\n<li>Come prevenzione nei cani obesi<\/li>\n<li>Riduce il dolore quando si scende, ci si arrampica, si sale in auto<\/li>\n<li>Prevenzione nei cani pesanti e predisposti, razze di taglia grande<\/li>\n<\/ul>\n","protected":false},"featured_media":8364,"comment_status":"open","ping_status":"closed","template":"","meta":{"_acf_changed":false},"pwb-brand":[],"product_brand":[724],"product_cat":[685,725],"product_tag":[],"class_list":{"0":"post-8362","1":"product","2":"type-product","3":"status-publish","4":"has-post-thumbnail","6":"product_brand-regalena","7":"product_cat-dog-food","8":"product_cat-dog-supplements","10":"first","11":"instock","12":"taxable","13":"shipping-taxable","14":"product-type-variable"},"acf":[],"brands":[],"_links":{"self":[{"href":"https:\/\/kraftiapet.com\/it\/wp-json\/wp\/v2\/product\/8362","targetHints":{"allow":["GET"]}}],"collection":[{"href":"https:\/\/kraftiapet.com\/it\/wp-json\/wp\/v2\/product"}],"about":[{"href":"https:\/\/kraftiapet.com\/it\/wp-json\/wp\/v2\/types\/product"}],"replies":[{"embeddable":true,"href":"https:\/\/kraftiapet.com\/it\/wp-json\/wp\/v2\/comments?post=8362"}],"wp:featuredmedia":[{"embeddable":true,"href":"https:\/\/kraftiapet.com\/it\/wp-json\/wp\/v2\/media\/8364"}],"wp:attachment":[{"href":"https:\/\/kraftiapet.com\/it\/wp-json\/wp\/v2\/media?parent=8362"}],"wp:term":[{"taxonomy":"pwb-brand","embeddable":true,"href":"https:\/\/kraftiapet.com\/it\/wp-json\/wp\/v2\/pwb-brand?post=8362"},{"taxonomy":"product_brand","embeddable":true,"href":"https:\/\/kraftiapet.com\/it\/wp-json\/wp\/v2\/product_brand?post=8362"},{"taxonomy":"product_cat","embeddable":true,"href":"https:\/\/kraftiapet.com\/it\/wp-json\/wp\/v2\/product_cat?post=8362"},{"taxonomy":"product_tag","embeddable":true,"href":"https:\/\/kraftiapet.com\/it\/wp-json\/wp\/v2\/product_tag?post=8362"}],"curies":[{"name":"wp","href":"https:\/\/api.w.org\/{rel}","templated":true}]}}