{"id":8389,"date":"2025-10-13T07:18:25","date_gmt":"2025-10-13T07:18:25","guid":{"rendered":"https:\/\/kraftiapet.com\/?post_type=product&#038;p=8389"},"modified":"2026-05-04T12:13:46","modified_gmt":"2026-05-04T12:13:46","slug":"allergy-relief","status":"publish","type":"product","link":"https:\/\/kraftiapet.com\/it\/product\/allergy-relief\/","title":{"rendered":"Allergy Relief"},"content":{"rendered":"<p data-start=\"249\" data-end=\"352\"><strong>Istruzioni per l&#8217;uso<\/strong>: 1 compressa per 15 kg di massa corporea al giorno.<\/p>\n<p data-start=\"249\" data-end=\"352\">Somministra la\/e compressa\/e masticabile\/i <strong data-start=\"280\" data-end=\"294\">una volta al giorno<\/strong> secondo il dosaggio raccomandato. La compressa pu\u00f2 essere: <\/p>\n<ul data-start=\"353\" data-end=\"529\">\n<li data-start=\"353\" data-end=\"398\">\n<p data-start=\"355\" data-end=\"398\"><strong data-start=\"355\" data-end=\"373\">Somministrato direttamente<\/strong> al cane come bocconcino.<\/p>\n<\/li>\n<li data-start=\"399\" data-end=\"448\">\n<p data-start=\"401\" data-end=\"448\">Da <strong data-start=\"401\" data-end=\"420\">mescolare con il cibo<\/strong> per facilitarne l&#8217;accettazione.<\/p>\n<\/li>\n<li data-start=\"449\" data-end=\"529\">\n<p data-start=\"451\" data-end=\"529\">Se necessario, <strong data-start=\"451\" data-end=\"487\">posizionalo alla base della lingua<\/strong> per assicurarne l&#8217;ingestione completa.<\/p>\n<\/li>\n<\/ul>\n<p data-start=\"531\" data-end=\"682\">Assicurati che il cane abbia sempre accesso ad acqua fresca da bere. Segui le raccomandazioni del tuo veterinario per il dosaggio ottimale e la durata dell&#8217;utilizzo. <\/p>\n","protected":false},"excerpt":{"rendered":"<p>Proprio come gli esseri umani, alcuni cani hanno un sistema immunitario iperattivo, che provoca una forte reazione a fattori relativamente innocui come pollini, acari, sole o cibo. Il nostro integratore per cani contro le allergie supporta l&#8217;immunit\u00e0 e aiuta l&#8217;organismo a reagire con pi\u00f9 calma agli allergeni. Gli antistaminici e gli immunomodulatori sono spesso necessari per alleviare le allergie e si \u00e8 notato che il rafforzamento dell&#8217;immunit\u00e0 gioca un ruolo importante anche nella resistenza dell&#8217;organismo agli allergeni problematici.  <\/p>\n<p><strong>QUANDO USARE ALLERGY RELIEF?<\/strong><\/p>\n<ul>\n<li>In tutti i tipi di atopia &#8211; sistemica e locale<\/li>\n<li>Allevia il prurito, gli occhi acquosi, il naso che cola, il gonfiore<\/li>\n<li>Calma il sistema immunitario iperattivo<\/li>\n<li>Riduce i processi infiammatori<\/li>\n<li>Azione preventiva, prima dell&#8217;esposizione agli allergeni<\/li>\n<\/ul>\n","protected":false},"featured_media":8390,"comment_status":"open","ping_status":"closed","template":"","meta":{"_acf_changed":false},"pwb-brand":[],"product_brand":[724],"product_cat":[685,725],"product_tag":[],"class_list":{"0":"post-8389","1":"product","2":"type-product","3":"status-publish","4":"has-post-thumbnail","6":"product_brand-regalena","7":"product_cat-dog-food","8":"product_cat-dog-supplements","10":"first","11":"instock","12":"taxable","13":"shipping-taxable","14":"product-type-variable"},"acf":[],"brands":[],"_links":{"self":[{"href":"https:\/\/kraftiapet.com\/it\/wp-json\/wp\/v2\/product\/8389","targetHints":{"allow":["GET"]}}],"collection":[{"href":"https:\/\/kraftiapet.com\/it\/wp-json\/wp\/v2\/product"}],"about":[{"href":"https:\/\/kraftiapet.com\/it\/wp-json\/wp\/v2\/types\/product"}],"replies":[{"embeddable":true,"href":"https:\/\/kraftiapet.com\/it\/wp-json\/wp\/v2\/comments?post=8389"}],"wp:featuredmedia":[{"embeddable":true,"href":"https:\/\/kraftiapet.com\/it\/wp-json\/wp\/v2\/media\/8390"}],"wp:attachment":[{"href":"https:\/\/kraftiapet.com\/it\/wp-json\/wp\/v2\/media?parent=8389"}],"wp:term":[{"taxonomy":"pwb-brand","embeddable":true,"href":"https:\/\/kraftiapet.com\/it\/wp-json\/wp\/v2\/pwb-brand?post=8389"},{"taxonomy":"product_brand","embeddable":true,"href":"https:\/\/kraftiapet.com\/it\/wp-json\/wp\/v2\/product_brand?post=8389"},{"taxonomy":"product_cat","embeddable":true,"href":"https:\/\/kraftiapet.com\/it\/wp-json\/wp\/v2\/product_cat?post=8389"},{"taxonomy":"product_tag","embeddable":true,"href":"https:\/\/kraftiapet.com\/it\/wp-json\/wp\/v2\/product_tag?post=8389"}],"curies":[{"name":"wp","href":"https:\/\/api.w.org\/{rel}","templated":true}]}}