{"id":8419,"date":"2025-10-13T06:44:03","date_gmt":"2025-10-13T06:44:03","guid":{"rendered":"https:\/\/kraftiapet.com\/?post_type=product&#038;p=8419"},"modified":"2026-05-04T12:13:47","modified_gmt":"2026-05-04T12:13:47","slug":"cognitive","status":"publish","type":"product","link":"https:\/\/kraftiapet.com\/it\/product\/cognitive\/","title":{"rendered":"Cognitive"},"content":{"rendered":"<p data-start=\"249\" data-end=\"352\"><strong>Istruzioni per l&#8217;uso<\/strong>: 1 compressa per 20 kg di massa corporea al giorno.<\/p>\n<p data-start=\"249\" data-end=\"352\">Somministra le compresse masticabili <strong data-start=\"280\" data-end=\"294\">una volta al giorno<\/strong> secondo il dosaggio raccomandato. La compressa pu\u00f2 essere: <\/p>\n<ul data-start=\"353\" data-end=\"529\">\n<li data-start=\"353\" data-end=\"398\">\n<p data-start=\"355\" data-end=\"398\">Somministrata direttamente al cane<strong data-start=\"355\" data-end=\"373\"> come bocconcino. <\/strong><\/p>\n<\/li>\n<li data-start=\"399\" data-end=\"448\">\n<p data-start=\"401\" data-end=\"448\">Da <strong data-start=\"401\" data-end=\"420\">mescolare con il cibo<\/strong> per facilitarne l&#8217;accettazione.<\/p>\n<\/li>\n<li data-start=\"449\" data-end=\"529\">\n<p data-start=\"451\" data-end=\"529\">Se necessario, <strong data-start=\"451\" data-end=\"487\">posizionala alla base della lingua<\/strong> per assicurarne l&#8217;ingestione completa.<\/p>\n<\/li>\n<\/ul>\n<p data-start=\"531\" data-end=\"682\">Assicurati che il cane abbia sempre accesso ad acqua fresca da bere. Segui le raccomandazioni del tuo veterinario per il dosaggio ottimale e la durata dell&#8217;utilizzo. <\/p>\n","protected":false},"excerpt":{"rendered":"<p>Crediamo che i cani ci capiscano perfettamente e spesso sembra che stiano per parlare. Ci\u00f2 \u00e8 dovuto all&#8217;organo pi\u00f9 potente del sistema nervoso, il cervello, che lavora a pieno ritmo per consentire ai cani di comprendere meglio il mondo che li circonda. Il nostro integratore per il cervello dei cani favorisce la concentrazione, la memoria e le funzioni cognitive, aiutando i cani a rimanere lucidi e mentalmente attivi. Il sistema nervoso \u00e8 responsabile di tutti i tipi di memoria, come l&#8217;apprendimento dei giochi, delle abitudini quotidiane, ma anche di numerosi altri processi &#8220;di fondo&#8221;.   <\/p>\n<p><strong>QUANDO USARE COGNITIVE<\/strong><\/p>\n<ul>\n<li>Per i cani in addestramento e per le cagne in gravidanza e in allattamento<\/li>\n<li>Nei cani anziani, come prevenzione delle malattie neurologiche<\/li>\n<li>Come supporto alla terapia delle malattie del sistema nervoso centrale<\/li>\n<li>Ai cani in addestramento, durante la gravidanza e l&#8217;allattamento<\/li>\n<li>Per problemi di memoria, apprendimento e concentrazione<\/li>\n<li>In caso di disorientamento\/demenza<\/li>\n<\/ul>\n","protected":false},"featured_media":8420,"comment_status":"open","ping_status":"closed","template":"","meta":{"_acf_changed":false},"pwb-brand":[],"product_brand":[724],"product_cat":[685,725],"product_tag":[],"class_list":{"0":"post-8419","1":"product","2":"type-product","3":"status-publish","4":"has-post-thumbnail","6":"product_brand-regalena","7":"product_cat-dog-food","8":"product_cat-dog-supplements","10":"first","11":"instock","12":"taxable","13":"shipping-taxable","14":"product-type-variable"},"acf":[],"brands":[],"_links":{"self":[{"href":"https:\/\/kraftiapet.com\/it\/wp-json\/wp\/v2\/product\/8419","targetHints":{"allow":["GET"]}}],"collection":[{"href":"https:\/\/kraftiapet.com\/it\/wp-json\/wp\/v2\/product"}],"about":[{"href":"https:\/\/kraftiapet.com\/it\/wp-json\/wp\/v2\/types\/product"}],"replies":[{"embeddable":true,"href":"https:\/\/kraftiapet.com\/it\/wp-json\/wp\/v2\/comments?post=8419"}],"wp:featuredmedia":[{"embeddable":true,"href":"https:\/\/kraftiapet.com\/it\/wp-json\/wp\/v2\/media\/8420"}],"wp:attachment":[{"href":"https:\/\/kraftiapet.com\/it\/wp-json\/wp\/v2\/media?parent=8419"}],"wp:term":[{"taxonomy":"pwb-brand","embeddable":true,"href":"https:\/\/kraftiapet.com\/it\/wp-json\/wp\/v2\/pwb-brand?post=8419"},{"taxonomy":"product_brand","embeddable":true,"href":"https:\/\/kraftiapet.com\/it\/wp-json\/wp\/v2\/product_brand?post=8419"},{"taxonomy":"product_cat","embeddable":true,"href":"https:\/\/kraftiapet.com\/it\/wp-json\/wp\/v2\/product_cat?post=8419"},{"taxonomy":"product_tag","embeddable":true,"href":"https:\/\/kraftiapet.com\/it\/wp-json\/wp\/v2\/product_tag?post=8419"}],"curies":[{"name":"wp","href":"https:\/\/api.w.org\/{rel}","templated":true}]}}