{"id":8523,"date":"2025-09-29T12:39:56","date_gmt":"2025-09-29T12:39:56","guid":{"rendered":"https:\/\/kraftiapet.com\/?post_type=product&#038;p=8523"},"modified":"2026-05-04T13:43:54","modified_gmt":"2026-05-04T13:43:54","slug":"chicken-with-blueberry-5","status":"publish","type":"product","link":"https:\/\/kraftiapet.com\/it\/product\/chicken-with-blueberry-5\/","title":{"rendered":"Chicken with Blueberry"},"content":{"rendered":"","protected":false},"excerpt":{"rendered":"<p>Vida Nativa Chicken &amp; Blueberry \u00e8 un alimento naturale di prima qualit\u00e0 per gattini con pollo e mirtilli. Pollo e mirtilli sono una combinazione deliziosa e salutare. Questo mix \u00e8 un&#8217;ottima fonte di proteine, essenziali per ossa forti e articolazioni sane, mentre i superalimenti come i mirtilli forniscono fibre e antiossidanti, che aiutano a rafforzare il sistema immunitario.  <\/p>\n","protected":false},"featured_media":8524,"comment_status":"open","ping_status":"closed","template":"","meta":{"_acf_changed":false},"pwb-brand":[],"product_brand":[733],"product_cat":[678,695],"product_tag":[],"class_list":{"0":"post-8523","1":"product","2":"type-product","3":"status-publish","4":"has-post-thumbnail","6":"product_brand-vida-nativa","7":"product_cat-cat-food","8":"product_cat-kitten","10":"first","11":"instock","12":"taxable","13":"shipping-taxable","14":"product-type-variable"},"acf":[],"brands":[],"_links":{"self":[{"href":"https:\/\/kraftiapet.com\/it\/wp-json\/wp\/v2\/product\/8523","targetHints":{"allow":["GET"]}}],"collection":[{"href":"https:\/\/kraftiapet.com\/it\/wp-json\/wp\/v2\/product"}],"about":[{"href":"https:\/\/kraftiapet.com\/it\/wp-json\/wp\/v2\/types\/product"}],"replies":[{"embeddable":true,"href":"https:\/\/kraftiapet.com\/it\/wp-json\/wp\/v2\/comments?post=8523"}],"wp:featuredmedia":[{"embeddable":true,"href":"https:\/\/kraftiapet.com\/it\/wp-json\/wp\/v2\/media\/8524"}],"wp:attachment":[{"href":"https:\/\/kraftiapet.com\/it\/wp-json\/wp\/v2\/media?parent=8523"}],"wp:term":[{"taxonomy":"pwb-brand","embeddable":true,"href":"https:\/\/kraftiapet.com\/it\/wp-json\/wp\/v2\/pwb-brand?post=8523"},{"taxonomy":"product_brand","embeddable":true,"href":"https:\/\/kraftiapet.com\/it\/wp-json\/wp\/v2\/product_brand?post=8523"},{"taxonomy":"product_cat","embeddable":true,"href":"https:\/\/kraftiapet.com\/it\/wp-json\/wp\/v2\/product_cat?post=8523"},{"taxonomy":"product_tag","embeddable":true,"href":"https:\/\/kraftiapet.com\/it\/wp-json\/wp\/v2\/product_tag?post=8523"}],"curies":[{"name":"wp","href":"https:\/\/api.w.org\/{rel}","templated":true}]}}