{"id":7392,"date":"2025-08-29T11:00:08","date_gmt":"2025-08-29T11:00:08","guid":{"rendered":"https:\/\/kraftiapet.com\/?page_id=7392"},"modified":"2026-04-29T12:51:10","modified_gmt":"2026-04-29T12:51:10","slug":"vida","status":"publish","type":"page","link":"https:\/\/kraftiapet.com\/pt-br\/vida\/","title":{"rendered":"Vida"},"content":{"rendered":"\n<figure class=\"wp-block-image size-large is-style-default\" style=\"margin-top:0;margin-bottom:0\"><img loading=\"lazy\" decoding=\"async\" width=\"1024\" height=\"213\" src=\"https:\/\/kraftiapet.com\/wp-content\/uploads\/2025\/09\/vida_pattern-1024x213.png\" alt=\"\" class=\"wp-image-720\" srcset=\"https:\/\/kraftiapet.com\/wp-content\/uploads\/2025\/09\/vida_pattern-1024x213.png 1024w, https:\/\/kraftiapet.com\/wp-content\/uploads\/2025\/09\/vida_pattern-600x125.png 600w, https:\/\/kraftiapet.com\/wp-content\/uploads\/2025\/09\/vida_pattern-300x63.png 300w, https:\/\/kraftiapet.com\/wp-content\/uploads\/2025\/09\/vida_pattern-768x160.png 768w, https:\/\/kraftiapet.com\/wp-content\/uploads\/2025\/09\/vida_pattern-1536x320.png 1536w, https:\/\/kraftiapet.com\/wp-content\/uploads\/2025\/09\/vida_pattern.png 1920w\" sizes=\"auto, (max-width: 1024px) 100vw, 1024px\" \/><\/figure>\n\n<div class=\"wp-block-media-text is-stacked-on-mobile .my-transparent-block { background-color: rgba(0, 0, 0.5); \/* crna 50% providna *\/ } has-background\" style=\"border-style:none;border-width:0px;background:linear-gradient(135deg,rgb(0,0,0) 0%,rgba(0,0,0,0.53) 98%);margin-top:0;margin-bottom:0;padding-top:var(--wp--preset--spacing--40);padding-right:0;padding-bottom:var(--wp--preset--spacing--40);padding-left:0;grid-template-columns:15% auto\"><figure class=\"wp-block-media-text__media\"><img loading=\"lazy\" decoding=\"async\" width=\"250\" height=\"251\" src=\"https:\/\/kraftiapet.com\/wp-content\/uploads\/2025\/09\/vida_logo.png\" alt=\"\" class=\"wp-image-725 size-full\" srcset=\"https:\/\/kraftiapet.com\/wp-content\/uploads\/2025\/09\/vida_logo.png 250w, https:\/\/kraftiapet.com\/wp-content\/uploads\/2025\/09\/vida_logo-100x100.png 100w, https:\/\/kraftiapet.com\/wp-content\/uploads\/2025\/09\/vida_logo-150x150.png 150w\" sizes=\"auto, (max-width: 250px) 100vw, 250px\" \/><\/figure><div class=\"wp-block-media-text__content\">\n<h2 class=\"wp-block-heading has-palette-color-8-color has-text-color has-link-color wp-elements-27b448d8ed1d6b645990f8a9fb98c3c1\" style=\"margin-top:var(--wp--preset--spacing--20);margin-bottom:var(--wp--preset--spacing--20);padding-top:0;padding-bottom:0;font-size:clamp(15.747px, 0.984rem + ((1vw - 3.2px) * 0.645), 24px);\">Vida Nativa<\/h2>\n\n\n\n<p class=\"has-cyan-bluish-gray-color has-text-color has-link-color wp-elements-8f97817fbc88bbac95a9479d17974367\" style=\"font-size:clamp(14px, 0.875rem + ((1vw - 3.2px) * 0.313), 18px);\"><strong>Receitas nutritivas e saud\u00e1veis, elaboradas com ingredientes selecionados e preparados na hora, com varia\u00e7\u00f5es de sabores atraentes. \u00c9 uma linha completa e equilibrada de receitas saborosas que fornecem todos os nutrientes essenciais, proporcionando aos c\u00e3es e gatos uma base para a sa\u00fade e a vitalidade. <\/strong><\/p>\n<\/div><\/div>\n\n<div class=\"wp-block-columns has-palette-color-5-background-color has-background is-layout-flex wp-container-core-columns-is-layout-ff679dcb wp-block-columns-is-layout-flex\" style=\"margin-top:0;margin-bottom:0;padding-top:var(--wp--preset--spacing--20);padding-bottom:var(--wp--preset--spacing--20)\">\n<div class=\"wp-block-column is-layout-flow wp-block-column-is-layout-flow\" style=\"flex-basis:66.68%\">\n<figure class=\"wp-block-image size-full\" style=\"margin-top:0;margin-bottom:0\"><img loading=\"lazy\" decoding=\"async\" width=\"563\" height=\"247\" src=\"https:\/\/kraftiapet.com\/wp-content\/uploads\/2025\/10\/vida_nativa_range-copy.webp\" alt=\"\" class=\"wp-image-2277\" srcset=\"https:\/\/kraftiapet.com\/wp-content\/uploads\/2025\/10\/vida_nativa_range-copy.webp 563w, https:\/\/kraftiapet.com\/wp-content\/uploads\/2025\/10\/vida_nativa_range-copy-300x132.webp 300w\" sizes=\"auto, (max-width: 563px) 100vw, 563px\" \/><\/figure>\n<\/div>\n\n\n\n<div class=\"wp-block-column is-layout-flow wp-block-column-is-layout-flow\" style=\"padding-top:var(--wp--preset--spacing--60);padding-bottom:var(--wp--preset--spacing--60);flex-basis:33.32%\">\n<div class=\"wp-block-columns is-layout-flex wp-container-core-columns-is-layout-28f84493 wp-block-columns-is-layout-flex\">\n<div class=\"wp-block-column is-layout-flow wp-block-column-is-layout-flow\" style=\"padding-top:var(--wp--preset--spacing--40);padding-bottom:var(--wp--preset--spacing--40)\">\n<div class=\"wp-block-buttons is-content-justification-center is-layout-flex wp-container-core-buttons-is-layout-a89b3969 wp-block-buttons-is-layout-flex\">\n<div class=\"wp-block-button\"><a class=\"wp-block-button__link has-text-align-center has-custom-font-size wp-element-button\" href=\"https:\/\/kraftiapet.com\/pt-br\/brands\/vida-nativa\/?fproduct=cat-food\" style=\"border-radius:24px;padding-top:0;padding-bottom:0;font-size:14px\">Para gatos<\/a><\/div>\n<\/div>\n\n\n\n<div class=\"wp-block-buttons is-content-justification-center is-layout-flex wp-container-core-buttons-is-layout-a89b3969 wp-block-buttons-is-layout-flex\">\n<div class=\"wp-block-button\"><a class=\"wp-block-button__link has-text-align-center has-custom-font-size wp-element-button\" href=\"https:\/\/kraftiapet.com\/pt-br\/brands\/vida-nativa\/?fproduct=dog-food\" style=\"border-radius:24px;font-size:14px\">Para c\u00e3es<\/a><\/div>\n<\/div>\n<\/div>\n<\/div>\n<\/div>\n<\/div>\n\n<div class=\"wp-block-media-text is-stacked-on-mobile has-background\" style=\"border-style:none;border-width:0px;background:linear-gradient(135deg,rgba(152,152,152,0.5) 0%,rgb(174,174,174) 100%);margin-top:0;margin-bottom:0;padding-top:var(--wp--preset--spacing--40);padding-bottom:var(--wp--preset--spacing--40);grid-template-columns:15% auto\" id=\"vidasuper\"><figure class=\"wp-block-media-text__media\"><img loading=\"lazy\" decoding=\"async\" width=\"1080\" height=\"1080\" src=\"https:\/\/kraftiapet.com\/wp-content\/uploads\/2025\/09\/4-1024x1024.png\" alt=\"\" class=\"wp-image-433 size-full\" srcset=\"https:\/\/kraftiapet.com\/wp-content\/uploads\/2025\/09\/4-1024x1024.png 1024w, https:\/\/kraftiapet.com\/wp-content\/uploads\/2025\/09\/4-300x300.png 300w, https:\/\/kraftiapet.com\/wp-content\/uploads\/2025\/09\/4-100x100.png 100w, https:\/\/kraftiapet.com\/wp-content\/uploads\/2025\/09\/4-600x600.png 600w, https:\/\/kraftiapet.com\/wp-content\/uploads\/2025\/09\/4-150x150.png 150w, https:\/\/kraftiapet.com\/wp-content\/uploads\/2025\/09\/4-768x768.png 768w, https:\/\/kraftiapet.com\/wp-content\/uploads\/2025\/09\/4.png 1080w\" sizes=\"auto, (max-width: 1080px) 100vw, 1080px\" \/><\/figure><div class=\"wp-block-media-text__content\">\n<h2 class=\"wp-block-heading has-white-color has-text-color has-link-color wp-elements-7cfb2547bf0a61214a3620ce9de7ac99\" style=\"margin-top:var(--wp--preset--spacing--20);margin-bottom:var(--wp--preset--spacing--20);padding-top:0;padding-bottom:0;font-size:clamp(15.747px, 0.984rem + ((1vw - 3.2px) * 0.645), 24px);\">Vida Super<\/h2>\n\n\n\n<p class=\"has-palette-color-5-color has-text-color has-link-color wp-elements-6e2e7756a0cf24e799b47caf8909ac4e\" style=\"font-size:clamp(14px, 0.875rem + ((1vw - 3.2px) * 0.313), 18px);\">As receitas da Vida Super trazem todos os benef\u00edcios da natureza diretamente para a tigela do seu animal de estima\u00e7\u00e3o, com uma variedade de misturas de sabores que satisfazem todas as prefer\u00eancias. Essa ra\u00e7\u00e3o de alta qualidade \u00e9 feita com ingredientes naturais cuidadosamente selecionados e preparados na hora, com gr\u00e3os.   <\/p>\n<\/div><\/div>\n\n<div class=\"wp-block-columns has-palette-color-6-background-color has-background is-layout-flex wp-container-core-columns-is-layout-ff679dcb wp-block-columns-is-layout-flex\" style=\"margin-top:0;margin-bottom:0;padding-top:var(--wp--preset--spacing--20);padding-bottom:var(--wp--preset--spacing--20)\">\n<div class=\"wp-block-column is-layout-flow wp-block-column-is-layout-flow\" style=\"flex-basis:66.68%\">\n<figure class=\"wp-block-image size-full\" style=\"margin-top:0;margin-bottom:0\"><img loading=\"lazy\" decoding=\"async\" width=\"800\" height=\"381\" src=\"https:\/\/kraftiapet.com\/wp-content\/uploads\/2025\/10\/vida-super-range.webp\" alt=\"\" class=\"wp-image-2275\" srcset=\"https:\/\/kraftiapet.com\/wp-content\/uploads\/2025\/10\/vida-super-range.webp 800w, https:\/\/kraftiapet.com\/wp-content\/uploads\/2025\/10\/vida-super-range-300x143.webp 300w, https:\/\/kraftiapet.com\/wp-content\/uploads\/2025\/10\/vida-super-range-768x366.webp 768w, https:\/\/kraftiapet.com\/wp-content\/uploads\/2025\/10\/vida-super-range-600x286.webp 600w\" sizes=\"auto, (max-width: 800px) 100vw, 800px\" \/><\/figure>\n<\/div>\n\n\n\n<div class=\"wp-block-column is-layout-flow wp-block-column-is-layout-flow\" style=\"flex-basis:33.32%\">\n<div class=\"wp-block-columns is-layout-flex wp-container-core-columns-is-layout-a54e0cfc wp-block-columns-is-layout-flex\" style=\"padding-top:var(--wp--preset--spacing--60);padding-bottom:var(--wp--preset--spacing--60)\">\n<div class=\"wp-block-column is-layout-flow wp-block-column-is-layout-flow\" style=\"padding-top:var(--wp--preset--spacing--40);padding-bottom:var(--wp--preset--spacing--40)\">\n<div class=\"wp-block-buttons is-content-justification-center is-layout-flex wp-container-core-buttons-is-layout-a89b3969 wp-block-buttons-is-layout-flex\">\n<div class=\"wp-block-button\"><a class=\"wp-block-button__link has-custom-font-size wp-element-button\" href=\"https:\/\/kraftiapet.com\/pt-br\/brands\/vida-super\/?fproduct=cat-food\" style=\"border-radius:24px;padding-top:0;padding-bottom:0;font-size:14px\">Para gatos<\/a><\/div>\n<\/div>\n\n\n\n<div class=\"wp-block-buttons is-content-justification-center is-layout-flex wp-container-core-buttons-is-layout-a89b3969 wp-block-buttons-is-layout-flex\">\n<div class=\"wp-block-button\"><a class=\"wp-block-button__link has-custom-font-size wp-element-button\" href=\"https:\/\/kraftiapet.com\/pt-br\/brands\/vida-super\/?fproduct=dog-food\" style=\"border-radius:24px;font-size:14px\">Para c\u00e3es<\/a><\/div>\n<\/div>\n<\/div>\n<\/div>\n<\/div>\n<\/div>\n\n<p><\/p>\n","protected":false},"excerpt":{"rendered":"<p>Vida Nativa Receitas nutritivas e saud\u00e1veis, elaboradas com ingredientes selecionados e preparados na hora, com varia\u00e7\u00f5es de sabores atraentes. \u00c9 uma linha completa e equilibrada de receitas saborosas que fornecem todos os nutrientes essenciais, proporcionando aos c\u00e3es e gatos uma base para a sa\u00fade e a vitalidade. Vida Super As receitas da Vida Super trazem [&hellip;]<\/p>\n","protected":false},"author":1,"featured_media":0,"parent":0,"menu_order":0,"comment_status":"closed","ping_status":"closed","template":"","meta":{"_acf_changed":false,"footnotes":""},"class_list":["post-7392","page","type-page","status-publish","hentry"],"blocksy_meta":{"background":{"background_type":"image","background_pattern":"type-1","background_image":{"attachment_id":2421,"x":0.4699999999999999733546474089962430298328399658203125,"y":0.4699999999999999733546474089962430298328399658203125,"url":"https:\/\/kraftiapet.com\/wp-content\/uploads\/2025\/10\/seter-1024x690.webp"},"gradient":"linear-gradient(135deg,rgba(6,147,227,1) 0%,rgb(155,81,224) 100%)","background_repeat":"no-repeat","background_size":"auto","background_attachment":"scroll","patternColor":{"default":{"color":"#e5e7ea"}},"overlayColor":{"default":{"color":"CT_CSS_SKIP_RULE"}},"backgroundColor":{"default":{"color":"#ffffff"}}},"styles_descriptor":{"styles":{"desktop":"[data-prefix=\"single_page\"] {background-position:47% 47%;background-repeat:no-repeat;background-color:#ffffff;background-image:url(https:\/\/kraftiapet.com\/wp-content\/uploads\/2025\/10\/seter.webp);}","tablet":"","mobile":""},"google_fonts":[],"version":6}},"acf":[],"_links":{"self":[{"href":"https:\/\/kraftiapet.com\/pt-br\/wp-json\/wp\/v2\/pages\/7392","targetHints":{"allow":["GET"]}}],"collection":[{"href":"https:\/\/kraftiapet.com\/pt-br\/wp-json\/wp\/v2\/pages"}],"about":[{"href":"https:\/\/kraftiapet.com\/pt-br\/wp-json\/wp\/v2\/types\/page"}],"author":[{"embeddable":true,"href":"https:\/\/kraftiapet.com\/pt-br\/wp-json\/wp\/v2\/users\/1"}],"replies":[{"embeddable":true,"href":"https:\/\/kraftiapet.com\/pt-br\/wp-json\/wp\/v2\/comments?post=7392"}],"version-history":[{"count":3,"href":"https:\/\/kraftiapet.com\/pt-br\/wp-json\/wp\/v2\/pages\/7392\/revisions"}],"predecessor-version":[{"id":7941,"href":"https:\/\/kraftiapet.com\/pt-br\/wp-json\/wp\/v2\/pages\/7392\/revisions\/7941"}],"wp:attachment":[{"href":"https:\/\/kraftiapet.com\/pt-br\/wp-json\/wp\/v2\/media?parent=7392"}],"curies":[{"name":"wp","href":"https:\/\/api.w.org\/{rel}","templated":true}]}}