{"id":7405,"date":"2025-08-29T12:31:49","date_gmt":"2025-08-29T12:31:49","guid":{"rendered":"https:\/\/kraftiapet.com\/?page_id=7405"},"modified":"2026-04-29T12:50:05","modified_gmt":"2026-04-29T12:50:05","slug":"qualidade-e-ciencia","status":"publish","type":"page","link":"https:\/\/kraftiapet.com\/pt-br\/qualidade-e-ciencia\/","title":{"rendered":"Qualidade e ci\u00eancia"},"content":{"rendered":"\n<h2 class=\"wp-block-heading has-vivid-cyan-blue-color has-text-color has-link-color wp-elements-4d350f7152f4ac232cb52b6093fe135b\" style=\"margin-top:var(--wp--preset--spacing--80);margin-bottom:var(--wp--preset--spacing--80)\">Seguran\u00e7a alimentar e padr\u00f5es de qualidade<\/h2>\n\n<div class=\"wp-block-columns is-layout-flex wp-container-core-columns-is-layout-28f84493 wp-block-columns-is-layout-flex\">\n<div class=\"wp-block-column is-layout-flow wp-block-column-is-layout-flow\" style=\"flex-basis:33.33%\">\n<p class=\"has-palette-color-3-color has-palette-color-5-background-color has-text-color has-background has-link-color has-medium-font-size wp-elements-68433ea6d185a668d0320b5173940fc6\" style=\"margin-top:var(--wp--preset--spacing--30);margin-bottom:var(--wp--preset--spacing--30)\"><strong>\u201cCada produto que fabricamos passa por rigorosos controles de seguran\u00e7a para garantir a mais alta qualidade e valor nutricional para os pets.\u201d<\/strong><\/p>\n<\/div>\n\n\n\n<div class=\"wp-block-column is-layout-flow wp-block-column-is-layout-flow\" style=\"flex-basis:66.66%\">\n<p style=\"margin-top:var(--wp--preset--spacing--30);margin-bottom:var(--wp--preset--spacing--30);font-size:clamp(14px, 0.875rem + ((1vw - 3.2px) * 0.469), 20px);\">Na Kraftia, estamos comprometidos com os mais altos protocolos de seguran\u00e7a, garantindo que cada produto atenda a rigorosos padr\u00f5es de qualidade. Cada produto que produzimos passa por inspe\u00e7\u00f5es de seguran\u00e7a completas para garantir a mais alta qualidade e a nutri\u00e7\u00e3o ideal. <\/p>\n<\/div>\n<\/div>\n\n<figure class=\"wp-block-image alignright size-large is-resized\"><img loading=\"lazy\" decoding=\"async\" width=\"1024\" height=\"714\" src=\"https:\/\/kraftiapet.com\/wp-content\/uploads\/2025\/10\/quality-1024x714.webp\" alt=\"\" class=\"wp-image-2516\" style=\"width:370px;height:auto\" srcset=\"https:\/\/kraftiapet.com\/wp-content\/uploads\/2025\/10\/quality-1024x714.webp 1024w, https:\/\/kraftiapet.com\/wp-content\/uploads\/2025\/10\/quality-300x209.webp 300w, https:\/\/kraftiapet.com\/wp-content\/uploads\/2025\/10\/quality-768x536.webp 768w, https:\/\/kraftiapet.com\/wp-content\/uploads\/2025\/10\/quality-1536x1071.webp 1536w, https:\/\/kraftiapet.com\/wp-content\/uploads\/2025\/10\/quality-600x418.webp 600w, https:\/\/kraftiapet.com\/wp-content\/uploads\/2025\/10\/quality.webp 1920w\" sizes=\"auto, (max-width: 1024px) 100vw, 1024px\" \/><\/figure>\n\n<p class=\"has-medium-font-size\"><strong>Padr\u00f5es globais e conformidade<\/strong><\/p>\n\n<p class=\"has-palette-color-3-color has-text-color has-link-color wp-elements-408ac0580d9594a917b1d94d2b2b89fd\">Os mais rigorosos padr\u00f5es internacionais:<br\/>Sistemas integrados (<strong>ISO 9001, ISO 14001, ISO 45001<\/strong>)<br\/>Princ\u00edpios Gerais de Higiene (<strong>GHP<\/strong>) e sistema <strong>HACCP<\/strong> (Quality Austria)<br\/><strong>FS 8.0<\/strong> &#8211; padr\u00e3o internacional de seguran\u00e7a de alimentos (Bureau Veritas), com uma pontua\u00e7\u00e3o de 97,25% no n\u00edvel mais alto e status IFS Star, confirmado por uma inspe\u00e7\u00e3o sem aviso pr\u00e9vio.<br\/>Atendemos aos padr\u00f5es regulat\u00f3rios de todos os pa\u00edses para os quais exportamos. (Nossos produtos s\u00e3o desenvolvidos e produzidos de acordo com as leis e os regulamentos de exporta\u00e7\u00e3o de todos os mercados de destino.<br\/>Nossa produ\u00e7\u00e3o atende aos padr\u00f5es veterin\u00e1rios nacionais e internacionais para garantir a seguran\u00e7a e a qualidade do produto. Cumprimos rigorosamente os regulamentos veterin\u00e1rios e todos os requisitos legais relevantes para a seguran\u00e7a dos alimentos para animais de estima\u00e7\u00e3o. <\/p>\n\n<h2 class=\"wp-block-heading has-palette-color-3-color has-text-color has-link-color has-medium-font-size wp-elements-7c617fa301f0e499c461dd03fc0bf2df\">Controle de mat\u00e9rias-primas<\/h2>\n\n<div class=\"wp-block-columns is-layout-flex wp-container-core-columns-is-layout-28f84493 wp-block-columns-is-layout-flex\">\n<div class=\"wp-block-column is-layout-flow wp-block-column-is-layout-flow\" style=\"flex-basis:33.33%\"><\/div>\n\n\n\n<div class=\"wp-block-column is-layout-flow wp-block-column-is-layout-flow\" style=\"flex-basis:66.67%\">\n<h2 class=\"wp-block-heading has-text-align-right has-palette-color-3-color has-palette-color-5-background-color has-text-color has-background has-link-color has-medium-font-size wp-elements-3e3f4275b4f5a07dab9ecdc59a84389b\">&#8220;Sem concess\u00f5es na qualidade dos ingredientes.&#8221;<\/h2>\n<\/div>\n<\/div>\n\n<p>Trabalhamos exclusivamente com fornecedores aprovados, cuidadosamente selecionados por meio de nosso processo interno de qualifica\u00e7\u00e3o. Todas as mat\u00e9rias-primas passam por rigorosas inspe\u00e7\u00f5es de recebimento, incluindo testes microbiol\u00f3gicos, an\u00e1lises nutricionais e triagem de contaminantes. <\/p>\n\n<h2 class=\"wp-block-heading has-palette-color-3-color has-text-color has-link-color has-medium-font-size wp-elements-019a20397fbedb2f34f9d5c5ccad815b\">Seguran\u00e7a do processo de produ\u00e7\u00e3o<\/h2>\n\n<p>Cada etapa do nosso processo de produ\u00e7\u00e3o \u00e9 monitorada e controlada por meio de <strong>pontos de controle<\/strong> claramente definidos, garantindo a seguran\u00e7a e a consist\u00eancia do produto.<br\/><br\/>Nosso sistema de controle \u00e9 apoiado por tecnologias automatizadas que monitoram e regulam par\u00e2metros cr\u00edticos.<br\/><br\/>As instala\u00e7\u00f5es passam por auditorias internas regulares e inspe\u00e7\u00f5es de terceiros para garantir conformidade com os padr\u00f5es de seguran\u00e7a dos produtos e promover a melhoria cont\u00ednua.<\/p>\n\n<h2 class=\"wp-block-heading has-palette-color-3-color has-text-color has-link-color has-medium-font-size wp-elements-7b1cd842a0d008d9b08e4376365863aa\">Testes e controle de qualidade<\/h2>\n\n<p>Todos os produtos acabados passam por an\u00e1lises laboratoriais para garantir <strong>qualidade e seguran\u00e7a<\/strong> consistentes. Os protocolos de testes incluem verifica\u00e7\u00f5es de composi\u00e7\u00e3o nutricional, seguran\u00e7a microbiol\u00f3gica, metais pesados e micotoxinas \u2014 em total conformidade com os padr\u00f5es regulat\u00f3rios aplic\u00e1veis. Cada lote de produ\u00e7\u00e3o \u00e9 testado individualmente e acompanhado por um certificado espec\u00edfico do lote, garantindo total rastreabilidade e garantia de qualidade do produto.  <\/p>\n\n<h2 class=\"wp-block-heading has-palette-color-3-color has-text-color has-link-color has-medium-font-size wp-elements-7b7eb0005d90066719999f63338592d6\">Rastreabilidade e transpar\u00eancia<\/h2>\n\n<p>Acreditamos na transpar\u00eancia total \u2014 desde o fornecimento de mat\u00e9rias-primas at\u00e9 a entrega do produto final. Nossos sistemas digitais rastreiam cada etapa (SAP, WMS), enquanto cada embalagem cont\u00e9m um c\u00f3digo QR, c\u00f3digo EAN e n\u00famero de lote para garantir rastreabilidade completa e confian\u00e7a. <\/p>\n\n<h2 class=\"wp-block-heading has-palette-color-3-color has-text-color has-link-color has-medium-font-size wp-elements-dfd7bc618f5a90aeaae68401a99b9279\">Certifica\u00e7\u00f5es e auditorias<\/h2>\n\n<p>A lista completa de padr\u00f5es e relat\u00f3rios certificados pode ser solicitada \u00e0 nossa diretora Tatjana Spai\u0107.<\/p>\n\n<h2 class=\"wp-block-heading has-palette-color-3-color has-text-color has-link-color has-medium-font-size wp-elements-178194e326951120a455de9bb63ce47d\">Melhoria cont\u00ednua<\/h2>\n\n<p>Na Kraftia, estamos comprometidos com a melhoria cont\u00ednua por meio de investimentos constantes em tecnologia e capacita\u00e7\u00e3o de colaboradores. Ao trabalhar em estreita colabora\u00e7\u00e3o com veterin\u00e1rios, nutricionistas e institui\u00e7\u00f5es cient\u00edficas, garantimos que nossos produtos e pr\u00e1ticas estejam sempre evoluindo para atender aos mais altos padr\u00f5es. <\/p>\n\n<h2 class=\"wp-block-heading has-text-align-left has-vivid-cyan-blue-color has-text-color has-link-color wp-elements-79d88e90fd4698d32ce17cd96e5263d8\"><br\/>Pesquisa e desenvolvimento (P&amp;D)<br\/><\/h2>\n\n<div class=\"wp-block-columns is-layout-flex wp-container-core-columns-is-layout-28f84493 wp-block-columns-is-layout-flex\">\n<div class=\"wp-block-column is-layout-flow wp-block-column-is-layout-flow\" style=\"flex-basis:66.66%\">\n<h2 class=\"wp-block-heading has-palette-color-3-color has-text-color has-link-color has-medium-font-size wp-elements-0790782e5ae19aa0e015fb6696ec808f\">Formula\u00e7\u00f5es refinadas criadas por especialistas<\/h2>\n\n\n\n<p>No cora\u00e7\u00e3o da nossa linha de alimentos premium para pets est\u00e1 o compromisso com a excel\u00eancia cient\u00edfica. Nossa equipe de veterin\u00e1rios, nutricionistas e cientistas de alimentos trabalha em colabora\u00e7\u00e3o para desenvolver receitas meticulosamente elaboradas, projetadas para superar os mais altos padr\u00f5es de sa\u00fade e bem-estar dos pets. <\/p>\n<\/div>\n\n\n\n<div class=\"wp-block-column is-layout-flow wp-block-column-is-layout-flow\" style=\"flex-basis:33.33%\">\n<h2 class=\"wp-block-heading has-palette-color-3-color has-palette-color-5-background-color has-text-color has-background has-link-color has-medium-font-size wp-elements-3a800ec3f51d083a42a8cb5095194dc5\">&#8220;Na Kraftia, a nutri\u00e7\u00e3o \u00e9 orientada pela ci\u00eancia. Nossa equipe de P&amp;D garante que cada receita seja respaldada por pesquisas e adaptada \u00e0s necessidades reais dos pets.&#8221; <\/h2>\n<\/div>\n<\/div>\n\n<h2 class=\"wp-block-heading has-palette-color-3-color has-text-color has-link-color has-medium-font-size wp-elements-bad09b409425663d923352d0684153cd\">Precis\u00e3o nutricional avan\u00e7ada<\/h2>\n\n<p>Utilizamos pesquisas de ponta em nutri\u00e7\u00e3o de pets para desenvolver f\u00f3rmulas personalizadas e espec\u00edficas por esp\u00e9cie. Seja para a digest\u00e3o sens\u00edvel do seu gato ou para as necessidades ideais de energia do seu c\u00e3o, nosso processo de P&amp;D garante que cada ingrediente e propor\u00e7\u00e3o de nutrientes sejam escolhidos como prioridade para a sa\u00fade do seu pet. <\/p>\n\n<p><\/p>\n","protected":false},"excerpt":{"rendered":"<p>Seguran\u00e7a alimentar e padr\u00f5es de qualidade \u201cCada produto que fabricamos passa por rigorosos controles de seguran\u00e7a para garantir a mais alta qualidade e valor nutricional para os pets.\u201d Na Kraftia, estamos comprometidos com os mais altos protocolos de seguran\u00e7a, garantindo que cada produto atenda a rigorosos padr\u00f5es de qualidade. Cada produto que produzimos passa por [&hellip;]<\/p>\n","protected":false},"author":1,"featured_media":0,"parent":0,"menu_order":0,"comment_status":"closed","ping_status":"closed","template":"","meta":{"_acf_changed":false,"footnotes":""},"class_list":["post-7405","page","type-page","status-publish","hentry"],"blocksy_meta":[],"acf":[],"_links":{"self":[{"href":"https:\/\/kraftiapet.com\/pt-br\/wp-json\/wp\/v2\/pages\/7405","targetHints":{"allow":["GET"]}}],"collection":[{"href":"https:\/\/kraftiapet.com\/pt-br\/wp-json\/wp\/v2\/pages"}],"about":[{"href":"https:\/\/kraftiapet.com\/pt-br\/wp-json\/wp\/v2\/types\/page"}],"author":[{"embeddable":true,"href":"https:\/\/kraftiapet.com\/pt-br\/wp-json\/wp\/v2\/users\/1"}],"replies":[{"embeddable":true,"href":"https:\/\/kraftiapet.com\/pt-br\/wp-json\/wp\/v2\/comments?post=7405"}],"version-history":[{"count":6,"href":"https:\/\/kraftiapet.com\/pt-br\/wp-json\/wp\/v2\/pages\/7405\/revisions"}],"predecessor-version":[{"id":7449,"href":"https:\/\/kraftiapet.com\/pt-br\/wp-json\/wp\/v2\/pages\/7405\/revisions\/7449"}],"wp:attachment":[{"href":"https:\/\/kraftiapet.com\/pt-br\/wp-json\/wp\/v2\/media?parent=7405"}],"curies":[{"name":"wp","href":"https:\/\/api.w.org\/{rel}","templated":true}]}}