{"id":7453,"date":"2025-10-06T11:30:25","date_gmt":"2025-10-06T11:30:25","guid":{"rendered":"https:\/\/kraftiapet.com\/?post_type=product&#038;p=7453"},"modified":"2026-04-28T09:25:05","modified_gmt":"2026-04-28T09:25:05","slug":"wm-weight-management-2","status":"publish","type":"product","link":"https:\/\/kraftiapet.com\/pt-br\/product\/wm-weight-management-2\/","title":{"rendered":"WM Weight Management"},"content":{"rendered":"","protected":false},"excerpt":{"rendered":"<p>WM Weight Management \u2013 Craftia Galena Veterinary \u00e9 uma ra\u00e7\u00e3o diet\u00e9tica completa para gatos, desenvolvida como ra\u00e7\u00e3o veterin\u00e1ria para gatos para controle de peso e obesidade. Foi formulada para promover uma redu\u00e7\u00e3o de peso segura e eficaz por meio do controle preciso de calorias e de um equil\u00edbrio ideal de nutrientes. Essa dieta veterin\u00e1ria apoia o metabolismo da gordura, ajuda a manter a massa muscular magra e contribui para a estabilidade metab\u00f3lica geral.  <\/p>\n<p><strong>QUANDO USAR GALENA WEIGHT MANAGEMENT?<\/strong><\/p>\n<ul>\n<li>Para redu\u00e7\u00e3o e controle do excesso de peso corporal<\/li>\n<li>Apoia o metabolismo da gordura e a preserva\u00e7\u00e3o da massa muscular magra<\/li>\n<li>Promove o equil\u00edbrio energ\u00e9tico saud\u00e1vel e a saciedade<\/li>\n<li>Recomendado para gatos com sobrepeso e obesos<\/li>\n<li>Ajuda a manter a condi\u00e7\u00e3o corporal ideal ap\u00f3s a perda de peso<\/li>\n<\/ul>\n","protected":false},"featured_media":7455,"comment_status":"open","ping_status":"closed","template":"","meta":{"_acf_changed":false},"pwb-brand":[],"product_brand":[607],"product_cat":[609,608],"product_tag":[],"class_list":{"0":"post-7453","1":"product","2":"type-product","3":"status-publish","4":"has-post-thumbnail","6":"product_brand-craftia-galena","7":"product_cat-adult-cat","8":"product_cat-cat-food","10":"first","11":"instock","12":"taxable","13":"shipping-taxable","14":"product-type-variable"},"acf":[],"brands":[],"_links":{"self":[{"href":"https:\/\/kraftiapet.com\/pt-br\/wp-json\/wp\/v2\/product\/7453","targetHints":{"allow":["GET"]}}],"collection":[{"href":"https:\/\/kraftiapet.com\/pt-br\/wp-json\/wp\/v2\/product"}],"about":[{"href":"https:\/\/kraftiapet.com\/pt-br\/wp-json\/wp\/v2\/types\/product"}],"replies":[{"embeddable":true,"href":"https:\/\/kraftiapet.com\/pt-br\/wp-json\/wp\/v2\/comments?post=7453"}],"wp:featuredmedia":[{"embeddable":true,"href":"https:\/\/kraftiapet.com\/pt-br\/wp-json\/wp\/v2\/media\/7455"}],"wp:attachment":[{"href":"https:\/\/kraftiapet.com\/pt-br\/wp-json\/wp\/v2\/media?parent=7453"}],"wp:term":[{"taxonomy":"pwb-brand","embeddable":true,"href":"https:\/\/kraftiapet.com\/pt-br\/wp-json\/wp\/v2\/pwb-brand?post=7453"},{"taxonomy":"product_brand","embeddable":true,"href":"https:\/\/kraftiapet.com\/pt-br\/wp-json\/wp\/v2\/product_brand?post=7453"},{"taxonomy":"product_cat","embeddable":true,"href":"https:\/\/kraftiapet.com\/pt-br\/wp-json\/wp\/v2\/product_cat?post=7453"},{"taxonomy":"product_tag","embeddable":true,"href":"https:\/\/kraftiapet.com\/pt-br\/wp-json\/wp\/v2\/product_tag?post=7453"}],"curies":[{"name":"wp","href":"https:\/\/api.w.org\/{rel}","templated":true}]}}