{"id":7460,"date":"2025-10-06T11:58:33","date_gmt":"2025-10-06T11:58:33","guid":{"rendered":"https:\/\/kraftiapet.com\/?post_type=product&#038;p=7460"},"modified":"2026-04-28T09:25:04","modified_gmt":"2026-04-28T09:25:04","slug":"gc-gastrointestinal-care-2","status":"publish","type":"product","link":"https:\/\/kraftiapet.com\/pt-br\/product\/gc-gastrointestinal-care-2\/","title":{"rendered":"GC Gastrointestinal Care"},"content":{"rendered":"","protected":false},"excerpt":{"rendered":"<p>&lt;p&gt;GC Gastrointestinal Care \u2013 Craftia Galena Veterinary \u00e9 uma ra\u00e7\u00e3o diet\u00e9tica completa para gatos, formulada como ra\u00e7\u00e3o veterin\u00e1ria para gatos para suporte digestivo e cuidado gastrointestinal. Foi desenvolvida para reduzir os dist\u00farbios de absor\u00e7\u00e3o intestinal e compensar a m\u00e1 digest\u00e3o e a insufici\u00eancia pancre\u00e1tica ex\u00f3crina. A dieta inclui ingredientes altamente diger\u00edveis com n\u00edveis elevados de s\u00f3dio e pot\u00e1ssio para estabilizar o equil\u00edbrio eletrol\u00edtico, apoiar a recupera\u00e7\u00e3o intestinal e melhorar a assimila\u00e7\u00e3o de nutrientes.  &lt;\/p&gt;<br \/>\n&lt;p&gt;&lt;strong&gt;QUANDO USAR GALENA GASTROINTESTINAL CARE? &lt;\/strong&gt;&lt;\/p&gt;<br \/>\n&lt;ul&gt;<br \/>\n&lt;&gt;&lt;Para redu\u00e7\u00e3o de dist\u00farbios de absor\u00e7\u00e3o intestinal&gt;<br \/>\n&lt;li&gt;Como compensa\u00e7\u00e3o por m\u00e1 digest\u00e3o ou insufici\u00eancia pancre\u00e1tica &lt;\/li&gt;<br \/>\n&lt;li&gt;Auxilia no desempenho digestivo e na absor\u00e7\u00e3o de nutrientes&lt;\/li&gt;<br \/>\n&lt;li&gt;Aumenta a estabilidade eletrol\u00edtica com s\u00f3dio e pot\u00e1ssio&lt;\/li&gt;<br \/>\n&lt;li&gt;Recomendado para gatos com problemas gastrointestinais cr\u00f4nicos ou agudos&lt;\/li&gt;<br \/>\n&lt;\/ul&gt;<\/p>\n","protected":false},"featured_media":7463,"comment_status":"open","ping_status":"closed","template":"","meta":{"_acf_changed":false},"pwb-brand":[],"product_brand":[607],"product_cat":[609,608],"product_tag":[],"class_list":{"0":"post-7460","1":"product","2":"type-product","3":"status-publish","4":"has-post-thumbnail","6":"product_brand-craftia-galena","7":"product_cat-adult-cat","8":"product_cat-cat-food","10":"first","11":"instock","12":"taxable","13":"shipping-taxable","14":"product-type-variable"},"acf":[],"brands":[],"_links":{"self":[{"href":"https:\/\/kraftiapet.com\/pt-br\/wp-json\/wp\/v2\/product\/7460","targetHints":{"allow":["GET"]}}],"collection":[{"href":"https:\/\/kraftiapet.com\/pt-br\/wp-json\/wp\/v2\/product"}],"about":[{"href":"https:\/\/kraftiapet.com\/pt-br\/wp-json\/wp\/v2\/types\/product"}],"replies":[{"embeddable":true,"href":"https:\/\/kraftiapet.com\/pt-br\/wp-json\/wp\/v2\/comments?post=7460"}],"wp:featuredmedia":[{"embeddable":true,"href":"https:\/\/kraftiapet.com\/pt-br\/wp-json\/wp\/v2\/media\/7463"}],"wp:attachment":[{"href":"https:\/\/kraftiapet.com\/pt-br\/wp-json\/wp\/v2\/media?parent=7460"}],"wp:term":[{"taxonomy":"pwb-brand","embeddable":true,"href":"https:\/\/kraftiapet.com\/pt-br\/wp-json\/wp\/v2\/pwb-brand?post=7460"},{"taxonomy":"product_brand","embeddable":true,"href":"https:\/\/kraftiapet.com\/pt-br\/wp-json\/wp\/v2\/product_brand?post=7460"},{"taxonomy":"product_cat","embeddable":true,"href":"https:\/\/kraftiapet.com\/pt-br\/wp-json\/wp\/v2\/product_cat?post=7460"},{"taxonomy":"product_tag","embeddable":true,"href":"https:\/\/kraftiapet.com\/pt-br\/wp-json\/wp\/v2\/product_tag?post=7460"}],"curies":[{"name":"wp","href":"https:\/\/api.w.org\/{rel}","templated":true}]}}