{"id":7461,"date":"2025-10-07T06:57:56","date_gmt":"2025-10-07T06:57:56","guid":{"rendered":"https:\/\/kraftiapet.com\/?post_type=product&#038;p=7461"},"modified":"2026-04-28T09:25:02","modified_gmt":"2026-04-28T09:25:02","slug":"ur-urinary-care","status":"publish","type":"product","link":"https:\/\/kraftiapet.com\/pt-br\/product\/ur-urinary-care\/","title":{"rendered":"UR Urinary Care"},"content":{"rendered":"","protected":false},"excerpt":{"rendered":"<p>UR Urinary Care \u2013 Craftia Galena Veterinary \u00e9 uma ra\u00e7\u00e3o diet\u00e9tica completa para gatos, desenvolvida como ra\u00e7\u00e3o veterin\u00e1ria para cuidados urin\u00e1rios e preven\u00e7\u00e3o de estruvita. \u00c9 formulada para a dissolu\u00e7\u00e3o de c\u00e1lculos de estruvita, redu\u00e7\u00e3o da recorr\u00eancia de c\u00e1lculos e manejo da doen\u00e7a do trato urin\u00e1rio inferior felino (FLUTD). Essa dieta apresenta propriedades acidificantes da urina e baixo teor de magn\u00e9sio, ajudando a manter a sa\u00fade urin\u00e1ria, prevenir a forma\u00e7\u00e3o de cristais e apoiar a fun\u00e7\u00e3o geral da bexiga.  <\/p>\n<p><strong>QUANDO USAR GALENA URINARY CARE?<\/strong><\/p>\n<ul>\n<li>Para dissolu\u00e7\u00e3o de c\u00e1lculos de estruvita<\/li>\n<li>Reduz a recorr\u00eancia de c\u00e1lculos urin\u00e1rios<\/li>\n<li>Oferece suporte ao tratamento da doen\u00e7a do trato urin\u00e1rio inferior dos felinos (FLUTD)<\/li>\n<li>As propriedades acidificantes da urina promovem o equil\u00edbrio ideal do pH<\/li>\n<li>O baixo teor de magn\u00e9sio ajuda a prevenir a forma\u00e7\u00e3o de cristais<\/li>\n<li>Recomendado para gatos com tend\u00eancia a dist\u00farbios urin\u00e1rios ou cistite recorrente<\/li>\n<\/ul>\n","protected":false},"featured_media":7462,"comment_status":"open","ping_status":"closed","template":"","meta":{"_acf_changed":false},"pwb-brand":[],"product_brand":[607],"product_cat":[609,608],"product_tag":[],"class_list":{"0":"post-7461","1":"product","2":"type-product","3":"status-publish","4":"has-post-thumbnail","6":"product_brand-craftia-galena","7":"product_cat-adult-cat","8":"product_cat-cat-food","10":"first","11":"instock","12":"taxable","13":"shipping-taxable","14":"product-type-variable"},"acf":[],"brands":[],"_links":{"self":[{"href":"https:\/\/kraftiapet.com\/pt-br\/wp-json\/wp\/v2\/product\/7461","targetHints":{"allow":["GET"]}}],"collection":[{"href":"https:\/\/kraftiapet.com\/pt-br\/wp-json\/wp\/v2\/product"}],"about":[{"href":"https:\/\/kraftiapet.com\/pt-br\/wp-json\/wp\/v2\/types\/product"}],"replies":[{"embeddable":true,"href":"https:\/\/kraftiapet.com\/pt-br\/wp-json\/wp\/v2\/comments?post=7461"}],"wp:featuredmedia":[{"embeddable":true,"href":"https:\/\/kraftiapet.com\/pt-br\/wp-json\/wp\/v2\/media\/7462"}],"wp:attachment":[{"href":"https:\/\/kraftiapet.com\/pt-br\/wp-json\/wp\/v2\/media?parent=7461"}],"wp:term":[{"taxonomy":"pwb-brand","embeddable":true,"href":"https:\/\/kraftiapet.com\/pt-br\/wp-json\/wp\/v2\/pwb-brand?post=7461"},{"taxonomy":"product_brand","embeddable":true,"href":"https:\/\/kraftiapet.com\/pt-br\/wp-json\/wp\/v2\/product_brand?post=7461"},{"taxonomy":"product_cat","embeddable":true,"href":"https:\/\/kraftiapet.com\/pt-br\/wp-json\/wp\/v2\/product_cat?post=7461"},{"taxonomy":"product_tag","embeddable":true,"href":"https:\/\/kraftiapet.com\/pt-br\/wp-json\/wp\/v2\/product_tag?post=7461"}],"curies":[{"name":"wp","href":"https:\/\/api.w.org\/{rel}","templated":true}]}}