{"id":7468,"date":"2025-10-07T07:12:42","date_gmt":"2025-10-07T07:12:42","guid":{"rendered":"https:\/\/kraftiapet.com\/?post_type=product&#038;p=7468"},"modified":"2026-04-28T09:25:01","modified_gmt":"2026-04-28T09:25:01","slug":"dc-diabetic-care","status":"publish","type":"product","link":"https:\/\/kraftiapet.com\/pt-br\/product\/dc-diabetic-care\/","title":{"rendered":"DC Diabetic Care"},"content":{"rendered":"","protected":false},"excerpt":{"rendered":"<p>DC Diabetic Care \u2013 Craftia Galena Veterinary \u00e9 uma ra\u00e7\u00e3o diet\u00e9tica completa para gatos, formulada como ra\u00e7\u00e3o veterin\u00e1ria para gatos com diabetes e controle da glicose. Ajuda a controlar o fornecimento de glicose em gatos com Diabetes mellitus por meio de um perfil nutricional equilibrado. A formula\u00e7\u00e3o apresenta baixo teor de monossacar\u00eddeos e dissacar\u00eddeos, promovendo n\u00edveis est\u00e1veis de a\u00e7\u00facar no sangue e apoiando o equil\u00edbrio metab\u00f3lico geral.  <\/p>\n<p><strong>QUANDO USAR GALENA DIABETIC CARE?<\/strong><\/p>\n<ul>\n<li>Para gatos com diabetes mellitus<\/li>\n<li>Ajuda a regular o fornecimento de glicose<\/li>\n<li>Ajuda a manter n\u00edveis est\u00e1veis de glicose no sangue<\/li>\n<li>Baixo teor de monossacar\u00eddeos e dissacar\u00eddeos<\/li>\n<li>Recomendado para o manejo diet\u00e9tico de longo prazo de gatos diab\u00e9ticos<\/li>\n<\/ul>\n","protected":false},"featured_media":7470,"comment_status":"open","ping_status":"closed","template":"","meta":{"_acf_changed":false},"pwb-brand":[],"product_brand":[607],"product_cat":[609,608],"product_tag":[],"class_list":{"0":"post-7468","1":"product","2":"type-product","3":"status-publish","4":"has-post-thumbnail","6":"product_brand-craftia-galena","7":"product_cat-adult-cat","8":"product_cat-cat-food","10":"first","11":"instock","12":"taxable","13":"shipping-taxable","14":"product-type-variable"},"acf":[],"brands":[],"_links":{"self":[{"href":"https:\/\/kraftiapet.com\/pt-br\/wp-json\/wp\/v2\/product\/7468","targetHints":{"allow":["GET"]}}],"collection":[{"href":"https:\/\/kraftiapet.com\/pt-br\/wp-json\/wp\/v2\/product"}],"about":[{"href":"https:\/\/kraftiapet.com\/pt-br\/wp-json\/wp\/v2\/types\/product"}],"replies":[{"embeddable":true,"href":"https:\/\/kraftiapet.com\/pt-br\/wp-json\/wp\/v2\/comments?post=7468"}],"wp:featuredmedia":[{"embeddable":true,"href":"https:\/\/kraftiapet.com\/pt-br\/wp-json\/wp\/v2\/media\/7470"}],"wp:attachment":[{"href":"https:\/\/kraftiapet.com\/pt-br\/wp-json\/wp\/v2\/media?parent=7468"}],"wp:term":[{"taxonomy":"pwb-brand","embeddable":true,"href":"https:\/\/kraftiapet.com\/pt-br\/wp-json\/wp\/v2\/pwb-brand?post=7468"},{"taxonomy":"product_brand","embeddable":true,"href":"https:\/\/kraftiapet.com\/pt-br\/wp-json\/wp\/v2\/product_brand?post=7468"},{"taxonomy":"product_cat","embeddable":true,"href":"https:\/\/kraftiapet.com\/pt-br\/wp-json\/wp\/v2\/product_cat?post=7468"},{"taxonomy":"product_tag","embeddable":true,"href":"https:\/\/kraftiapet.com\/pt-br\/wp-json\/wp\/v2\/product_tag?post=7468"}],"curies":[{"name":"wp","href":"https:\/\/api.w.org\/{rel}","templated":true}]}}