{"id":7469,"date":"2025-10-06T12:07:59","date_gmt":"2025-10-06T12:07:59","guid":{"rendered":"https:\/\/kraftiapet.com\/?post_type=product&#038;p=7469"},"modified":"2026-04-28T09:25:04","modified_gmt":"2026-04-28T09:25:04","slug":"rc-renal-care-2","status":"publish","type":"product","link":"https:\/\/kraftiapet.com\/pt-br\/product\/rc-renal-care-2\/","title":{"rendered":"RC Renal Care"},"content":{"rendered":"","protected":false},"excerpt":{"rendered":"<p>RC Renal Care \u2013 Craftia Galena Veterinary \u00e9 uma ra\u00e7\u00e3o diet\u00e9tica completa para gatos, formulada como ra\u00e7\u00e3o veterin\u00e1ria para gatos para suporte renal e cuidados com os rins. Foi desenvolvida para apoiar a fun\u00e7\u00e3o renal em casos de insufici\u00eancia renal cr\u00f4nica ou tempor\u00e1ria. A f\u00f3rmula ajuda a reduzir a carga de trabalho dos rins, manter n\u00edveis minerais equilibrados e apoiar o apetite e a vitalidade em gatos com insufici\u00eancia renal.  <\/p>\n<p><strong>QUANDO USAR GALENA RENAL CARE?<\/strong><\/p>\n<ul>\n<li>Para insufici\u00eancia renal cr\u00f4nica ou tempor\u00e1ria<\/li>\n<li>Apoia a fun\u00e7\u00e3o renal e a desintoxica\u00e7\u00e3o<\/li>\n<li>Ajuda a equilibrar os n\u00edveis de f\u00f3sforo e s\u00f3dio<\/li>\n<li>Promove a hidrata\u00e7\u00e3o e o apetite<\/li>\n<li>Recomendado para gatos com dist\u00farbios renais ou relacionados \u00e0 idade<\/li>\n<\/ul>\n","protected":false},"featured_media":7471,"comment_status":"open","ping_status":"closed","template":"","meta":{"_acf_changed":false},"pwb-brand":[],"product_brand":[607],"product_cat":[609,608],"product_tag":[],"class_list":{"0":"post-7469","1":"product","2":"type-product","3":"status-publish","4":"has-post-thumbnail","6":"product_brand-craftia-galena","7":"product_cat-adult-cat","8":"product_cat-cat-food","10":"first","11":"instock","12":"taxable","13":"shipping-taxable","14":"product-type-variable"},"acf":[],"brands":[],"_links":{"self":[{"href":"https:\/\/kraftiapet.com\/pt-br\/wp-json\/wp\/v2\/product\/7469","targetHints":{"allow":["GET"]}}],"collection":[{"href":"https:\/\/kraftiapet.com\/pt-br\/wp-json\/wp\/v2\/product"}],"about":[{"href":"https:\/\/kraftiapet.com\/pt-br\/wp-json\/wp\/v2\/types\/product"}],"replies":[{"embeddable":true,"href":"https:\/\/kraftiapet.com\/pt-br\/wp-json\/wp\/v2\/comments?post=7469"}],"wp:featuredmedia":[{"embeddable":true,"href":"https:\/\/kraftiapet.com\/pt-br\/wp-json\/wp\/v2\/media\/7471"}],"wp:attachment":[{"href":"https:\/\/kraftiapet.com\/pt-br\/wp-json\/wp\/v2\/media?parent=7469"}],"wp:term":[{"taxonomy":"pwb-brand","embeddable":true,"href":"https:\/\/kraftiapet.com\/pt-br\/wp-json\/wp\/v2\/pwb-brand?post=7469"},{"taxonomy":"product_brand","embeddable":true,"href":"https:\/\/kraftiapet.com\/pt-br\/wp-json\/wp\/v2\/product_brand?post=7469"},{"taxonomy":"product_cat","embeddable":true,"href":"https:\/\/kraftiapet.com\/pt-br\/wp-json\/wp\/v2\/product_cat?post=7469"},{"taxonomy":"product_tag","embeddable":true,"href":"https:\/\/kraftiapet.com\/pt-br\/wp-json\/wp\/v2\/product_tag?post=7469"}],"curies":[{"name":"wp","href":"https:\/\/api.w.org\/{rel}","templated":true}]}}