{"id":7485,"date":"2025-10-07T08:55:42","date_gmt":"2025-10-07T08:55:42","guid":{"rendered":"https:\/\/kraftiapet.com\/?post_type=product&#038;p=7485"},"modified":"2026-04-28T09:24:59","modified_gmt":"2026-04-28T09:24:59","slug":"gc-gastrointestinal-care","status":"publish","type":"product","link":"https:\/\/kraftiapet.com\/pt-br\/product\/gc-gastrointestinal-care\/","title":{"rendered":"GC Gastrointestinal Care"},"content":{"rendered":"","protected":false},"excerpt":{"rendered":"<p>GC Gastrointestinal Care \u2013 Craftia Galena Veterinary \u00e9 uma ra\u00e7\u00e3o diet\u00e9tica completa para c\u00e3es, formulada como ra\u00e7\u00e3o veterin\u00e1ria para suporte digestivo e cuidados gastrointestinais. \u00c9 desenvolvida para auxiliar na redu\u00e7\u00e3o de dist\u00farbios de absor\u00e7\u00e3o intestinal e como suporte em casos de m\u00e1 digest\u00e3o e insufici\u00eancia pancre\u00e1tica ex\u00f3crina. Essa f\u00f3rmula altamente digest\u00edvel fornece n\u00edveis aumentados de s\u00f3dio e pot\u00e1ssio, ajudando a manter o equil\u00edbrio eletrol\u00edtico, restaurar a absor\u00e7\u00e3o de nutrientes e promover uma digest\u00e3o saud\u00e1vel.  <\/p>\n<p><strong>QUANDO USAR GALENA GASTROINTESTINAL CARE?<\/strong><\/p>\n<ul>\n<li>Para dist\u00farbios de absor\u00e7\u00e3o intestinal e m\u00e1 digest\u00e3o<\/li>\n<li>Oferece suporte a c\u00e3es com insufici\u00eancia pancre\u00e1tica ex\u00f3crina<\/li>\n<li>Altamente diger\u00edvel com eletr\u00f3litos balanceados<\/li>\n<li>Melhora a absor\u00e7\u00e3o de nutrientes e a qualidade das fezes<\/li>\n<li>Recomendado para c\u00e3es com digest\u00e3o sens\u00edvel ou comprometida<\/li>\n<\/ul>\n","protected":false},"featured_media":7487,"comment_status":"open","ping_status":"closed","template":"","meta":{"_acf_changed":false},"pwb-brand":[],"product_brand":[607],"product_cat":[614,613],"product_tag":[],"class_list":{"0":"post-7485","1":"product","2":"type-product","3":"status-publish","4":"has-post-thumbnail","6":"product_brand-craftia-galena","7":"product_cat-adult-dog","8":"product_cat-dog-food","10":"first","11":"instock","12":"taxable","13":"shipping-taxable","14":"product-type-variable"},"acf":[],"brands":[],"_links":{"self":[{"href":"https:\/\/kraftiapet.com\/pt-br\/wp-json\/wp\/v2\/product\/7485","targetHints":{"allow":["GET"]}}],"collection":[{"href":"https:\/\/kraftiapet.com\/pt-br\/wp-json\/wp\/v2\/product"}],"about":[{"href":"https:\/\/kraftiapet.com\/pt-br\/wp-json\/wp\/v2\/types\/product"}],"replies":[{"embeddable":true,"href":"https:\/\/kraftiapet.com\/pt-br\/wp-json\/wp\/v2\/comments?post=7485"}],"wp:featuredmedia":[{"embeddable":true,"href":"https:\/\/kraftiapet.com\/pt-br\/wp-json\/wp\/v2\/media\/7487"}],"wp:attachment":[{"href":"https:\/\/kraftiapet.com\/pt-br\/wp-json\/wp\/v2\/media?parent=7485"}],"wp:term":[{"taxonomy":"pwb-brand","embeddable":true,"href":"https:\/\/kraftiapet.com\/pt-br\/wp-json\/wp\/v2\/pwb-brand?post=7485"},{"taxonomy":"product_brand","embeddable":true,"href":"https:\/\/kraftiapet.com\/pt-br\/wp-json\/wp\/v2\/product_brand?post=7485"},{"taxonomy":"product_cat","embeddable":true,"href":"https:\/\/kraftiapet.com\/pt-br\/wp-json\/wp\/v2\/product_cat?post=7485"},{"taxonomy":"product_tag","embeddable":true,"href":"https:\/\/kraftiapet.com\/pt-br\/wp-json\/wp\/v2\/product_tag?post=7485"}],"curies":[{"name":"wp","href":"https:\/\/api.w.org\/{rel}","templated":true}]}}