{"id":7492,"date":"2025-10-07T11:34:35","date_gmt":"2025-10-07T11:34:35","guid":{"rendered":"https:\/\/kraftiapet.com\/?post_type=product&#038;p=7492"},"modified":"2026-04-28T09:24:58","modified_gmt":"2026-04-28T09:24:58","slug":"cc-calming-care","status":"publish","type":"product","link":"https:\/\/kraftiapet.com\/pt-br\/product\/cc-calming-care\/","title":{"rendered":"CC Calming Care"},"content":{"rendered":"","protected":false},"excerpt":{"rendered":"<p>Galena Calming Care \u00e9 uma ra\u00e7\u00e3o diet\u00e9tica completa para c\u00e3es, formulada como ra\u00e7\u00e3o veterin\u00e1ria para acalmar e auxiliar no controle do estresse. Ajuda os c\u00e3es a lidarem com situa\u00e7\u00f5es estressantes e reduz problemas comportamentais associados, como ansiedade, inquieta\u00e7\u00e3o ou hiperatividade. Essa f\u00f3rmula veterin\u00e1ria promove o equil\u00edbrio emocional e a tranquilidade sem o uso de sedativos.  <\/p>\n<p><strong>QUANDO USAR GALENA CALMING CARE?<\/strong><\/p>\n<ul>\n<li>Durante situa\u00e7\u00f5es estressantes, como viagens, consultas veterin\u00e1rias ou ru\u00eddos altos<\/li>\n<li>Para c\u00e3es que apresentam sinais de ansiedade ou hiperatividade<\/li>\n<li>Para apoiar o equil\u00edbrio emocional e promover o relaxamento<\/li>\n<li>Como auxiliar complementar \u00e0 terapia comportamental<\/li>\n<li>Para preven\u00e7\u00e3o do estresse a longo prazo e promo\u00e7\u00e3o do bem-estar<\/li>\n<\/ul>\n","protected":false},"featured_media":7494,"comment_status":"open","ping_status":"closed","template":"","meta":{"_acf_changed":false},"pwb-brand":[],"product_brand":[607],"product_cat":[614,613],"product_tag":[],"class_list":{"0":"post-7492","1":"product","2":"type-product","3":"status-publish","4":"has-post-thumbnail","6":"product_brand-craftia-galena","7":"product_cat-adult-dog","8":"product_cat-dog-food","10":"first","11":"instock","12":"taxable","13":"shipping-taxable","14":"product-type-variable"},"acf":[],"brands":[],"_links":{"self":[{"href":"https:\/\/kraftiapet.com\/pt-br\/wp-json\/wp\/v2\/product\/7492","targetHints":{"allow":["GET"]}}],"collection":[{"href":"https:\/\/kraftiapet.com\/pt-br\/wp-json\/wp\/v2\/product"}],"about":[{"href":"https:\/\/kraftiapet.com\/pt-br\/wp-json\/wp\/v2\/types\/product"}],"replies":[{"embeddable":true,"href":"https:\/\/kraftiapet.com\/pt-br\/wp-json\/wp\/v2\/comments?post=7492"}],"wp:featuredmedia":[{"embeddable":true,"href":"https:\/\/kraftiapet.com\/pt-br\/wp-json\/wp\/v2\/media\/7494"}],"wp:attachment":[{"href":"https:\/\/kraftiapet.com\/pt-br\/wp-json\/wp\/v2\/media?parent=7492"}],"wp:term":[{"taxonomy":"pwb-brand","embeddable":true,"href":"https:\/\/kraftiapet.com\/pt-br\/wp-json\/wp\/v2\/pwb-brand?post=7492"},{"taxonomy":"product_brand","embeddable":true,"href":"https:\/\/kraftiapet.com\/pt-br\/wp-json\/wp\/v2\/product_brand?post=7492"},{"taxonomy":"product_cat","embeddable":true,"href":"https:\/\/kraftiapet.com\/pt-br\/wp-json\/wp\/v2\/product_cat?post=7492"},{"taxonomy":"product_tag","embeddable":true,"href":"https:\/\/kraftiapet.com\/pt-br\/wp-json\/wp\/v2\/product_tag?post=7492"}],"curies":[{"name":"wp","href":"https:\/\/api.w.org\/{rel}","templated":true}]}}