{"id":7493,"date":"2025-10-07T09:18:46","date_gmt":"2025-10-07T09:18:46","guid":{"rendered":"https:\/\/kraftiapet.com\/?post_type=product&#038;p=7493"},"modified":"2026-04-28T09:24:59","modified_gmt":"2026-04-28T09:24:59","slug":"rc-renal-care","status":"publish","type":"product","link":"https:\/\/kraftiapet.com\/pt-br\/product\/rc-renal-care\/","title":{"rendered":"RC Renal Care"},"content":{"rendered":"","protected":false},"excerpt":{"rendered":"<p>RC Renal Care \u2013 Craftia Galena Veterinary \u00e9 uma ra\u00e7\u00e3o diet\u00e9tica completa para c\u00e3es, desenvolvida como ra\u00e7\u00e3o veterin\u00e1ria para suporte renal e cuidados com os rins. \u00c9 formulada para apoiar a fun\u00e7\u00e3o renal em casos de insufici\u00eancia renal cr\u00f4nica ou tempor\u00e1ria. Essa dieta especializada ajuda a reduzir a carga de trabalho dos rins, mant\u00e9m os n\u00edveis minerais equilibrados e contribui para a vitalidade geral de c\u00e3es com fun\u00e7\u00e3o renal comprometida.  <\/p>\n<p><strong>QUANDO USAR GALENA RENAL CARE?<\/strong><\/p>\n<ul>\n<li>Para insufici\u00eancia renal cr\u00f4nica ou tempor\u00e1ria<\/li>\n<li>Apoia a fun\u00e7\u00e3o renal e a desintoxica\u00e7\u00e3o<\/li>\n<li>Ajuda a equilibrar os n\u00edveis de f\u00f3sforo e s\u00f3dio<\/li>\n<li>Estimula o apetite e a hidrata\u00e7\u00e3o<\/li>\n<li>Recomendado para c\u00e3es com condi\u00e7\u00f5es renais ou problemas renais relacionados ao envelhecimento<\/li>\n<\/ul>\n","protected":false},"featured_media":7495,"comment_status":"open","ping_status":"closed","template":"","meta":{"_acf_changed":false},"pwb-brand":[],"product_brand":[607],"product_cat":[614,613],"product_tag":[],"class_list":{"0":"post-7493","1":"product","2":"type-product","3":"status-publish","4":"has-post-thumbnail","6":"product_brand-craftia-galena","7":"product_cat-adult-dog","8":"product_cat-dog-food","10":"first","11":"instock","12":"taxable","13":"shipping-taxable","14":"product-type-variable"},"acf":[],"brands":[],"_links":{"self":[{"href":"https:\/\/kraftiapet.com\/pt-br\/wp-json\/wp\/v2\/product\/7493","targetHints":{"allow":["GET"]}}],"collection":[{"href":"https:\/\/kraftiapet.com\/pt-br\/wp-json\/wp\/v2\/product"}],"about":[{"href":"https:\/\/kraftiapet.com\/pt-br\/wp-json\/wp\/v2\/types\/product"}],"replies":[{"embeddable":true,"href":"https:\/\/kraftiapet.com\/pt-br\/wp-json\/wp\/v2\/comments?post=7493"}],"wp:featuredmedia":[{"embeddable":true,"href":"https:\/\/kraftiapet.com\/pt-br\/wp-json\/wp\/v2\/media\/7495"}],"wp:attachment":[{"href":"https:\/\/kraftiapet.com\/pt-br\/wp-json\/wp\/v2\/media?parent=7493"}],"wp:term":[{"taxonomy":"pwb-brand","embeddable":true,"href":"https:\/\/kraftiapet.com\/pt-br\/wp-json\/wp\/v2\/pwb-brand?post=7493"},{"taxonomy":"product_brand","embeddable":true,"href":"https:\/\/kraftiapet.com\/pt-br\/wp-json\/wp\/v2\/product_brand?post=7493"},{"taxonomy":"product_cat","embeddable":true,"href":"https:\/\/kraftiapet.com\/pt-br\/wp-json\/wp\/v2\/product_cat?post=7493"},{"taxonomy":"product_tag","embeddable":true,"href":"https:\/\/kraftiapet.com\/pt-br\/wp-json\/wp\/v2\/product_tag?post=7493"}],"curies":[{"name":"wp","href":"https:\/\/api.w.org\/{rel}","templated":true}]}}