{"id":7500,"date":"2025-10-07T11:43:47","date_gmt":"2025-10-07T11:43:47","guid":{"rendered":"https:\/\/kraftiapet.com\/?post_type=product&#038;p=7500"},"modified":"2026-04-28T09:24:57","modified_gmt":"2026-04-28T09:24:57","slug":"wjmc-weight-joint-mobility-care","status":"publish","type":"product","link":"https:\/\/kraftiapet.com\/pt-br\/product\/wjmc-weight-joint-mobility-care\/","title":{"rendered":"WJMC Weight &amp; Joint Mobility Care"},"content":{"rendered":"","protected":false},"excerpt":{"rendered":"<p>WJMC Weight &amp; Joint Mobility Care \u2014 Craftia Galena Veterinary \u00e9 um alimento diet\u00e9tico completo para c\u00e3es, formulado como ra\u00e7\u00e3o veterin\u00e1ria para controle de peso e suporte articular. \u00c9 indicado para a redu\u00e7\u00e3o do excesso de peso corporal e para o suporte do metabolismo das articula\u00e7\u00f5es em casos de osteoartrite. A dieta apresenta teor energ\u00e9tico controlado, n\u00edveis ideais de prote\u00edna e nutrientes espec\u00edficos para manter a massa muscular magra, apoiar a integridade da cartilagem e promover a mobilidade.  <\/p>\n<p><strong>QUANDO USAR GALENA WEIGHT &amp; JOINT MOBILITY CARE?<\/strong><\/p>\n<ul>\n<li>Para controle de peso e obesidade<\/li>\n<li>Suporte ao metabolismo articular em casos de osteoartrite<\/li>\n<li>Melhora a mobilidade e a flexibilidade<\/li>\n<li>Ajuda a manter a massa muscular durante a perda de peso<\/li>\n<li>Recomendado para c\u00e3es com sobrepeso ou idosos com sobrecarga articular<\/li>\n<\/ul>\n","protected":false},"featured_media":7503,"comment_status":"open","ping_status":"closed","template":"","meta":{"_acf_changed":false},"pwb-brand":[],"product_brand":[607],"product_cat":[614,613],"product_tag":[],"class_list":{"0":"post-7500","1":"product","2":"type-product","3":"status-publish","4":"has-post-thumbnail","6":"product_brand-craftia-galena","7":"product_cat-adult-dog","8":"product_cat-dog-food","10":"first","11":"instock","12":"taxable","13":"shipping-taxable","14":"product-type-variable"},"acf":[],"brands":[],"_links":{"self":[{"href":"https:\/\/kraftiapet.com\/pt-br\/wp-json\/wp\/v2\/product\/7500","targetHints":{"allow":["GET"]}}],"collection":[{"href":"https:\/\/kraftiapet.com\/pt-br\/wp-json\/wp\/v2\/product"}],"about":[{"href":"https:\/\/kraftiapet.com\/pt-br\/wp-json\/wp\/v2\/types\/product"}],"replies":[{"embeddable":true,"href":"https:\/\/kraftiapet.com\/pt-br\/wp-json\/wp\/v2\/comments?post=7500"}],"wp:featuredmedia":[{"embeddable":true,"href":"https:\/\/kraftiapet.com\/pt-br\/wp-json\/wp\/v2\/media\/7503"}],"wp:attachment":[{"href":"https:\/\/kraftiapet.com\/pt-br\/wp-json\/wp\/v2\/media?parent=7500"}],"wp:term":[{"taxonomy":"pwb-brand","embeddable":true,"href":"https:\/\/kraftiapet.com\/pt-br\/wp-json\/wp\/v2\/pwb-brand?post=7500"},{"taxonomy":"product_brand","embeddable":true,"href":"https:\/\/kraftiapet.com\/pt-br\/wp-json\/wp\/v2\/product_brand?post=7500"},{"taxonomy":"product_cat","embeddable":true,"href":"https:\/\/kraftiapet.com\/pt-br\/wp-json\/wp\/v2\/product_cat?post=7500"},{"taxonomy":"product_tag","embeddable":true,"href":"https:\/\/kraftiapet.com\/pt-br\/wp-json\/wp\/v2\/product_tag?post=7500"}],"curies":[{"name":"wp","href":"https:\/\/api.w.org\/{rel}","templated":true}]}}