{"id":7501,"date":"2025-10-07T10:32:58","date_gmt":"2025-10-07T10:32:58","guid":{"rendered":"https:\/\/kraftiapet.com\/?post_type=product&#038;p=7501"},"modified":"2026-04-28T09:24:59","modified_gmt":"2026-04-28T09:24:59","slug":"jc-joint-mobility-care","status":"publish","type":"product","link":"https:\/\/kraftiapet.com\/pt-br\/product\/jc-joint-mobility-care\/","title":{"rendered":"JC Joint &amp; Mobility Care"},"content":{"rendered":"","protected":false},"excerpt":{"rendered":"<p>JC Joint &amp; Mobility Care \u2013 Galena Veterinary \u00e9 uma ra\u00e7\u00e3o diet\u00e9tica completa para c\u00e3es adultos, formulada como ra\u00e7\u00e3o veterin\u00e1ria para suporte articular e mobilidade. Ajuda a manter o metabolismo das articula\u00e7\u00f5es em casos de osteoartrite e apoia a flexibilidade, a regenera\u00e7\u00e3o da cartilagem e o conforto articular. Ideal para c\u00e3es adultos e idosos que apresentam rigidez ou mobilidade reduzida devido \u00e0 idade ou \u00e0 sobrecarga articular.  <\/p>\n<p><strong>QUANDO USAR GALENA JOINT &amp; MOBILITY CARE?<\/strong><\/p>\n<ul>\n<li>Apoia o metabolismo das articula\u00e7\u00f5es na osteoartrite<\/li>\n<li>Promove a regenera\u00e7\u00e3o da cartilagem e a flexibilidade<\/li>\n<li>Melhora a mobilidade e o conforto de c\u00e3es adultos<\/li>\n<li>Recomendado para c\u00e3es com rigidez ou dor articular<\/li>\n<li>Ajuda a manter a sa\u00fade e a mobilidade articular a longo prazo<\/li>\n<\/ul>\n","protected":false},"featured_media":7502,"comment_status":"open","ping_status":"closed","template":"","meta":{"_acf_changed":false},"pwb-brand":[],"product_brand":[607],"product_cat":[614,613],"product_tag":[],"class_list":{"0":"post-7501","1":"product","2":"type-product","3":"status-publish","4":"has-post-thumbnail","6":"product_brand-craftia-galena","7":"product_cat-adult-dog","8":"product_cat-dog-food","10":"first","11":"instock","12":"taxable","13":"shipping-taxable","14":"product-type-variable"},"acf":[],"brands":[],"_links":{"self":[{"href":"https:\/\/kraftiapet.com\/pt-br\/wp-json\/wp\/v2\/product\/7501","targetHints":{"allow":["GET"]}}],"collection":[{"href":"https:\/\/kraftiapet.com\/pt-br\/wp-json\/wp\/v2\/product"}],"about":[{"href":"https:\/\/kraftiapet.com\/pt-br\/wp-json\/wp\/v2\/types\/product"}],"replies":[{"embeddable":true,"href":"https:\/\/kraftiapet.com\/pt-br\/wp-json\/wp\/v2\/comments?post=7501"}],"wp:featuredmedia":[{"embeddable":true,"href":"https:\/\/kraftiapet.com\/pt-br\/wp-json\/wp\/v2\/media\/7502"}],"wp:attachment":[{"href":"https:\/\/kraftiapet.com\/pt-br\/wp-json\/wp\/v2\/media?parent=7501"}],"wp:term":[{"taxonomy":"pwb-brand","embeddable":true,"href":"https:\/\/kraftiapet.com\/pt-br\/wp-json\/wp\/v2\/pwb-brand?post=7501"},{"taxonomy":"product_brand","embeddable":true,"href":"https:\/\/kraftiapet.com\/pt-br\/wp-json\/wp\/v2\/product_brand?post=7501"},{"taxonomy":"product_cat","embeddable":true,"href":"https:\/\/kraftiapet.com\/pt-br\/wp-json\/wp\/v2\/product_cat?post=7501"},{"taxonomy":"product_tag","embeddable":true,"href":"https:\/\/kraftiapet.com\/pt-br\/wp-json\/wp\/v2\/product_tag?post=7501"}],"curies":[{"name":"wp","href":"https:\/\/api.w.org\/{rel}","templated":true}]}}