{"id":7508,"date":"2025-10-07T11:03:31","date_gmt":"2025-10-07T11:03:31","guid":{"rendered":"https:\/\/kraftiapet.com\/?post_type=product&#038;p=7508"},"modified":"2026-04-28T09:24:59","modified_gmt":"2026-04-28T09:24:59","slug":"rcc-recovery-convalescence-care","status":"publish","type":"product","link":"https:\/\/kraftiapet.com\/pt-br\/product\/rcc-recovery-convalescence-care\/","title":{"rendered":"RCC Recovery &amp; Convalescence Care"},"content":{"rendered":"","protected":false},"excerpt":{"rendered":"<p>RCC Recovery &amp; Convalescence Care \u2013 Galena Veterinary \u00e9 uma ra\u00e7\u00e3o diet\u00e9tica completa para c\u00e3es, formulada como ra\u00e7\u00e3o veterin\u00e1ria para recupera\u00e7\u00e3o e convalescen\u00e7a. Desenvolvida para apoiar a restaura\u00e7\u00e3o nutricional, esta f\u00f3rmula oferece alta densidade energ\u00e9tica, concentra\u00e7\u00f5es elevadas de nutrientes essenciais e ingredientes de f\u00e1cil digest\u00e3o. Ajuda os c\u00e3es a recuperar for\u00e7a, apetite e vitalidade durante a recupera\u00e7\u00e3o de doen\u00e7as, cirurgias ou per\u00edodos de fraqueza.  <\/p>\n<p><strong>QUANDO USAR GALENA RECOVERY &amp; CONVALESCENCE CARE?<\/strong><\/p>\n<ul>\n<li>Para restaura\u00e7\u00e3o nutricional durante a recupera\u00e7\u00e3o<\/li>\n<li>Auxilia na recupera\u00e7\u00e3o p\u00f3s-cir\u00fargica e p\u00f3s-doen\u00e7a<\/li>\n<li>F\u00f3rmula com alta densidade energ\u00e9tica e nutrientes essenciais<\/li>\n<li>Ajuda a melhorar o apetite e a vitalidade<\/li>\n<li>Indicado para c\u00e3es em convalescen\u00e7a ou em condi\u00e7\u00f5es de baixo peso<\/li>\n<\/ul>\n","protected":false},"featured_media":7509,"comment_status":"open","ping_status":"closed","template":"","meta":{"_acf_changed":false},"pwb-brand":[],"product_brand":[607],"product_cat":[614,613],"product_tag":[],"class_list":{"0":"post-7508","1":"product","2":"type-product","3":"status-publish","4":"has-post-thumbnail","6":"product_brand-craftia-galena","7":"product_cat-adult-dog","8":"product_cat-dog-food","10":"first","11":"instock","12":"taxable","13":"shipping-taxable","14":"product-type-variable"},"acf":[],"brands":[],"_links":{"self":[{"href":"https:\/\/kraftiapet.com\/pt-br\/wp-json\/wp\/v2\/product\/7508","targetHints":{"allow":["GET"]}}],"collection":[{"href":"https:\/\/kraftiapet.com\/pt-br\/wp-json\/wp\/v2\/product"}],"about":[{"href":"https:\/\/kraftiapet.com\/pt-br\/wp-json\/wp\/v2\/types\/product"}],"replies":[{"embeddable":true,"href":"https:\/\/kraftiapet.com\/pt-br\/wp-json\/wp\/v2\/comments?post=7508"}],"wp:featuredmedia":[{"embeddable":true,"href":"https:\/\/kraftiapet.com\/pt-br\/wp-json\/wp\/v2\/media\/7509"}],"wp:attachment":[{"href":"https:\/\/kraftiapet.com\/pt-br\/wp-json\/wp\/v2\/media?parent=7508"}],"wp:term":[{"taxonomy":"pwb-brand","embeddable":true,"href":"https:\/\/kraftiapet.com\/pt-br\/wp-json\/wp\/v2\/pwb-brand?post=7508"},{"taxonomy":"product_brand","embeddable":true,"href":"https:\/\/kraftiapet.com\/pt-br\/wp-json\/wp\/v2\/product_brand?post=7508"},{"taxonomy":"product_cat","embeddable":true,"href":"https:\/\/kraftiapet.com\/pt-br\/wp-json\/wp\/v2\/product_cat?post=7508"},{"taxonomy":"product_tag","embeddable":true,"href":"https:\/\/kraftiapet.com\/pt-br\/wp-json\/wp\/v2\/product_tag?post=7508"}],"curies":[{"name":"wp","href":"https:\/\/api.w.org\/{rel}","templated":true}]}}