{"id":7512,"date":"2025-10-07T11:11:41","date_gmt":"2025-10-07T11:11:41","guid":{"rendered":"https:\/\/kraftiapet.com\/?post_type=product&#038;p=7512"},"modified":"2026-04-28T09:24:58","modified_gmt":"2026-04-28T09:24:58","slug":"hc-cuidados-hepaticos","status":"publish","type":"product","link":"https:\/\/kraftiapet.com\/pt-br\/product\/hc-cuidados-hepaticos\/","title":{"rendered":"HC Cuidados Hep\u00e1ticos"},"content":{"rendered":"","protected":false},"excerpt":{"rendered":"<p>HC Hepatic Care \u2013 Galena Veterinary \u00e9 uma ra\u00e7\u00e3o diet\u00e9tica completa para c\u00e3es, desenvolvida como ra\u00e7\u00e3o veterin\u00e1ria para suporte hep\u00e1tico e cuidados com o f\u00edgado. \u00c9 formulada para apoiar a fun\u00e7\u00e3o hep\u00e1tica em casos de insufici\u00eancia hep\u00e1tica cr\u00f4nica e ajudar a reduzir a sobrecarga do f\u00edgado. Esta receita cont\u00e9m n\u00edveis moderados de prote\u00ednas selecionadas e altamente digest\u00edveis, que promovem o metabolismo ideal e auxiliam nos processos de desintoxica\u00e7\u00e3o.  <\/p>\n<p><strong>QUANDO USAR GALENA HEPATIC CARE?<\/strong><\/p>\n<ul>\n<li>Para insufici\u00eancia hep\u00e1tica cr\u00f4nica ou aguda<\/li>\n<li>Apoia a regenera\u00e7\u00e3o e a desintoxica\u00e7\u00e3o hep\u00e1tica<\/li>\n<li>Cont\u00e9m n\u00edveis moderados de prote\u00ednas de alta qualidade e alta digestibilidade<\/li>\n<li>Ajuda a reduzir o estresse e a inflama\u00e7\u00e3o hep\u00e1tica<\/li>\n<li>Recomendado para c\u00e3es com fun\u00e7\u00e3o hep\u00e1tica comprometida <\/li>\n<\/ul>\n","protected":false},"featured_media":7513,"comment_status":"open","ping_status":"closed","template":"","meta":{"_acf_changed":false},"pwb-brand":[],"product_brand":[607],"product_cat":[614,613],"product_tag":[],"class_list":{"0":"post-7512","1":"product","2":"type-product","3":"status-publish","4":"has-post-thumbnail","6":"product_brand-craftia-galena","7":"product_cat-adult-dog","8":"product_cat-dog-food","10":"first","11":"instock","12":"taxable","13":"shipping-taxable","14":"product-type-variable"},"acf":[],"brands":[],"_links":{"self":[{"href":"https:\/\/kraftiapet.com\/pt-br\/wp-json\/wp\/v2\/product\/7512","targetHints":{"allow":["GET"]}}],"collection":[{"href":"https:\/\/kraftiapet.com\/pt-br\/wp-json\/wp\/v2\/product"}],"about":[{"href":"https:\/\/kraftiapet.com\/pt-br\/wp-json\/wp\/v2\/types\/product"}],"replies":[{"embeddable":true,"href":"https:\/\/kraftiapet.com\/pt-br\/wp-json\/wp\/v2\/comments?post=7512"}],"wp:featuredmedia":[{"embeddable":true,"href":"https:\/\/kraftiapet.com\/pt-br\/wp-json\/wp\/v2\/media\/7513"}],"wp:attachment":[{"href":"https:\/\/kraftiapet.com\/pt-br\/wp-json\/wp\/v2\/media?parent=7512"}],"wp:term":[{"taxonomy":"pwb-brand","embeddable":true,"href":"https:\/\/kraftiapet.com\/pt-br\/wp-json\/wp\/v2\/pwb-brand?post=7512"},{"taxonomy":"product_brand","embeddable":true,"href":"https:\/\/kraftiapet.com\/pt-br\/wp-json\/wp\/v2\/product_brand?post=7512"},{"taxonomy":"product_cat","embeddable":true,"href":"https:\/\/kraftiapet.com\/pt-br\/wp-json\/wp\/v2\/product_cat?post=7512"},{"taxonomy":"product_tag","embeddable":true,"href":"https:\/\/kraftiapet.com\/pt-br\/wp-json\/wp\/v2\/product_tag?post=7512"}],"curies":[{"name":"wp","href":"https:\/\/api.w.org\/{rel}","templated":true}]}}