{"id":7524,"date":"2025-09-26T10:17:35","date_gmt":"2025-09-26T10:17:35","guid":{"rendered":"https:\/\/kraftiapet.com\/?post_type=product&#038;p=7524"},"modified":"2026-04-28T10:23:12","modified_gmt":"2026-04-28T10:23:12","slug":"chicken-fish-2","status":"publish","type":"product","link":"https:\/\/kraftiapet.com\/pt-br\/product\/chicken-fish-2\/","title":{"rendered":"Chicken &amp; Fish"},"content":{"rendered":"","protected":false},"excerpt":{"rendered":"<p>Craftia Harmona Chicken &amp; Fish \u00e9 uma ra\u00e7\u00e3o seca premium para gatos com frango e peixe. O frango e o peixe formam uma excelente combina\u00e7\u00e3o saborosa: ambos fornecem uma fonte saud\u00e1vel de prote\u00edna, essencial para os gatos, ajudando a manter e apoiar m\u00fasculos fortes e \u00e1geis. O peixe e o \u00f3leo de peixe s\u00e3o importantes para ajudar a manter uma pele saud\u00e1vel e uma pelagem brilhante.  <\/p>\n","protected":false},"featured_media":7525,"comment_status":"open","ping_status":"closed","template":"","meta":{"_acf_changed":false},"pwb-brand":[],"product_brand":[619],"product_cat":[609,608],"product_tag":[],"class_list":{"0":"post-7524","1":"product","2":"type-product","3":"status-publish","4":"has-post-thumbnail","6":"product_brand-craftia-harmona","7":"product_cat-adult-cat","8":"product_cat-cat-food","10":"first","11":"instock","12":"taxable","13":"shipping-taxable","14":"product-type-variable"},"acf":[],"brands":[],"_links":{"self":[{"href":"https:\/\/kraftiapet.com\/pt-br\/wp-json\/wp\/v2\/product\/7524","targetHints":{"allow":["GET"]}}],"collection":[{"href":"https:\/\/kraftiapet.com\/pt-br\/wp-json\/wp\/v2\/product"}],"about":[{"href":"https:\/\/kraftiapet.com\/pt-br\/wp-json\/wp\/v2\/types\/product"}],"replies":[{"embeddable":true,"href":"https:\/\/kraftiapet.com\/pt-br\/wp-json\/wp\/v2\/comments?post=7524"}],"wp:featuredmedia":[{"embeddable":true,"href":"https:\/\/kraftiapet.com\/pt-br\/wp-json\/wp\/v2\/media\/7525"}],"wp:attachment":[{"href":"https:\/\/kraftiapet.com\/pt-br\/wp-json\/wp\/v2\/media?parent=7524"}],"wp:term":[{"taxonomy":"pwb-brand","embeddable":true,"href":"https:\/\/kraftiapet.com\/pt-br\/wp-json\/wp\/v2\/pwb-brand?post=7524"},{"taxonomy":"product_brand","embeddable":true,"href":"https:\/\/kraftiapet.com\/pt-br\/wp-json\/wp\/v2\/product_brand?post=7524"},{"taxonomy":"product_cat","embeddable":true,"href":"https:\/\/kraftiapet.com\/pt-br\/wp-json\/wp\/v2\/product_cat?post=7524"},{"taxonomy":"product_tag","embeddable":true,"href":"https:\/\/kraftiapet.com\/pt-br\/wp-json\/wp\/v2\/product_tag?post=7524"}],"curies":[{"name":"wp","href":"https:\/\/api.w.org\/{rel}","templated":true}]}}