{"id":7529,"date":"2025-09-26T11:17:57","date_gmt":"2025-09-26T11:17:57","guid":{"rendered":"https:\/\/kraftiapet.com\/?post_type=product&#038;p=7529"},"modified":"2026-04-28T10:23:11","modified_gmt":"2026-04-28T10:23:11","slug":"duck-turkey","status":"publish","type":"product","link":"https:\/\/kraftiapet.com\/pt-br\/product\/duck-turkey\/","title":{"rendered":"Duck &amp; Turkey"},"content":{"rendered":"","protected":false},"excerpt":{"rendered":"<p>Craftia Harmona Duck &amp; Turkey \u00e9 uma ra\u00e7\u00e3o seca premium para gatos com pato e peru. O pato e o peru fornecem prote\u00ednas altamente diger\u00edveis, ajudando a manter um sistema imunol\u00f3gico saud\u00e1vel, um cora\u00e7\u00e3o saud\u00e1vel e m\u00fasculos fortes e \u00e1geis. A combina\u00e7\u00e3o de carne de pato e de peru proporciona um sabor que os gatos v\u00e3o adorar.  <\/p>\n","protected":false},"featured_media":7530,"comment_status":"open","ping_status":"closed","template":"","meta":{"_acf_changed":false},"pwb-brand":[],"product_brand":[619],"product_cat":[609,608],"product_tag":[],"class_list":{"0":"post-7529","1":"product","2":"type-product","3":"status-publish","4":"has-post-thumbnail","6":"product_brand-craftia-harmona","7":"product_cat-adult-cat","8":"product_cat-cat-food","10":"first","11":"instock","12":"taxable","13":"shipping-taxable","14":"product-type-variable"},"acf":[],"brands":[],"_links":{"self":[{"href":"https:\/\/kraftiapet.com\/pt-br\/wp-json\/wp\/v2\/product\/7529","targetHints":{"allow":["GET"]}}],"collection":[{"href":"https:\/\/kraftiapet.com\/pt-br\/wp-json\/wp\/v2\/product"}],"about":[{"href":"https:\/\/kraftiapet.com\/pt-br\/wp-json\/wp\/v2\/types\/product"}],"replies":[{"embeddable":true,"href":"https:\/\/kraftiapet.com\/pt-br\/wp-json\/wp\/v2\/comments?post=7529"}],"wp:featuredmedia":[{"embeddable":true,"href":"https:\/\/kraftiapet.com\/pt-br\/wp-json\/wp\/v2\/media\/7530"}],"wp:attachment":[{"href":"https:\/\/kraftiapet.com\/pt-br\/wp-json\/wp\/v2\/media?parent=7529"}],"wp:term":[{"taxonomy":"pwb-brand","embeddable":true,"href":"https:\/\/kraftiapet.com\/pt-br\/wp-json\/wp\/v2\/pwb-brand?post=7529"},{"taxonomy":"product_brand","embeddable":true,"href":"https:\/\/kraftiapet.com\/pt-br\/wp-json\/wp\/v2\/product_brand?post=7529"},{"taxonomy":"product_cat","embeddable":true,"href":"https:\/\/kraftiapet.com\/pt-br\/wp-json\/wp\/v2\/product_cat?post=7529"},{"taxonomy":"product_tag","embeddable":true,"href":"https:\/\/kraftiapet.com\/pt-br\/wp-json\/wp\/v2\/product_tag?post=7529"}],"curies":[{"name":"wp","href":"https:\/\/api.w.org\/{rel}","templated":true}]}}