{"id":7579,"date":"2025-09-29T09:38:41","date_gmt":"2025-09-29T09:38:41","guid":{"rendered":"https:\/\/kraftiapet.com\/?post_type=product&#038;p=7579"},"modified":"2026-04-28T11:48:21","modified_gmt":"2026-04-28T11:48:21","slug":"chicken-turkey","status":"publish","type":"product","link":"https:\/\/kraftiapet.com\/pt-br\/product\/chicken-turkey\/","title":{"rendered":"Chicken &amp; Turkey"},"content":{"rendered":"","protected":false},"excerpt":{"rendered":"<p>Craftia Natura Chicken &amp; Turkey \u00e9 uma ra\u00e7\u00e3o natural premium para filhotes de c\u00e3es de ra\u00e7as pequenas e de brinquedo com frango e peru. O frango e o peru s\u00e3o uma combina\u00e7\u00e3o perfeita. Eles fornecem um equil\u00edbrio saud\u00e1vel de prote\u00ednas que, juntamente com a glucosamina e a condroitina, ajudam a manter os m\u00fasculos, os ossos e as articula\u00e7\u00f5es fortes e saud\u00e1veis: para um c\u00e3o bonito e saud\u00e1vel, cheio de energia natural, mas sem muitas calorias!  <\/p>\n","protected":false},"featured_media":7581,"comment_status":"open","ping_status":"closed","template":"","meta":{"_acf_changed":false},"pwb-brand":[],"product_brand":[632],"product_cat":[633,613],"product_tag":[],"class_list":{"0":"post-7579","1":"product","2":"type-product","3":"status-publish","4":"has-post-thumbnail","6":"product_brand-craftia-natura","7":"product_cat-puppy","8":"product_cat-dog-food","10":"first","11":"instock","12":"taxable","13":"shipping-taxable","14":"product-type-variable"},"acf":[],"brands":[],"_links":{"self":[{"href":"https:\/\/kraftiapet.com\/pt-br\/wp-json\/wp\/v2\/product\/7579","targetHints":{"allow":["GET"]}}],"collection":[{"href":"https:\/\/kraftiapet.com\/pt-br\/wp-json\/wp\/v2\/product"}],"about":[{"href":"https:\/\/kraftiapet.com\/pt-br\/wp-json\/wp\/v2\/types\/product"}],"replies":[{"embeddable":true,"href":"https:\/\/kraftiapet.com\/pt-br\/wp-json\/wp\/v2\/comments?post=7579"}],"wp:featuredmedia":[{"embeddable":true,"href":"https:\/\/kraftiapet.com\/pt-br\/wp-json\/wp\/v2\/media\/7581"}],"wp:attachment":[{"href":"https:\/\/kraftiapet.com\/pt-br\/wp-json\/wp\/v2\/media?parent=7579"}],"wp:term":[{"taxonomy":"pwb-brand","embeddable":true,"href":"https:\/\/kraftiapet.com\/pt-br\/wp-json\/wp\/v2\/pwb-brand?post=7579"},{"taxonomy":"product_brand","embeddable":true,"href":"https:\/\/kraftiapet.com\/pt-br\/wp-json\/wp\/v2\/product_brand?post=7579"},{"taxonomy":"product_cat","embeddable":true,"href":"https:\/\/kraftiapet.com\/pt-br\/wp-json\/wp\/v2\/product_cat?post=7579"},{"taxonomy":"product_tag","embeddable":true,"href":"https:\/\/kraftiapet.com\/pt-br\/wp-json\/wp\/v2\/product_tag?post=7579"}],"curies":[{"name":"wp","href":"https:\/\/api.w.org\/{rel}","templated":true}]}}